{"id":675,"date":"2017-12-15T10:29:07","date_gmt":"2017-12-15T10:29:07","guid":{"rendered":"http:\/\/miradordemorayma.com\/?page_id=675"},"modified":"2023-12-21T12:24:08","modified_gmt":"2023-12-21T12:24:08","slug":"talleres","status":"publish","type":"page","link":"https:\/\/miradordemorayma.com\/en\/talleres\/","title":{"rendered":"Eventos"},"content":{"rendered":"<p><a href=\"https:\/\/i0.wp.com\/miradordemorayma.com\/wp-content\/uploads\/2017\/12\/alimentacion-2-820x406.png\"><img loading=\"lazy\" decoding=\"async\" data-attachment-id=\"694\" data-permalink=\"https:\/\/miradordemorayma.com\/en\/talleres\/alimentacion-2-820x406\/\" data-orig-file=\"https:\/\/i0.wp.com\/miradordemorayma.com\/wp-content\/uploads\/2017\/12\/alimentacion-2-820x406.png?fit=820%2C406&amp;ssl=1\" data-orig-size=\"820,406\" data-comments-opened=\"1\" data-image-meta=\"{&quot;aperture&quot;:&quot;0&quot;,&quot;credit&quot;:&quot;&quot;,&quot;camera&quot;:&quot;&quot;,&quot;caption&quot;:&quot;&quot;,&quot;created_timestamp&quot;:&quot;0&quot;,&quot;copyright&quot;:&quot;&quot;,&quot;focal_length&quot;:&quot;0&quot;,&quot;iso&quot;:&quot;0&quot;,&quot;shutter_speed&quot;:&quot;0&quot;,&quot;title&quot;:&quot;&quot;,&quot;orientation&quot;:&quot;0&quot;}\" data-image-title=\"alimentacion-2-820&#215;406\" data-image-description=\"\" data-image-caption=\"\" data-medium-file=\"https:\/\/i0.wp.com\/miradordemorayma.com\/wp-content\/uploads\/2017\/12\/alimentacion-2-820x406.png?fit=300%2C149&amp;ssl=1\" data-large-file=\"https:\/\/i0.wp.com\/miradordemorayma.com\/wp-content\/uploads\/2017\/12\/alimentacion-2-820x406.png?fit=750%2C371&amp;ssl=1\" tabindex=\"0\" role=\"button\" class=\"wp-image-694 aligncenter\" src=\"https:\/\/i0.wp.com\/miradordemorayma.com\/wp-content\/uploads\/2017\/12\/alimentacion-2-820x406.png?resize=335%2C166\" alt=\"\" width=\"335\" height=\"166\" srcset=\"https:\/\/i0.wp.com\/miradordemorayma.com\/wp-content\/uploads\/2017\/12\/alimentacion-2-820x406.png?resize=300%2C149&amp;ssl=1 300w, https:\/\/i0.wp.com\/miradordemorayma.com\/wp-content\/uploads\/2017\/12\/alimentacion-2-820x406.png?resize=768%2C380&amp;ssl=1 768w, https:\/\/i0.wp.com\/miradordemorayma.com\/wp-content\/uploads\/2017\/12\/alimentacion-2-820x406.png?resize=820%2C406&amp;ssl=1 820w\" sizes=\"(max-width: 335px) 100vw, 335px\" data-recalc-dims=\"1\" \/><\/a><\/p>\n<p style=\"text-align: center;\">Desde Mirador de Morayma nos complace presentarles peri\u00f3dicamente una serie de interesantes talleres y eventos, con los que intercambiar&nbsp;sabidur\u00eda e ilusiones en ambientes&nbsp;din\u00e1micos y participativos.<\/p>\n<p style=\"text-align: center;\">Acogemos ideas de cualquier tipo que vayan en esta linea de ganas de compartir y disfrutar \ud83d\ude42<\/p>\n<p><a href=\"https:\/\/i0.wp.com\/miradordemorayma.com\/wp-content\/uploads\/2017\/12\/38-azulejo-nazarc3ad-complejo-con-multitud-de-piezas-diferentes1.jpg\"><img loading=\"lazy\" decoding=\"async\" data-attachment-id=\"696\" data-permalink=\"https:\/\/miradordemorayma.com\/en\/talleres\/38-azulejo-nazari-complejo-con-multitud-de-piezas-diferentes\/\" data-orig-file=\"https:\/\/i0.wp.com\/miradordemorayma.com\/wp-content\/uploads\/2017\/12\/38-azulejo-nazarc3ad-complejo-con-multitud-de-piezas-diferentes1.jpg?fit=863%2C567&amp;ssl=1\" data-orig-size=\"863,567\" data-comments-opened=\"1\" data-image-meta=\"{&quot;aperture&quot;:&quot;5.6&quot;,&quot;credit&quot;:&quot;&quot;,&quot;camera&quot;:&quot;E-420&quot;,&quot;caption&quot;:&quot;38 - Azulejo nazar\\u00ed complejo con multitud de piezas diferentes.&quot;,&quot;created_timestamp&quot;:&quot;1372880874&quot;,&quot;copyright&quot;:&quot;&quot;,&quot;focal_length&quot;:&quot;42&quot;,&quot;iso&quot;:&quot;100&quot;,&quot;shutter_speed&quot;:&quot;0.0125&quot;,&quot;title&quot;:&quot;38 - Azulejo nazar\\u00ed complejo con multitud de piezas diferentes.&quot;,&quot;orientation&quot;:&quot;1&quot;}\" data-image-title=\"38 &#8211; Azulejo nazar\u00ed complejo con multitud de piezas diferentes.\" data-image-description=\"\" data-image-caption=\"&lt;p&gt;38 &#8211; Azulejo nazar\u00ed complejo con multitud de piezas diferentes.&lt;\/p&gt;\n\" data-medium-file=\"https:\/\/i0.wp.com\/miradordemorayma.com\/wp-content\/uploads\/2017\/12\/38-azulejo-nazarc3ad-complejo-con-multitud-de-piezas-diferentes1.jpg?fit=300%2C197&amp;ssl=1\" data-large-file=\"https:\/\/i0.wp.com\/miradordemorayma.com\/wp-content\/uploads\/2017\/12\/38-azulejo-nazarc3ad-complejo-con-multitud-de-piezas-diferentes1.jpg?fit=750%2C493&amp;ssl=1\" tabindex=\"0\" role=\"button\" class=\"wp-image-696 aligncenter\" src=\"https:\/\/i0.wp.com\/miradordemorayma.com\/wp-content\/uploads\/2017\/12\/38-azulejo-nazarc3ad-complejo-con-multitud-de-piezas-diferentes1.jpg?resize=71%2C47\" alt=\"\" width=\"71\" height=\"47\" srcset=\"https:\/\/i0.wp.com\/miradordemorayma.com\/wp-content\/uploads\/2017\/12\/38-azulejo-nazarc3ad-complejo-con-multitud-de-piezas-diferentes1.jpg?resize=300%2C197&amp;ssl=1 300w, https:\/\/i0.wp.com\/miradordemorayma.com\/wp-content\/uploads\/2017\/12\/38-azulejo-nazarc3ad-complejo-con-multitud-de-piezas-diferentes1.jpg?resize=768%2C505&amp;ssl=1 768w, https:\/\/i0.wp.com\/miradordemorayma.com\/wp-content\/uploads\/2017\/12\/38-azulejo-nazarc3ad-complejo-con-multitud-de-piezas-diferentes1.jpg?w=863&amp;ssl=1 863w\" sizes=\"(max-width: 71px) 100vw, 71px\" data-recalc-dims=\"1\" \/><\/a><\/p>","protected":false},"excerpt":{"rendered":"<p>Desde Mirador de Morayma nos complace presentarles peri\u00f3dicamente una serie de interesantes talleres y eventos, con los que intercambiar&nbsp;sabidur\u00eda e ilusiones en ambientes&nbsp;din\u00e1micos y participativos. Acogemos ideas de cualquier tipo que vayan en esta linea de ganas de compartir y<\/p>\n","protected":false},"author":1,"featured_media":0,"parent":0,"menu_order":4,"comment_status":"closed","ping_status":"closed","template":"","meta":{"jetpack_post_was_ever_published":false,"footnotes":""},"yoast_head":"<!-- This site is optimized with the Yoast SEO plugin v23.5 - https:\/\/yoast.com\/wordpress\/plugins\/seo\/ -->\n<title>Eventos - Mirador de Morayma<\/title>\n<meta name=\"robots\" content=\"index, follow, max-snippet:-1, max-image-preview:large, max-video-preview:-1\" \/>\n<link rel=\"canonical\" href=\"https:\/\/miradordemorayma.com\/talleres\/\" \/>\n<meta property=\"og:locale\" content=\"en_US\" \/>\n<meta property=\"og:type\" content=\"article\" \/>\n<meta property=\"og:title\" content=\"Eventos - Mirador de Morayma\" \/>\n<meta property=\"og:description\" content=\"Desde Mirador de Morayma nos complace presentarles peri\u00f3dicamente una serie de interesantes talleres y eventos, con los que intercambiar&nbsp;sabidur\u00eda e ilusiones en ambientes&nbsp;din\u00e1micos y participativos. Acogemos ideas de cualquier tipo que vayan en esta linea de ganas de compartir y\" \/>\n<meta property=\"og:url\" content=\"https:\/\/miradordemorayma.com\/talleres\/\" \/>\n<meta property=\"og:site_name\" content=\"Mirador de Morayma\" \/>\n<meta property=\"article:publisher\" content=\"http:\/\/www.facebook.com\/MiradordeMorayma\/\" \/>\n<meta property=\"article:modified_time\" content=\"2023-12-21T12:24:08+00:00\" \/>\n<meta property=\"og:image\" content=\"http:\/\/miradordemorayma.com\/wp-content\/uploads\/2017\/12\/alimentacion-2-820x406-300x149.png\" \/>\n<meta name=\"twitter:card\" content=\"summary_large_image\" \/>\n<meta name=\"twitter:site\" content=\"@miradormorayma\" \/>\n<meta name=\"twitter:label1\" content=\"Est. reading time\" \/>\n\t<meta name=\"twitter:data1\" content=\"1 minute\" \/>\n<script type=\"application\/ld+json\" class=\"yoast-schema-graph\">{\"@context\":\"https:\/\/schema.org\",\"@graph\":[{\"@type\":\"WebPage\",\"@id\":\"https:\/\/miradordemorayma.com\/talleres\/\",\"url\":\"https:\/\/miradordemorayma.com\/talleres\/\",\"name\":\"Eventos - Mirador de Morayma\",\"isPartOf\":{\"@id\":\"https:\/\/miradordemorayma.com\/#website\"},\"primaryImageOfPage\":{\"@id\":\"https:\/\/miradordemorayma.com\/talleres\/#primaryimage\"},\"image\":{\"@id\":\"https:\/\/miradordemorayma.com\/talleres\/#primaryimage\"},\"thumbnailUrl\":\"http:\/\/miradordemorayma.com\/wp-content\/uploads\/2017\/12\/alimentacion-2-820x406-300x149.png\",\"datePublished\":\"2017-12-15T10:29:07+00:00\",\"dateModified\":\"2023-12-21T12:24:08+00:00\",\"breadcrumb\":{\"@id\":\"https:\/\/miradordemorayma.com\/talleres\/#breadcrumb\"},\"inLanguage\":\"en-US\",\"potentialAction\":[{\"@type\":\"ReadAction\",\"target\":[\"https:\/\/miradordemorayma.com\/talleres\/\"]}]},{\"@type\":\"ImageObject\",\"inLanguage\":\"en-US\",\"@id\":\"https:\/\/miradordemorayma.com\/talleres\/#primaryimage\",\"url\":\"http:\/\/miradordemorayma.com\/wp-content\/uploads\/2017\/12\/alimentacion-2-820x406-300x149.png\",\"contentUrl\":\"http:\/\/miradordemorayma.com\/wp-content\/uploads\/2017\/12\/alimentacion-2-820x406-300x149.png\"},{\"@type\":\"BreadcrumbList\",\"@id\":\"https:\/\/miradordemorayma.com\/talleres\/#breadcrumb\",\"itemListElement\":[{\"@type\":\"ListItem\",\"position\":1,\"name\":\"Portada\",\"item\":\"https:\/\/miradordemorayma.com\/\"},{\"@type\":\"ListItem\",\"position\":2,\"name\":\"Eventos\"}]},{\"@type\":\"WebSite\",\"@id\":\"https:\/\/miradordemorayma.com\/#website\",\"url\":\"https:\/\/miradordemorayma.com\/\",\"name\":\"Mirador de Morayma\",\"description\":\"Restaurante Mirador en Albayc\u00edn\",\"publisher\":{\"@id\":\"https:\/\/miradordemorayma.com\/#organization\"},\"potentialAction\":[{\"@type\":\"SearchAction\",\"target\":{\"@type\":\"EntryPoint\",\"urlTemplate\":\"https:\/\/miradordemorayma.com\/?s={search_term_string}\"},\"query-input\":{\"@type\":\"PropertyValueSpecification\",\"valueRequired\":true,\"valueName\":\"search_term_string\"}}],\"inLanguage\":\"en-US\"},{\"@type\":\"Organization\",\"@id\":\"https:\/\/miradordemorayma.com\/#organization\",\"name\":\"Mirador de Morayma\",\"url\":\"https:\/\/miradordemorayma.com\/\",\"logo\":{\"@type\":\"ImageObject\",\"inLanguage\":\"en-US\",\"@id\":\"https:\/\/miradordemorayma.com\/#\/schema\/logo\/image\/\",\"url\":\"https:\/\/i0.wp.com\/miradordemorayma.com\/wp-content\/uploads\/2016\/12\/LOGO-TRANSPARENTE-WEB.png?fit=100%2C74&ssl=1\",\"contentUrl\":\"https:\/\/i0.wp.com\/miradordemorayma.com\/wp-content\/uploads\/2016\/12\/LOGO-TRANSPARENTE-WEB.png?fit=100%2C74&ssl=1\",\"width\":100,\"height\":74,\"caption\":\"Mirador de Morayma\"},\"image\":{\"@id\":\"https:\/\/miradordemorayma.com\/#\/schema\/logo\/image\/\"},\"sameAs\":[\"http:\/\/www.facebook.com\/MiradordeMorayma\/\",\"https:\/\/x.com\/miradormorayma\"]}]}<\/script>\n<!-- \/ Yoast SEO plugin. -->","yoast_head_json":{"title":"Eventos - Mirador de Morayma","robots":{"index":"index","follow":"follow","max-snippet":"max-snippet:-1","max-image-preview":"max-image-preview:large","max-video-preview":"max-video-preview:-1"},"canonical":"https:\/\/miradordemorayma.com\/talleres\/","og_locale":"en_US","og_type":"article","og_title":"Eventos - Mirador de Morayma","og_description":"Desde Mirador de Morayma nos complace presentarles peri\u00f3dicamente una serie de interesantes talleres y eventos, con los que intercambiar&nbsp;sabidur\u00eda e ilusiones en ambientes&nbsp;din\u00e1micos y participativos. Acogemos ideas de cualquier tipo que vayan en esta linea de ganas de compartir y","og_url":"https:\/\/miradordemorayma.com\/talleres\/","og_site_name":"Mirador de Morayma","article_publisher":"http:\/\/www.facebook.com\/MiradordeMorayma\/","article_modified_time":"2023-12-21T12:24:08+00:00","og_image":[{"url":"http:\/\/miradordemorayma.com\/wp-content\/uploads\/2017\/12\/alimentacion-2-820x406-300x149.png"}],"twitter_card":"summary_large_image","twitter_site":"@miradormorayma","twitter_misc":{"Est. reading time":"1 minute"},"schema":{"@context":"https:\/\/schema.org","@graph":[{"@type":"WebPage","@id":"https:\/\/miradordemorayma.com\/talleres\/","url":"https:\/\/miradordemorayma.com\/talleres\/","name":"Eventos - Mirador de Morayma","isPartOf":{"@id":"https:\/\/miradordemorayma.com\/#website"},"primaryImageOfPage":{"@id":"https:\/\/miradordemorayma.com\/talleres\/#primaryimage"},"image":{"@id":"https:\/\/miradordemorayma.com\/talleres\/#primaryimage"},"thumbnailUrl":"http:\/\/miradordemorayma.com\/wp-content\/uploads\/2017\/12\/alimentacion-2-820x406-300x149.png","datePublished":"2017-12-15T10:29:07+00:00","dateModified":"2023-12-21T12:24:08+00:00","breadcrumb":{"@id":"https:\/\/miradordemorayma.com\/talleres\/#breadcrumb"},"inLanguage":"en-US","potentialAction":[{"@type":"ReadAction","target":["https:\/\/miradordemorayma.com\/talleres\/"]}]},{"@type":"ImageObject","inLanguage":"en-US","@id":"https:\/\/miradordemorayma.com\/talleres\/#primaryimage","url":"http:\/\/miradordemorayma.com\/wp-content\/uploads\/2017\/12\/alimentacion-2-820x406-300x149.png","contentUrl":"http:\/\/miradordemorayma.com\/wp-content\/uploads\/2017\/12\/alimentacion-2-820x406-300x149.png"},{"@type":"BreadcrumbList","@id":"https:\/\/miradordemorayma.com\/talleres\/#breadcrumb","itemListElement":[{"@type":"ListItem","position":1,"name":"Portada","item":"https:\/\/miradordemorayma.com\/"},{"@type":"ListItem","position":2,"name":"Eventos"}]},{"@type":"WebSite","@id":"https:\/\/miradordemorayma.com\/#website","url":"https:\/\/miradordemorayma.com\/","name":"Mirador de Morayma","description":"Restaurante Mirador en Albayc\u00edn","publisher":{"@id":"https:\/\/miradordemorayma.com\/#organization"},"potentialAction":[{"@type":"SearchAction","target":{"@type":"EntryPoint","urlTemplate":"https:\/\/miradordemorayma.com\/?s={search_term_string}"},"query-input":{"@type":"PropertyValueSpecification","valueRequired":true,"valueName":"search_term_string"}}],"inLanguage":"en-US"},{"@type":"Organization","@id":"https:\/\/miradordemorayma.com\/#organization","name":"Mirador de Morayma","url":"https:\/\/miradordemorayma.com\/","logo":{"@type":"ImageObject","inLanguage":"en-US","@id":"https:\/\/miradordemorayma.com\/#\/schema\/logo\/image\/","url":"https:\/\/i0.wp.com\/miradordemorayma.com\/wp-content\/uploads\/2016\/12\/LOGO-TRANSPARENTE-WEB.png?fit=100%2C74&ssl=1","contentUrl":"https:\/\/i0.wp.com\/miradordemorayma.com\/wp-content\/uploads\/2016\/12\/LOGO-TRANSPARENTE-WEB.png?fit=100%2C74&ssl=1","width":100,"height":74,"caption":"Mirador de Morayma"},"image":{"@id":"https:\/\/miradordemorayma.com\/#\/schema\/logo\/image\/"},"sameAs":["http:\/\/www.facebook.com\/MiradordeMorayma\/","https:\/\/x.com\/miradormorayma"]}]}},"jetpack_sharing_enabled":true,"jetpack_shortlink":"https:\/\/wp.me\/P8tmoG-aT","jetpack-related-posts":[],"_links":{"self":[{"href":"https:\/\/miradordemorayma.com\/en\/wp-json\/wp\/v2\/pages\/675"}],"collection":[{"href":"https:\/\/miradordemorayma.com\/en\/wp-json\/wp\/v2\/pages"}],"about":[{"href":"https:\/\/miradordemorayma.com\/en\/wp-json\/wp\/v2\/types\/page"}],"author":[{"embeddable":true,"href":"https:\/\/miradordemorayma.com\/en\/wp-json\/wp\/v2\/users\/1"}],"replies":[{"embeddable":true,"href":"https:\/\/miradordemorayma.com\/en\/wp-json\/wp\/v2\/comments?post=675"}],"version-history":[{"count":10,"href":"https:\/\/miradordemorayma.com\/en\/wp-json\/wp\/v2\/pages\/675\/revisions"}],"predecessor-version":[{"id":1556,"href":"https:\/\/miradordemorayma.com\/en\/wp-json\/wp\/v2\/pages\/675\/revisions\/1556"}],"wp:attachment":[{"href":"https:\/\/miradordemorayma.com\/en\/wp-json\/wp\/v2\/media?parent=675"}],"curies":[{"name":"wp","href":"https:\/\/api.w.org\/{rel}","templated":true}]}}