{"id":1615,"date":"2024-02-06T13:36:21","date_gmt":"2024-02-06T13:36:21","guid":{"rendered":"https:\/\/miradordemorayma.com\/?page_id=1615"},"modified":"2024-02-15T14:12:58","modified_gmt":"2024-02-15T14:12:58","slug":"menu-san-valentin","status":"publish","type":"page","link":"https:\/\/miradordemorayma.com\/en\/menu-san-valentin\/","title":{"rendered":"(Espa\u00f1ol) Men\u00fa San Valent\u00edn"},"content":{"rendered":"<p class=\"qtranxs-available-languages-message qtranxs-available-languages-message-en\">Sorry, this entry is only available in <a href=\"https:\/\/miradordemorayma.com\/es\/wp-json\/wp\/v2\/pages\/1615\" class=\"qtranxs-available-language-link qtranxs-available-language-link-es\" title=\"Espa\u00f1ol\">European Spanish<\/a>.<\/p>","protected":false},"excerpt":{"rendered":"<p>Sorry, this entry is only available in European Spanish.<\/p>\n","protected":false},"author":1,"featured_media":0,"parent":0,"menu_order":0,"comment_status":"closed","ping_status":"closed","template":"","meta":{"jetpack_post_was_ever_published":false,"footnotes":""},"yoast_head":"<!-- This site is optimized with the Yoast SEO plugin v23.5 - https:\/\/yoast.com\/wordpress\/plugins\/seo\/ -->\n<title>(Espa\u00f1ol) Men\u00fa San Valent\u00edn - Mirador de Morayma<\/title>\n<meta name=\"robots\" content=\"index, follow, max-snippet:-1, max-image-preview:large, max-video-preview:-1\" \/>\n<link rel=\"canonical\" href=\"https:\/\/miradordemorayma.com\/menu-san-valentin\/\" \/>\n<meta property=\"og:locale\" content=\"en_US\" \/>\n<meta property=\"og:type\" content=\"article\" \/>\n<meta property=\"og:title\" content=\"(Espa\u00f1ol) Men\u00fa San Valent\u00edn - Mirador de Morayma\" \/>\n<meta property=\"og:description\" content=\"Sorry, this entry is only available in European Spanish.\" \/>\n<meta property=\"og:url\" content=\"https:\/\/miradordemorayma.com\/menu-san-valentin\/\" \/>\n<meta property=\"og:site_name\" content=\"Mirador de Morayma\" \/>\n<meta property=\"article:publisher\" content=\"http:\/\/www.facebook.com\/MiradordeMorayma\/\" \/>\n<meta property=\"article:modified_time\" content=\"2024-02-15T14:12:58+00:00\" \/>\n<meta property=\"og:image\" content=\"http:\/\/miradordemorayma.com\/wp-content\/uploads\/2024\/02\/San-Valentin-Mirador-Pluma-24-724x1024.png\" \/>\n<meta name=\"twitter:card\" content=\"summary_large_image\" \/>\n<meta name=\"twitter:site\" content=\"@miradormorayma\" \/>\n<meta name=\"twitter:label1\" content=\"Est. reading time\" \/>\n\t<meta name=\"twitter:data1\" content=\"1 minute\" \/>\n<script type=\"application\/ld+json\" class=\"yoast-schema-graph\">{\"@context\":\"https:\/\/schema.org\",\"@graph\":[{\"@type\":\"WebPage\",\"@id\":\"https:\/\/miradordemorayma.com\/menu-san-valentin\/\",\"url\":\"https:\/\/miradordemorayma.com\/menu-san-valentin\/\",\"name\":\"(Espa\u00f1ol) Men\u00fa San Valent\u00edn - Mirador de Morayma\",\"isPartOf\":{\"@id\":\"https:\/\/miradordemorayma.com\/#website\"},\"primaryImageOfPage\":{\"@id\":\"https:\/\/miradordemorayma.com\/menu-san-valentin\/#primaryimage\"},\"image\":{\"@id\":\"https:\/\/miradordemorayma.com\/menu-san-valentin\/#primaryimage\"},\"thumbnailUrl\":\"http:\/\/miradordemorayma.com\/wp-content\/uploads\/2024\/02\/San-Valentin-Mirador-Pluma-24-724x1024.png\",\"datePublished\":\"2024-02-06T13:36:21+00:00\",\"dateModified\":\"2024-02-15T14:12:58+00:00\",\"breadcrumb\":{\"@id\":\"https:\/\/miradordemorayma.com\/menu-san-valentin\/#breadcrumb\"},\"inLanguage\":\"en-US\",\"potentialAction\":[{\"@type\":\"ReadAction\",\"target\":[\"https:\/\/miradordemorayma.com\/menu-san-valentin\/\"]}]},{\"@type\":\"ImageObject\",\"inLanguage\":\"en-US\",\"@id\":\"https:\/\/miradordemorayma.com\/menu-san-valentin\/#primaryimage\",\"url\":\"http:\/\/miradordemorayma.com\/wp-content\/uploads\/2024\/02\/San-Valentin-Mirador-Pluma-24-724x1024.png\",\"contentUrl\":\"http:\/\/miradordemorayma.com\/wp-content\/uploads\/2024\/02\/San-Valentin-Mirador-Pluma-24-724x1024.png\"},{\"@type\":\"BreadcrumbList\",\"@id\":\"https:\/\/miradordemorayma.com\/menu-san-valentin\/#breadcrumb\",\"itemListElement\":[{\"@type\":\"ListItem\",\"position\":1,\"name\":\"Portada\",\"item\":\"https:\/\/miradordemorayma.com\/\"},{\"@type\":\"ListItem\",\"position\":2,\"name\":\"Men\u00fa San Valent\u00edn\"}]},{\"@type\":\"WebSite\",\"@id\":\"https:\/\/miradordemorayma.com\/#website\",\"url\":\"https:\/\/miradordemorayma.com\/\",\"name\":\"Mirador de Morayma\",\"description\":\"Restaurante Mirador en Albayc\u00edn\",\"publisher\":{\"@id\":\"https:\/\/miradordemorayma.com\/#organization\"},\"potentialAction\":[{\"@type\":\"SearchAction\",\"target\":{\"@type\":\"EntryPoint\",\"urlTemplate\":\"https:\/\/miradordemorayma.com\/?s={search_term_string}\"},\"query-input\":{\"@type\":\"PropertyValueSpecification\",\"valueRequired\":true,\"valueName\":\"search_term_string\"}}],\"inLanguage\":\"en-US\"},{\"@type\":\"Organization\",\"@id\":\"https:\/\/miradordemorayma.com\/#organization\",\"name\":\"Mirador de Morayma\",\"url\":\"https:\/\/miradordemorayma.com\/\",\"logo\":{\"@type\":\"ImageObject\",\"inLanguage\":\"en-US\",\"@id\":\"https:\/\/miradordemorayma.com\/#\/schema\/logo\/image\/\",\"url\":\"https:\/\/i0.wp.com\/miradordemorayma.com\/wp-content\/uploads\/2016\/12\/LOGO-TRANSPARENTE-WEB.png?fit=100%2C74&ssl=1\",\"contentUrl\":\"https:\/\/i0.wp.com\/miradordemorayma.com\/wp-content\/uploads\/2016\/12\/LOGO-TRANSPARENTE-WEB.png?fit=100%2C74&ssl=1\",\"width\":100,\"height\":74,\"caption\":\"Mirador de Morayma\"},\"image\":{\"@id\":\"https:\/\/miradordemorayma.com\/#\/schema\/logo\/image\/\"},\"sameAs\":[\"http:\/\/www.facebook.com\/MiradordeMorayma\/\",\"https:\/\/x.com\/miradormorayma\"]}]}<\/script>\n<!-- \/ Yoast SEO plugin. -->","yoast_head_json":{"title":"(Espa\u00f1ol) Men\u00fa San Valent\u00edn - Mirador de Morayma","robots":{"index":"index","follow":"follow","max-snippet":"max-snippet:-1","max-image-preview":"max-image-preview:large","max-video-preview":"max-video-preview:-1"},"canonical":"https:\/\/miradordemorayma.com\/menu-san-valentin\/","og_locale":"en_US","og_type":"article","og_title":"(Espa\u00f1ol) Men\u00fa San Valent\u00edn - Mirador de Morayma","og_description":"Sorry, this entry is only available in European Spanish.","og_url":"https:\/\/miradordemorayma.com\/menu-san-valentin\/","og_site_name":"Mirador de Morayma","article_publisher":"http:\/\/www.facebook.com\/MiradordeMorayma\/","article_modified_time":"2024-02-15T14:12:58+00:00","og_image":[{"url":"http:\/\/miradordemorayma.com\/wp-content\/uploads\/2024\/02\/San-Valentin-Mirador-Pluma-24-724x1024.png"}],"twitter_card":"summary_large_image","twitter_site":"@miradormorayma","twitter_misc":{"Est. reading time":"1 minute"},"schema":{"@context":"https:\/\/schema.org","@graph":[{"@type":"WebPage","@id":"https:\/\/miradordemorayma.com\/menu-san-valentin\/","url":"https:\/\/miradordemorayma.com\/menu-san-valentin\/","name":"(Espa\u00f1ol) Men\u00fa San Valent\u00edn - Mirador de Morayma","isPartOf":{"@id":"https:\/\/miradordemorayma.com\/#website"},"primaryImageOfPage":{"@id":"https:\/\/miradordemorayma.com\/menu-san-valentin\/#primaryimage"},"image":{"@id":"https:\/\/miradordemorayma.com\/menu-san-valentin\/#primaryimage"},"thumbnailUrl":"http:\/\/miradordemorayma.com\/wp-content\/uploads\/2024\/02\/San-Valentin-Mirador-Pluma-24-724x1024.png","datePublished":"2024-02-06T13:36:21+00:00","dateModified":"2024-02-15T14:12:58+00:00","breadcrumb":{"@id":"https:\/\/miradordemorayma.com\/menu-san-valentin\/#breadcrumb"},"inLanguage":"en-US","potentialAction":[{"@type":"ReadAction","target":["https:\/\/miradordemorayma.com\/menu-san-valentin\/"]}]},{"@type":"ImageObject","inLanguage":"en-US","@id":"https:\/\/miradordemorayma.com\/menu-san-valentin\/#primaryimage","url":"http:\/\/miradordemorayma.com\/wp-content\/uploads\/2024\/02\/San-Valentin-Mirador-Pluma-24-724x1024.png","contentUrl":"http:\/\/miradordemorayma.com\/wp-content\/uploads\/2024\/02\/San-Valentin-Mirador-Pluma-24-724x1024.png"},{"@type":"BreadcrumbList","@id":"https:\/\/miradordemorayma.com\/menu-san-valentin\/#breadcrumb","itemListElement":[{"@type":"ListItem","position":1,"name":"Portada","item":"https:\/\/miradordemorayma.com\/"},{"@type":"ListItem","position":2,"name":"Men\u00fa San Valent\u00edn"}]},{"@type":"WebSite","@id":"https:\/\/miradordemorayma.com\/#website","url":"https:\/\/miradordemorayma.com\/","name":"Mirador de Morayma","description":"Restaurante Mirador en Albayc\u00edn","publisher":{"@id":"https:\/\/miradordemorayma.com\/#organization"},"potentialAction":[{"@type":"SearchAction","target":{"@type":"EntryPoint","urlTemplate":"https:\/\/miradordemorayma.com\/?s={search_term_string}"},"query-input":{"@type":"PropertyValueSpecification","valueRequired":true,"valueName":"search_term_string"}}],"inLanguage":"en-US"},{"@type":"Organization","@id":"https:\/\/miradordemorayma.com\/#organization","name":"Mirador de Morayma","url":"https:\/\/miradordemorayma.com\/","logo":{"@type":"ImageObject","inLanguage":"en-US","@id":"https:\/\/miradordemorayma.com\/#\/schema\/logo\/image\/","url":"https:\/\/i0.wp.com\/miradordemorayma.com\/wp-content\/uploads\/2016\/12\/LOGO-TRANSPARENTE-WEB.png?fit=100%2C74&ssl=1","contentUrl":"https:\/\/i0.wp.com\/miradordemorayma.com\/wp-content\/uploads\/2016\/12\/LOGO-TRANSPARENTE-WEB.png?fit=100%2C74&ssl=1","width":100,"height":74,"caption":"Mirador de Morayma"},"image":{"@id":"https:\/\/miradordemorayma.com\/#\/schema\/logo\/image\/"},"sameAs":["http:\/\/www.facebook.com\/MiradordeMorayma\/","https:\/\/x.com\/miradormorayma"]}]}},"jetpack_sharing_enabled":true,"jetpack_shortlink":"https:\/\/wp.me\/P8tmoG-q3","jetpack-related-posts":[],"_links":{"self":[{"href":"https:\/\/miradordemorayma.com\/en\/wp-json\/wp\/v2\/pages\/1615"}],"collection":[{"href":"https:\/\/miradordemorayma.com\/en\/wp-json\/wp\/v2\/pages"}],"about":[{"href":"https:\/\/miradordemorayma.com\/en\/wp-json\/wp\/v2\/types\/page"}],"author":[{"embeddable":true,"href":"https:\/\/miradordemorayma.com\/en\/wp-json\/wp\/v2\/users\/1"}],"replies":[{"embeddable":true,"href":"https:\/\/miradordemorayma.com\/en\/wp-json\/wp\/v2\/comments?post=1615"}],"version-history":[{"count":0,"href":"https:\/\/miradordemorayma.com\/en\/wp-json\/wp\/v2\/pages\/1615\/revisions"}],"wp:attachment":[{"href":"https:\/\/miradordemorayma.com\/en\/wp-json\/wp\/v2\/media?parent=1615"}],"curies":[{"name":"wp","href":"https:\/\/api.w.org\/{rel}","templated":true}]}}