{"id":1370,"date":"2022-06-24T10:04:14","date_gmt":"2022-06-24T10:04:14","guid":{"rendered":"http:\/\/miradordemorayma.com\/?page_id=1370"},"modified":"2022-06-24T10:04:21","modified_gmt":"2022-06-24T10:04:21","slug":"musica-y-poesia-29-06-22","status":"publish","type":"page","link":"https:\/\/miradordemorayma.com\/en\/musica-y-poesia-29-06-22\/","title":{"rendered":"M\u00fasica y Poes\u00eda 29\/06\/22"},"content":{"rendered":"\n<div class=\"wp-block-image\"><figure class=\"aligncenter is-resized\"><img loading=\"lazy\" decoding=\"async\" data-attachment-id=\"1371\" data-permalink=\"https:\/\/miradordemorayma.com\/en\/musica-y-poesia-29-06-22\/whatsapp-image-2022-06-23-at-9-32-51-am-3\/\" data-orig-file=\"https:\/\/i0.wp.com\/miradordemorayma.com\/wp-content\/uploads\/2022\/06\/WhatsApp-Image-2022-06-23-at-9.32.51-AM-2.jpeg?fit=1131%2C1600&amp;ssl=1\" data-orig-size=\"1131,1600\" data-comments-opened=\"1\" data-image-meta=\"{&quot;aperture&quot;:&quot;0&quot;,&quot;credit&quot;:&quot;&quot;,&quot;camera&quot;:&quot;&quot;,&quot;caption&quot;:&quot;&quot;,&quot;created_timestamp&quot;:&quot;0&quot;,&quot;copyright&quot;:&quot;&quot;,&quot;focal_length&quot;:&quot;0&quot;,&quot;iso&quot;:&quot;0&quot;,&quot;shutter_speed&quot;:&quot;0&quot;,&quot;title&quot;:&quot;&quot;,&quot;orientation&quot;:&quot;0&quot;}\" data-image-title=\"WhatsApp Image 2022-06-23 at 9.32.51 AM\" data-image-description=\"\" data-image-caption=\"\" data-medium-file=\"https:\/\/i0.wp.com\/miradordemorayma.com\/wp-content\/uploads\/2022\/06\/WhatsApp-Image-2022-06-23-at-9.32.51-AM-2.jpeg?fit=212%2C300&amp;ssl=1\" data-large-file=\"https:\/\/i0.wp.com\/miradordemorayma.com\/wp-content\/uploads\/2022\/06\/WhatsApp-Image-2022-06-23-at-9.32.51-AM-2.jpeg?fit=724%2C1024&amp;ssl=1\" tabindex=\"0\" role=\"button\" src=\"https:\/\/i2.wp.com\/miradordemorayma.com\/wp-content\/uploads\/2022\/06\/WhatsApp-Image-2022-06-23-at-9.32.51-AM-2.jpeg?fit=724%2C1024\" alt=\"\" class=\"wp-image-1371\" width=\"362\" height=\"512\" srcset=\"https:\/\/i0.wp.com\/miradordemorayma.com\/wp-content\/uploads\/2022\/06\/WhatsApp-Image-2022-06-23-at-9.32.51-AM-2.jpeg?w=1131&amp;ssl=1 1131w, https:\/\/i0.wp.com\/miradordemorayma.com\/wp-content\/uploads\/2022\/06\/WhatsApp-Image-2022-06-23-at-9.32.51-AM-2.jpeg?resize=212%2C300&amp;ssl=1 212w, https:\/\/i0.wp.com\/miradordemorayma.com\/wp-content\/uploads\/2022\/06\/WhatsApp-Image-2022-06-23-at-9.32.51-AM-2.jpeg?resize=768%2C1086&amp;ssl=1 768w, https:\/\/i0.wp.com\/miradordemorayma.com\/wp-content\/uploads\/2022\/06\/WhatsApp-Image-2022-06-23-at-9.32.51-AM-2.jpeg?resize=724%2C1024&amp;ssl=1 724w\" sizes=\"(max-width: 362px) 100vw, 362px\" \/><\/figure><\/div>\n\n\n\n<p style=\"text-align:center\"><strong>SOMBRAS DE LA LUNA Y EL SOL<\/strong>&#x1f31b;&#x1f31e;<br><strong> \u00a1Ven con nosotros y disfruta de una tarde de m\u00fasica y poes\u00eda!<\/strong> &#x1f4da;&#x1f3b6;<\/p>\n\n\n\n<p style=\"text-align:center\"><br> Demos la bienvenida al est\u00edo, con la participaci\u00f3n de\u2026 <br> &#x1f538;Alfredo Lombardo: palabras familiares y intrigantes <br> &#x1f538;Toby Shippey: voz prometeora del cantautor escoc\u00e9s <br> &#x1f538;Malou Colombet: alma franc\u00e9s, esp\u00edritu vagabundo <br> &#x1f538;Matthew Bach: un trovador folkero, que s\u00ed existe<\/p>\n\n\n\n<p style=\"text-align:center\">Mi\u00e9rcoles 2&#xfe0f;&#x20e3;9&#xfe0f;&#x20e3; de Junio a las <strong>20h.<\/strong><\/p>\n\n\n\n<p style=\"text-align:center\">Entrada <strong>10\u20ac<\/strong> con una consumici\u00f3n.<br> Plazas limitadas hasta completar aforo.<br> \u00a1Reserva la tuya! &#x1f60a;<\/p>\n\n\n\n<p><\/p>\n\n\n\n<p>&#x260e;&#xfe0f; 958 228290 \/ 958 224812 \/ 600 433218<br>\n&#x1f4bb; info@miradordemorayma.com<br>\n&#x1f310; www.miradordemorayma.com<\/p>\n\n\n\n<p>Restaurante Mirador de Morayma. Albayz\u00edn, Granada.<\/p>\n","protected":false},"excerpt":{"rendered":"<p>SOMBRAS DE LA LUNA Y EL SOL&#x1f31b;&#x1f31e; \u00a1Ven con nosotros y disfruta de una tarde de m\u00fasica y poes\u00eda! &#x1f4da;&#x1f3b6; Demos la bienvenida al est\u00edo, con la participaci\u00f3n de\u2026 &#x1f538;Alfredo Lombardo: palabras familiares y intrigantes &#x1f538;Toby Shippey: voz prometeora del<\/p>\n","protected":false},"author":1,"featured_media":0,"parent":0,"menu_order":0,"comment_status":"closed","ping_status":"closed","template":"","meta":{"jetpack_post_was_ever_published":false,"footnotes":""},"yoast_head":"<!-- This site is optimized with the Yoast SEO plugin v23.5 - https:\/\/yoast.com\/wordpress\/plugins\/seo\/ -->\n<title>M\u00fasica y Poes\u00eda 29\/06\/22 - Mirador de Morayma<\/title>\n<meta name=\"robots\" content=\"index, follow, max-snippet:-1, max-image-preview:large, max-video-preview:-1\" \/>\n<link rel=\"canonical\" href=\"https:\/\/miradordemorayma.com\/musica-y-poesia-29-06-22\/\" \/>\n<meta property=\"og:locale\" content=\"en_US\" \/>\n<meta property=\"og:type\" content=\"article\" \/>\n<meta property=\"og:title\" content=\"M\u00fasica y Poes\u00eda 29\/06\/22 - Mirador de Morayma\" \/>\n<meta property=\"og:description\" content=\"SOMBRAS DE LA LUNA Y EL SOL&#x1f31b;&#x1f31e; \u00a1Ven con nosotros y disfruta de una tarde de m\u00fasica y poes\u00eda! &#x1f4da;&#x1f3b6; Demos la bienvenida al est\u00edo, con la participaci\u00f3n de\u2026 &#x1f538;Alfredo Lombardo: palabras familiares y intrigantes &#x1f538;Toby Shippey: voz prometeora del\" \/>\n<meta property=\"og:url\" content=\"https:\/\/miradordemorayma.com\/musica-y-poesia-29-06-22\/\" \/>\n<meta property=\"og:site_name\" content=\"Mirador de Morayma\" \/>\n<meta property=\"article:publisher\" content=\"http:\/\/www.facebook.com\/MiradordeMorayma\/\" \/>\n<meta property=\"article:modified_time\" content=\"2022-06-24T10:04:21+00:00\" \/>\n<meta property=\"og:image\" content=\"https:\/\/i2.wp.com\/miradordemorayma.com\/wp-content\/uploads\/2022\/06\/WhatsApp-Image-2022-06-23-at-9.32.51-AM-2.jpeg?fit=724%2C1024\" \/>\n<meta name=\"twitter:card\" content=\"summary_large_image\" \/>\n<meta name=\"twitter:site\" content=\"@miradormorayma\" \/>\n<meta name=\"twitter:label1\" content=\"Est. reading time\" \/>\n\t<meta name=\"twitter:data1\" content=\"1 minute\" \/>\n<script type=\"application\/ld+json\" class=\"yoast-schema-graph\">{\"@context\":\"https:\/\/schema.org\",\"@graph\":[{\"@type\":\"WebPage\",\"@id\":\"https:\/\/miradordemorayma.com\/musica-y-poesia-29-06-22\/\",\"url\":\"https:\/\/miradordemorayma.com\/musica-y-poesia-29-06-22\/\",\"name\":\"M\u00fasica y Poes\u00eda 29\/06\/22 - Mirador de Morayma\",\"isPartOf\":{\"@id\":\"https:\/\/miradordemorayma.com\/#website\"},\"primaryImageOfPage\":{\"@id\":\"https:\/\/miradordemorayma.com\/musica-y-poesia-29-06-22\/#primaryimage\"},\"image\":{\"@id\":\"https:\/\/miradordemorayma.com\/musica-y-poesia-29-06-22\/#primaryimage\"},\"thumbnailUrl\":\"https:\/\/i2.wp.com\/miradordemorayma.com\/wp-content\/uploads\/2022\/06\/WhatsApp-Image-2022-06-23-at-9.32.51-AM-2.jpeg?fit=724%2C1024\",\"datePublished\":\"2022-06-24T10:04:14+00:00\",\"dateModified\":\"2022-06-24T10:04:21+00:00\",\"breadcrumb\":{\"@id\":\"https:\/\/miradordemorayma.com\/musica-y-poesia-29-06-22\/#breadcrumb\"},\"inLanguage\":\"en-US\",\"potentialAction\":[{\"@type\":\"ReadAction\",\"target\":[\"https:\/\/miradordemorayma.com\/musica-y-poesia-29-06-22\/\"]}]},{\"@type\":\"ImageObject\",\"inLanguage\":\"en-US\",\"@id\":\"https:\/\/miradordemorayma.com\/musica-y-poesia-29-06-22\/#primaryimage\",\"url\":\"https:\/\/i2.wp.com\/miradordemorayma.com\/wp-content\/uploads\/2022\/06\/WhatsApp-Image-2022-06-23-at-9.32.51-AM-2.jpeg?fit=724%2C1024\",\"contentUrl\":\"https:\/\/i2.wp.com\/miradordemorayma.com\/wp-content\/uploads\/2022\/06\/WhatsApp-Image-2022-06-23-at-9.32.51-AM-2.jpeg?fit=724%2C1024\"},{\"@type\":\"BreadcrumbList\",\"@id\":\"https:\/\/miradordemorayma.com\/musica-y-poesia-29-06-22\/#breadcrumb\",\"itemListElement\":[{\"@type\":\"ListItem\",\"position\":1,\"name\":\"Portada\",\"item\":\"https:\/\/miradordemorayma.com\/\"},{\"@type\":\"ListItem\",\"position\":2,\"name\":\"M\u00fasica y Poes\u00eda 29\/06\/22\"}]},{\"@type\":\"WebSite\",\"@id\":\"https:\/\/miradordemorayma.com\/#website\",\"url\":\"https:\/\/miradordemorayma.com\/\",\"name\":\"Mirador de Morayma\",\"description\":\"Restaurante Mirador en Albayc\u00edn\",\"publisher\":{\"@id\":\"https:\/\/miradordemorayma.com\/#organization\"},\"potentialAction\":[{\"@type\":\"SearchAction\",\"target\":{\"@type\":\"EntryPoint\",\"urlTemplate\":\"https:\/\/miradordemorayma.com\/?s={search_term_string}\"},\"query-input\":{\"@type\":\"PropertyValueSpecification\",\"valueRequired\":true,\"valueName\":\"search_term_string\"}}],\"inLanguage\":\"en-US\"},{\"@type\":\"Organization\",\"@id\":\"https:\/\/miradordemorayma.com\/#organization\",\"name\":\"Mirador de Morayma\",\"url\":\"https:\/\/miradordemorayma.com\/\",\"logo\":{\"@type\":\"ImageObject\",\"inLanguage\":\"en-US\",\"@id\":\"https:\/\/miradordemorayma.com\/#\/schema\/logo\/image\/\",\"url\":\"https:\/\/i0.wp.com\/miradordemorayma.com\/wp-content\/uploads\/2016\/12\/LOGO-TRANSPARENTE-WEB.png?fit=100%2C74&ssl=1\",\"contentUrl\":\"https:\/\/i0.wp.com\/miradordemorayma.com\/wp-content\/uploads\/2016\/12\/LOGO-TRANSPARENTE-WEB.png?fit=100%2C74&ssl=1\",\"width\":100,\"height\":74,\"caption\":\"Mirador de Morayma\"},\"image\":{\"@id\":\"https:\/\/miradordemorayma.com\/#\/schema\/logo\/image\/\"},\"sameAs\":[\"http:\/\/www.facebook.com\/MiradordeMorayma\/\",\"https:\/\/x.com\/miradormorayma\"]}]}<\/script>\n<!-- \/ Yoast SEO plugin. -->","yoast_head_json":{"title":"M\u00fasica y Poes\u00eda 29\/06\/22 - Mirador de Morayma","robots":{"index":"index","follow":"follow","max-snippet":"max-snippet:-1","max-image-preview":"max-image-preview:large","max-video-preview":"max-video-preview:-1"},"canonical":"https:\/\/miradordemorayma.com\/musica-y-poesia-29-06-22\/","og_locale":"en_US","og_type":"article","og_title":"M\u00fasica y Poes\u00eda 29\/06\/22 - Mirador de Morayma","og_description":"SOMBRAS DE LA LUNA Y EL SOL&#x1f31b;&#x1f31e; \u00a1Ven con nosotros y disfruta de una tarde de m\u00fasica y poes\u00eda! &#x1f4da;&#x1f3b6; Demos la bienvenida al est\u00edo, con la participaci\u00f3n de\u2026 &#x1f538;Alfredo Lombardo: palabras familiares y intrigantes &#x1f538;Toby Shippey: voz prometeora del","og_url":"https:\/\/miradordemorayma.com\/musica-y-poesia-29-06-22\/","og_site_name":"Mirador de Morayma","article_publisher":"http:\/\/www.facebook.com\/MiradordeMorayma\/","article_modified_time":"2022-06-24T10:04:21+00:00","og_image":[{"url":"https:\/\/i2.wp.com\/miradordemorayma.com\/wp-content\/uploads\/2022\/06\/WhatsApp-Image-2022-06-23-at-9.32.51-AM-2.jpeg?fit=724%2C1024"}],"twitter_card":"summary_large_image","twitter_site":"@miradormorayma","twitter_misc":{"Est. reading time":"1 minute"},"schema":{"@context":"https:\/\/schema.org","@graph":[{"@type":"WebPage","@id":"https:\/\/miradordemorayma.com\/musica-y-poesia-29-06-22\/","url":"https:\/\/miradordemorayma.com\/musica-y-poesia-29-06-22\/","name":"M\u00fasica y Poes\u00eda 29\/06\/22 - Mirador de Morayma","isPartOf":{"@id":"https:\/\/miradordemorayma.com\/#website"},"primaryImageOfPage":{"@id":"https:\/\/miradordemorayma.com\/musica-y-poesia-29-06-22\/#primaryimage"},"image":{"@id":"https:\/\/miradordemorayma.com\/musica-y-poesia-29-06-22\/#primaryimage"},"thumbnailUrl":"https:\/\/i2.wp.com\/miradordemorayma.com\/wp-content\/uploads\/2022\/06\/WhatsApp-Image-2022-06-23-at-9.32.51-AM-2.jpeg?fit=724%2C1024","datePublished":"2022-06-24T10:04:14+00:00","dateModified":"2022-06-24T10:04:21+00:00","breadcrumb":{"@id":"https:\/\/miradordemorayma.com\/musica-y-poesia-29-06-22\/#breadcrumb"},"inLanguage":"en-US","potentialAction":[{"@type":"ReadAction","target":["https:\/\/miradordemorayma.com\/musica-y-poesia-29-06-22\/"]}]},{"@type":"ImageObject","inLanguage":"en-US","@id":"https:\/\/miradordemorayma.com\/musica-y-poesia-29-06-22\/#primaryimage","url":"https:\/\/i2.wp.com\/miradordemorayma.com\/wp-content\/uploads\/2022\/06\/WhatsApp-Image-2022-06-23-at-9.32.51-AM-2.jpeg?fit=724%2C1024","contentUrl":"https:\/\/i2.wp.com\/miradordemorayma.com\/wp-content\/uploads\/2022\/06\/WhatsApp-Image-2022-06-23-at-9.32.51-AM-2.jpeg?fit=724%2C1024"},{"@type":"BreadcrumbList","@id":"https:\/\/miradordemorayma.com\/musica-y-poesia-29-06-22\/#breadcrumb","itemListElement":[{"@type":"ListItem","position":1,"name":"Portada","item":"https:\/\/miradordemorayma.com\/"},{"@type":"ListItem","position":2,"name":"M\u00fasica y Poes\u00eda 29\/06\/22"}]},{"@type":"WebSite","@id":"https:\/\/miradordemorayma.com\/#website","url":"https:\/\/miradordemorayma.com\/","name":"Mirador de Morayma","description":"Restaurante Mirador en Albayc\u00edn","publisher":{"@id":"https:\/\/miradordemorayma.com\/#organization"},"potentialAction":[{"@type":"SearchAction","target":{"@type":"EntryPoint","urlTemplate":"https:\/\/miradordemorayma.com\/?s={search_term_string}"},"query-input":{"@type":"PropertyValueSpecification","valueRequired":true,"valueName":"search_term_string"}}],"inLanguage":"en-US"},{"@type":"Organization","@id":"https:\/\/miradordemorayma.com\/#organization","name":"Mirador de Morayma","url":"https:\/\/miradordemorayma.com\/","logo":{"@type":"ImageObject","inLanguage":"en-US","@id":"https:\/\/miradordemorayma.com\/#\/schema\/logo\/image\/","url":"https:\/\/i0.wp.com\/miradordemorayma.com\/wp-content\/uploads\/2016\/12\/LOGO-TRANSPARENTE-WEB.png?fit=100%2C74&ssl=1","contentUrl":"https:\/\/i0.wp.com\/miradordemorayma.com\/wp-content\/uploads\/2016\/12\/LOGO-TRANSPARENTE-WEB.png?fit=100%2C74&ssl=1","width":100,"height":74,"caption":"Mirador de Morayma"},"image":{"@id":"https:\/\/miradordemorayma.com\/#\/schema\/logo\/image\/"},"sameAs":["http:\/\/www.facebook.com\/MiradordeMorayma\/","https:\/\/x.com\/miradormorayma"]}]}},"jetpack_sharing_enabled":true,"jetpack_shortlink":"https:\/\/wp.me\/P8tmoG-m6","jetpack-related-posts":[],"_links":{"self":[{"href":"https:\/\/miradordemorayma.com\/en\/wp-json\/wp\/v2\/pages\/1370"}],"collection":[{"href":"https:\/\/miradordemorayma.com\/en\/wp-json\/wp\/v2\/pages"}],"about":[{"href":"https:\/\/miradordemorayma.com\/en\/wp-json\/wp\/v2\/types\/page"}],"author":[{"embeddable":true,"href":"https:\/\/miradordemorayma.com\/en\/wp-json\/wp\/v2\/users\/1"}],"replies":[{"embeddable":true,"href":"https:\/\/miradordemorayma.com\/en\/wp-json\/wp\/v2\/comments?post=1370"}],"version-history":[{"count":1,"href":"https:\/\/miradordemorayma.com\/en\/wp-json\/wp\/v2\/pages\/1370\/revisions"}],"predecessor-version":[{"id":1372,"href":"https:\/\/miradordemorayma.com\/en\/wp-json\/wp\/v2\/pages\/1370\/revisions\/1372"}],"wp:attachment":[{"href":"https:\/\/miradordemorayma.com\/en\/wp-json\/wp\/v2\/media?parent=1370"}],"curies":[{"name":"wp","href":"https:\/\/api.w.org\/{rel}","templated":true}]}}