{"id":1338,"date":"2021-11-22T10:38:52","date_gmt":"2021-11-22T10:38:52","guid":{"rendered":"http:\/\/miradordemorayma.com\/?page_id=1338"},"modified":"2021-11-22T10:38:59","modified_gmt":"2021-11-22T10:38:59","slug":"tarde-de-flamenco-25-11-21","status":"publish","type":"page","link":"https:\/\/miradordemorayma.com\/en\/tarde-de-flamenco-25-11-21\/","title":{"rendered":"Tarde de flamenco 25\/11\/21"},"content":{"rendered":"\n<div class=\"wp-block-image\"><figure class=\"aligncenter is-resized\"><img loading=\"lazy\" decoding=\"async\" data-attachment-id=\"1339\" data-permalink=\"https:\/\/miradordemorayma.com\/en\/tarde-de-flamenco-25-11-21\/whatsapp-image-2021-11-22-at-10-44-46-2\/\" data-orig-file=\"https:\/\/i0.wp.com\/miradordemorayma.com\/wp-content\/uploads\/2021\/11\/WhatsApp-Image-2021-11-22-at-10.44.46-1.jpeg?fit=1142%2C1600&amp;ssl=1\" data-orig-size=\"1142,1600\" data-comments-opened=\"1\" data-image-meta=\"{&quot;aperture&quot;:&quot;0&quot;,&quot;credit&quot;:&quot;&quot;,&quot;camera&quot;:&quot;&quot;,&quot;caption&quot;:&quot;&quot;,&quot;created_timestamp&quot;:&quot;0&quot;,&quot;copyright&quot;:&quot;&quot;,&quot;focal_length&quot;:&quot;0&quot;,&quot;iso&quot;:&quot;0&quot;,&quot;shutter_speed&quot;:&quot;0&quot;,&quot;title&quot;:&quot;&quot;,&quot;orientation&quot;:&quot;0&quot;}\" data-image-title=\"WhatsApp Image 2021-11-22 at 10.44.46\" data-image-description=\"\" data-image-caption=\"\" data-medium-file=\"https:\/\/i0.wp.com\/miradordemorayma.com\/wp-content\/uploads\/2021\/11\/WhatsApp-Image-2021-11-22-at-10.44.46-1.jpeg?fit=214%2C300&amp;ssl=1\" data-large-file=\"https:\/\/i0.wp.com\/miradordemorayma.com\/wp-content\/uploads\/2021\/11\/WhatsApp-Image-2021-11-22-at-10.44.46-1.jpeg?fit=731%2C1024&amp;ssl=1\" tabindex=\"0\" role=\"button\" src=\"https:\/\/i2.wp.com\/miradordemorayma.com\/wp-content\/uploads\/2021\/11\/WhatsApp-Image-2021-11-22-at-10.44.46-1.jpeg?fit=731%2C1024\" alt=\"\" class=\"wp-image-1339\" width=\"366\" height=\"512\" srcset=\"https:\/\/i0.wp.com\/miradordemorayma.com\/wp-content\/uploads\/2021\/11\/WhatsApp-Image-2021-11-22-at-10.44.46-1.jpeg?w=1142&amp;ssl=1 1142w, https:\/\/i0.wp.com\/miradordemorayma.com\/wp-content\/uploads\/2021\/11\/WhatsApp-Image-2021-11-22-at-10.44.46-1.jpeg?resize=214%2C300&amp;ssl=1 214w, https:\/\/i0.wp.com\/miradordemorayma.com\/wp-content\/uploads\/2021\/11\/WhatsApp-Image-2021-11-22-at-10.44.46-1.jpeg?resize=768%2C1076&amp;ssl=1 768w, https:\/\/i0.wp.com\/miradordemorayma.com\/wp-content\/uploads\/2021\/11\/WhatsApp-Image-2021-11-22-at-10.44.46-1.jpeg?resize=731%2C1024&amp;ssl=1 731w\" sizes=\"(max-width: 366px) 100vw, 366px\" \/><figcaption> <br>Tardes de flamenco en el Restaurante Mirador de Morayma <br><br>En concierto, tenemos el placer de disfrutar de una tarde m\u00e1gica con m\u00fasica en vivo en nuestra terraza acompa\u00f1ados de unos grandes artistas como son:<br><br>-Pepele M\u00e9ndez al cante&#x1f3a4;<br>-Yazam Hibrahim a la guitarra &#x1f3b8;<br>-Silvia del Lolo al baile &#x1f483;&#x1f3fd;<br><br>\u00bfTe vas a perder este espect\u00e1culo? Ven a disfrutar con nosotros. \u00a1An\u00edmate!&#x1f44f;&#x1f3fd;&#x1f970;<br><br>Jueves, 25 Noviembre, a las 17:00horas.<br>&#x1f39f;\u00a0Entrada: 9\u20ac con una consumici\u00f3n\u00a0&#x1f377;<br>\u00a1Reserva tu plaza!<br><br><br>&#x260e;&#xfe0f;\u00a0958 228 290 \/ 600 433 218<br>&#x1f4bb;info@miradordemorayma.com<br>&#x1f310;<a rel=\"noreferrer noopener\" href=\"http:\/\/www.miradordemorayma.com\/\" target=\"_blank\">www.miradordemorayma.com<\/a> <\/figcaption><\/figure><\/div>\n","protected":false},"excerpt":{"rendered":"","protected":false},"author":1,"featured_media":0,"parent":0,"menu_order":0,"comment_status":"closed","ping_status":"closed","template":"","meta":{"jetpack_post_was_ever_published":false,"footnotes":""},"yoast_head":"<!-- This site is optimized with the Yoast SEO plugin v23.5 - https:\/\/yoast.com\/wordpress\/plugins\/seo\/ -->\n<title>Tarde de flamenco 25\/11\/21 - Mirador de Morayma<\/title>\n<meta name=\"robots\" content=\"index, follow, max-snippet:-1, max-image-preview:large, max-video-preview:-1\" \/>\n<link rel=\"canonical\" href=\"https:\/\/miradordemorayma.com\/tarde-de-flamenco-25-11-21\/\" \/>\n<meta property=\"og:locale\" content=\"en_US\" \/>\n<meta property=\"og:type\" content=\"article\" \/>\n<meta property=\"og:title\" content=\"Tarde de flamenco 25\/11\/21 - Mirador de Morayma\" \/>\n<meta property=\"og:url\" content=\"https:\/\/miradordemorayma.com\/tarde-de-flamenco-25-11-21\/\" \/>\n<meta property=\"og:site_name\" content=\"Mirador de Morayma\" \/>\n<meta property=\"article:publisher\" content=\"http:\/\/www.facebook.com\/MiradordeMorayma\/\" \/>\n<meta property=\"article:modified_time\" content=\"2021-11-22T10:38:59+00:00\" \/>\n<meta property=\"og:image\" content=\"https:\/\/i2.wp.com\/miradordemorayma.com\/wp-content\/uploads\/2021\/11\/WhatsApp-Image-2021-11-22-at-10.44.46-1.jpeg?fit=731%2C1024\" \/>\n<meta name=\"twitter:card\" content=\"summary_large_image\" \/>\n<meta name=\"twitter:site\" content=\"@miradormorayma\" \/>\n<meta name=\"twitter:label1\" content=\"Est. reading time\" \/>\n\t<meta name=\"twitter:data1\" content=\"1 minute\" \/>\n<script type=\"application\/ld+json\" class=\"yoast-schema-graph\">{\"@context\":\"https:\/\/schema.org\",\"@graph\":[{\"@type\":\"WebPage\",\"@id\":\"https:\/\/miradordemorayma.com\/tarde-de-flamenco-25-11-21\/\",\"url\":\"https:\/\/miradordemorayma.com\/tarde-de-flamenco-25-11-21\/\",\"name\":\"Tarde de flamenco 25\/11\/21 - Mirador de Morayma\",\"isPartOf\":{\"@id\":\"https:\/\/miradordemorayma.com\/#website\"},\"primaryImageOfPage\":{\"@id\":\"https:\/\/miradordemorayma.com\/tarde-de-flamenco-25-11-21\/#primaryimage\"},\"image\":{\"@id\":\"https:\/\/miradordemorayma.com\/tarde-de-flamenco-25-11-21\/#primaryimage\"},\"thumbnailUrl\":\"https:\/\/i2.wp.com\/miradordemorayma.com\/wp-content\/uploads\/2021\/11\/WhatsApp-Image-2021-11-22-at-10.44.46-1.jpeg?fit=731%2C1024\",\"datePublished\":\"2021-11-22T10:38:52+00:00\",\"dateModified\":\"2021-11-22T10:38:59+00:00\",\"breadcrumb\":{\"@id\":\"https:\/\/miradordemorayma.com\/tarde-de-flamenco-25-11-21\/#breadcrumb\"},\"inLanguage\":\"en-US\",\"potentialAction\":[{\"@type\":\"ReadAction\",\"target\":[\"https:\/\/miradordemorayma.com\/tarde-de-flamenco-25-11-21\/\"]}]},{\"@type\":\"ImageObject\",\"inLanguage\":\"en-US\",\"@id\":\"https:\/\/miradordemorayma.com\/tarde-de-flamenco-25-11-21\/#primaryimage\",\"url\":\"https:\/\/i2.wp.com\/miradordemorayma.com\/wp-content\/uploads\/2021\/11\/WhatsApp-Image-2021-11-22-at-10.44.46-1.jpeg?fit=731%2C1024\",\"contentUrl\":\"https:\/\/i2.wp.com\/miradordemorayma.com\/wp-content\/uploads\/2021\/11\/WhatsApp-Image-2021-11-22-at-10.44.46-1.jpeg?fit=731%2C1024\"},{\"@type\":\"BreadcrumbList\",\"@id\":\"https:\/\/miradordemorayma.com\/tarde-de-flamenco-25-11-21\/#breadcrumb\",\"itemListElement\":[{\"@type\":\"ListItem\",\"position\":1,\"name\":\"Portada\",\"item\":\"https:\/\/miradordemorayma.com\/\"},{\"@type\":\"ListItem\",\"position\":2,\"name\":\"Tarde de flamenco 25\/11\/21\"}]},{\"@type\":\"WebSite\",\"@id\":\"https:\/\/miradordemorayma.com\/#website\",\"url\":\"https:\/\/miradordemorayma.com\/\",\"name\":\"Mirador de Morayma\",\"description\":\"Restaurante Mirador en Albayc\u00edn\",\"publisher\":{\"@id\":\"https:\/\/miradordemorayma.com\/#organization\"},\"potentialAction\":[{\"@type\":\"SearchAction\",\"target\":{\"@type\":\"EntryPoint\",\"urlTemplate\":\"https:\/\/miradordemorayma.com\/?s={search_term_string}\"},\"query-input\":{\"@type\":\"PropertyValueSpecification\",\"valueRequired\":true,\"valueName\":\"search_term_string\"}}],\"inLanguage\":\"en-US\"},{\"@type\":\"Organization\",\"@id\":\"https:\/\/miradordemorayma.com\/#organization\",\"name\":\"Mirador de Morayma\",\"url\":\"https:\/\/miradordemorayma.com\/\",\"logo\":{\"@type\":\"ImageObject\",\"inLanguage\":\"en-US\",\"@id\":\"https:\/\/miradordemorayma.com\/#\/schema\/logo\/image\/\",\"url\":\"https:\/\/i0.wp.com\/miradordemorayma.com\/wp-content\/uploads\/2016\/12\/LOGO-TRANSPARENTE-WEB.png?fit=100%2C74&ssl=1\",\"contentUrl\":\"https:\/\/i0.wp.com\/miradordemorayma.com\/wp-content\/uploads\/2016\/12\/LOGO-TRANSPARENTE-WEB.png?fit=100%2C74&ssl=1\",\"width\":100,\"height\":74,\"caption\":\"Mirador de Morayma\"},\"image\":{\"@id\":\"https:\/\/miradordemorayma.com\/#\/schema\/logo\/image\/\"},\"sameAs\":[\"http:\/\/www.facebook.com\/MiradordeMorayma\/\",\"https:\/\/x.com\/miradormorayma\"]}]}<\/script>\n<!-- \/ Yoast SEO plugin. -->","yoast_head_json":{"title":"Tarde de flamenco 25\/11\/21 - Mirador de Morayma","robots":{"index":"index","follow":"follow","max-snippet":"max-snippet:-1","max-image-preview":"max-image-preview:large","max-video-preview":"max-video-preview:-1"},"canonical":"https:\/\/miradordemorayma.com\/tarde-de-flamenco-25-11-21\/","og_locale":"en_US","og_type":"article","og_title":"Tarde de flamenco 25\/11\/21 - Mirador de Morayma","og_url":"https:\/\/miradordemorayma.com\/tarde-de-flamenco-25-11-21\/","og_site_name":"Mirador de Morayma","article_publisher":"http:\/\/www.facebook.com\/MiradordeMorayma\/","article_modified_time":"2021-11-22T10:38:59+00:00","og_image":[{"url":"https:\/\/i2.wp.com\/miradordemorayma.com\/wp-content\/uploads\/2021\/11\/WhatsApp-Image-2021-11-22-at-10.44.46-1.jpeg?fit=731%2C1024"}],"twitter_card":"summary_large_image","twitter_site":"@miradormorayma","twitter_misc":{"Est. reading time":"1 minute"},"schema":{"@context":"https:\/\/schema.org","@graph":[{"@type":"WebPage","@id":"https:\/\/miradordemorayma.com\/tarde-de-flamenco-25-11-21\/","url":"https:\/\/miradordemorayma.com\/tarde-de-flamenco-25-11-21\/","name":"Tarde de flamenco 25\/11\/21 - Mirador de Morayma","isPartOf":{"@id":"https:\/\/miradordemorayma.com\/#website"},"primaryImageOfPage":{"@id":"https:\/\/miradordemorayma.com\/tarde-de-flamenco-25-11-21\/#primaryimage"},"image":{"@id":"https:\/\/miradordemorayma.com\/tarde-de-flamenco-25-11-21\/#primaryimage"},"thumbnailUrl":"https:\/\/i2.wp.com\/miradordemorayma.com\/wp-content\/uploads\/2021\/11\/WhatsApp-Image-2021-11-22-at-10.44.46-1.jpeg?fit=731%2C1024","datePublished":"2021-11-22T10:38:52+00:00","dateModified":"2021-11-22T10:38:59+00:00","breadcrumb":{"@id":"https:\/\/miradordemorayma.com\/tarde-de-flamenco-25-11-21\/#breadcrumb"},"inLanguage":"en-US","potentialAction":[{"@type":"ReadAction","target":["https:\/\/miradordemorayma.com\/tarde-de-flamenco-25-11-21\/"]}]},{"@type":"ImageObject","inLanguage":"en-US","@id":"https:\/\/miradordemorayma.com\/tarde-de-flamenco-25-11-21\/#primaryimage","url":"https:\/\/i2.wp.com\/miradordemorayma.com\/wp-content\/uploads\/2021\/11\/WhatsApp-Image-2021-11-22-at-10.44.46-1.jpeg?fit=731%2C1024","contentUrl":"https:\/\/i2.wp.com\/miradordemorayma.com\/wp-content\/uploads\/2021\/11\/WhatsApp-Image-2021-11-22-at-10.44.46-1.jpeg?fit=731%2C1024"},{"@type":"BreadcrumbList","@id":"https:\/\/miradordemorayma.com\/tarde-de-flamenco-25-11-21\/#breadcrumb","itemListElement":[{"@type":"ListItem","position":1,"name":"Portada","item":"https:\/\/miradordemorayma.com\/"},{"@type":"ListItem","position":2,"name":"Tarde de flamenco 25\/11\/21"}]},{"@type":"WebSite","@id":"https:\/\/miradordemorayma.com\/#website","url":"https:\/\/miradordemorayma.com\/","name":"Mirador de Morayma","description":"Restaurante Mirador en Albayc\u00edn","publisher":{"@id":"https:\/\/miradordemorayma.com\/#organization"},"potentialAction":[{"@type":"SearchAction","target":{"@type":"EntryPoint","urlTemplate":"https:\/\/miradordemorayma.com\/?s={search_term_string}"},"query-input":{"@type":"PropertyValueSpecification","valueRequired":true,"valueName":"search_term_string"}}],"inLanguage":"en-US"},{"@type":"Organization","@id":"https:\/\/miradordemorayma.com\/#organization","name":"Mirador de Morayma","url":"https:\/\/miradordemorayma.com\/","logo":{"@type":"ImageObject","inLanguage":"en-US","@id":"https:\/\/miradordemorayma.com\/#\/schema\/logo\/image\/","url":"https:\/\/i0.wp.com\/miradordemorayma.com\/wp-content\/uploads\/2016\/12\/LOGO-TRANSPARENTE-WEB.png?fit=100%2C74&ssl=1","contentUrl":"https:\/\/i0.wp.com\/miradordemorayma.com\/wp-content\/uploads\/2016\/12\/LOGO-TRANSPARENTE-WEB.png?fit=100%2C74&ssl=1","width":100,"height":74,"caption":"Mirador de Morayma"},"image":{"@id":"https:\/\/miradordemorayma.com\/#\/schema\/logo\/image\/"},"sameAs":["http:\/\/www.facebook.com\/MiradordeMorayma\/","https:\/\/x.com\/miradormorayma"]}]}},"jetpack_sharing_enabled":true,"jetpack_shortlink":"https:\/\/wp.me\/P8tmoG-lA","jetpack-related-posts":[],"_links":{"self":[{"href":"https:\/\/miradordemorayma.com\/en\/wp-json\/wp\/v2\/pages\/1338"}],"collection":[{"href":"https:\/\/miradordemorayma.com\/en\/wp-json\/wp\/v2\/pages"}],"about":[{"href":"https:\/\/miradordemorayma.com\/en\/wp-json\/wp\/v2\/types\/page"}],"author":[{"embeddable":true,"href":"https:\/\/miradordemorayma.com\/en\/wp-json\/wp\/v2\/users\/1"}],"replies":[{"embeddable":true,"href":"https:\/\/miradordemorayma.com\/en\/wp-json\/wp\/v2\/comments?post=1338"}],"version-history":[{"count":1,"href":"https:\/\/miradordemorayma.com\/en\/wp-json\/wp\/v2\/pages\/1338\/revisions"}],"predecessor-version":[{"id":1340,"href":"https:\/\/miradordemorayma.com\/en\/wp-json\/wp\/v2\/pages\/1338\/revisions\/1340"}],"wp:attachment":[{"href":"https:\/\/miradordemorayma.com\/en\/wp-json\/wp\/v2\/media?parent=1338"}],"curies":[{"name":"wp","href":"https:\/\/api.w.org\/{rel}","templated":true}]}}