{"id":1317,"date":"2021-07-20T08:38:23","date_gmt":"2021-07-20T08:38:23","guid":{"rendered":"http:\/\/miradordemorayma.com\/?page_id=1317"},"modified":"2021-07-21T07:01:51","modified_gmt":"2021-07-21T07:01:51","slug":"espectaculo-de-musica-y-danza","status":"publish","type":"page","link":"https:\/\/miradordemorayma.com\/en\/espectaculo-de-musica-y-danza\/","title":{"rendered":"Espect\u00e1culo de m\u00fasica y danza 28\/07\/21"},"content":{"rendered":"\n<div class=\"wp-block-image\"><figure class=\"aligncenter is-resized\"><img loading=\"lazy\" decoding=\"async\" data-attachment-id=\"1318\" data-permalink=\"https:\/\/miradordemorayma.com\/en\/espectaculo-de-musica-y-danza\/whatsapp-image-2021-07-19-at-12-22-21-2\/\" data-orig-file=\"https:\/\/i0.wp.com\/miradordemorayma.com\/wp-content\/uploads\/2021\/07\/WhatsApp-Image-2021-07-19-at-12.22.21-1.jpeg?fit=1255%2C1600&amp;ssl=1\" data-orig-size=\"1255,1600\" data-comments-opened=\"1\" data-image-meta=\"{&quot;aperture&quot;:&quot;0&quot;,&quot;credit&quot;:&quot;&quot;,&quot;camera&quot;:&quot;&quot;,&quot;caption&quot;:&quot;&quot;,&quot;created_timestamp&quot;:&quot;0&quot;,&quot;copyright&quot;:&quot;&quot;,&quot;focal_length&quot;:&quot;0&quot;,&quot;iso&quot;:&quot;0&quot;,&quot;shutter_speed&quot;:&quot;0&quot;,&quot;title&quot;:&quot;&quot;,&quot;orientation&quot;:&quot;0&quot;}\" data-image-title=\"WhatsApp Image 2021-07-19 at 12.22.21\" data-image-description=\"\" data-image-caption=\"\" data-medium-file=\"https:\/\/i0.wp.com\/miradordemorayma.com\/wp-content\/uploads\/2021\/07\/WhatsApp-Image-2021-07-19-at-12.22.21-1.jpeg?fit=235%2C300&amp;ssl=1\" data-large-file=\"https:\/\/i0.wp.com\/miradordemorayma.com\/wp-content\/uploads\/2021\/07\/WhatsApp-Image-2021-07-19-at-12.22.21-1.jpeg?fit=750%2C956&amp;ssl=1\" tabindex=\"0\" role=\"button\" src=\"https:\/\/i2.wp.com\/miradordemorayma.com\/wp-content\/uploads\/2021\/07\/WhatsApp-Image-2021-07-19-at-12.22.21-1.jpeg?fit=750%2C956\" alt=\"\" class=\"wp-image-1318\" width=\"375\" height=\"478\" srcset=\"https:\/\/i0.wp.com\/miradordemorayma.com\/wp-content\/uploads\/2021\/07\/WhatsApp-Image-2021-07-19-at-12.22.21-1.jpeg?w=1255&amp;ssl=1 1255w, https:\/\/i0.wp.com\/miradordemorayma.com\/wp-content\/uploads\/2021\/07\/WhatsApp-Image-2021-07-19-at-12.22.21-1.jpeg?resize=235%2C300&amp;ssl=1 235w, https:\/\/i0.wp.com\/miradordemorayma.com\/wp-content\/uploads\/2021\/07\/WhatsApp-Image-2021-07-19-at-12.22.21-1.jpeg?resize=768%2C979&amp;ssl=1 768w, https:\/\/i0.wp.com\/miradordemorayma.com\/wp-content\/uploads\/2021\/07\/WhatsApp-Image-2021-07-19-at-12.22.21-1.jpeg?resize=803%2C1024&amp;ssl=1 803w\" sizes=\"(max-width: 375px) 100vw, 375px\" \/><figcaption>&#x2728;\u00bfQuieres vivir el embrujo oriental de la ciudad de Granada en uno de sus c\u00e1rmenes del Albayz\u00edn..?&#x2728; Ven con nosotr@s el pr\u00f3ximo mi\u00e9rcoles 28 de julio al Restaurante Mirador de Morayma, y vivir\u00e1s la magia de la m\u00fasica y danza \u00e1rabe en su esplendor con grandes artistas invitados&#x1f3b6;&#x1f33a;&#x1f3b5;: desde Siria Mahmoud Fares al cante y desde Sud\u00e1n\/Madrid Wafir Gibril al la\u00fad, ney, acorde\u00f3n\u2026 Por supuesto Juana Larreta en las percusiones, Marta Iglesias en el viol\u00edn y Carmen de Miguel al baile &#x1f483;&#x1f3ff;&#x2763;&#xfe0f; imprescindible reservar (aforo muy limitado): 958228290 \/ mirador@miradordemorayma.com<\/figcaption><\/figure><\/div>\n","protected":false},"excerpt":{"rendered":"","protected":false},"author":1,"featured_media":0,"parent":0,"menu_order":0,"comment_status":"closed","ping_status":"closed","template":"","meta":{"jetpack_post_was_ever_published":false,"footnotes":""},"yoast_head":"<!-- This site is optimized with the Yoast SEO plugin v23.5 - https:\/\/yoast.com\/wordpress\/plugins\/seo\/ -->\n<title>Espect\u00e1culo de m\u00fasica y danza 28\/07\/21 - Mirador de Morayma<\/title>\n<meta name=\"robots\" content=\"index, follow, max-snippet:-1, max-image-preview:large, max-video-preview:-1\" \/>\n<link rel=\"canonical\" href=\"https:\/\/miradordemorayma.com\/espectaculo-de-musica-y-danza\/\" \/>\n<meta property=\"og:locale\" content=\"en_US\" \/>\n<meta property=\"og:type\" content=\"article\" \/>\n<meta property=\"og:title\" content=\"Espect\u00e1culo de m\u00fasica y danza 28\/07\/21 - Mirador de Morayma\" \/>\n<meta property=\"og:url\" content=\"https:\/\/miradordemorayma.com\/espectaculo-de-musica-y-danza\/\" \/>\n<meta property=\"og:site_name\" content=\"Mirador de Morayma\" \/>\n<meta property=\"article:publisher\" content=\"http:\/\/www.facebook.com\/MiradordeMorayma\/\" \/>\n<meta property=\"article:modified_time\" content=\"2021-07-21T07:01:51+00:00\" \/>\n<meta property=\"og:image\" content=\"https:\/\/i2.wp.com\/miradordemorayma.com\/wp-content\/uploads\/2021\/07\/WhatsApp-Image-2021-07-19-at-12.22.21-1.jpeg?fit=750%2C956\" \/>\n<meta name=\"twitter:card\" content=\"summary_large_image\" \/>\n<meta name=\"twitter:site\" content=\"@miradormorayma\" \/>\n<meta name=\"twitter:label1\" content=\"Est. reading time\" \/>\n\t<meta name=\"twitter:data1\" content=\"1 minute\" \/>\n<script type=\"application\/ld+json\" class=\"yoast-schema-graph\">{\"@context\":\"https:\/\/schema.org\",\"@graph\":[{\"@type\":\"WebPage\",\"@id\":\"https:\/\/miradordemorayma.com\/espectaculo-de-musica-y-danza\/\",\"url\":\"https:\/\/miradordemorayma.com\/espectaculo-de-musica-y-danza\/\",\"name\":\"Espect\u00e1culo de m\u00fasica y danza 28\/07\/21 - Mirador de Morayma\",\"isPartOf\":{\"@id\":\"https:\/\/miradordemorayma.com\/#website\"},\"primaryImageOfPage\":{\"@id\":\"https:\/\/miradordemorayma.com\/espectaculo-de-musica-y-danza\/#primaryimage\"},\"image\":{\"@id\":\"https:\/\/miradordemorayma.com\/espectaculo-de-musica-y-danza\/#primaryimage\"},\"thumbnailUrl\":\"https:\/\/i2.wp.com\/miradordemorayma.com\/wp-content\/uploads\/2021\/07\/WhatsApp-Image-2021-07-19-at-12.22.21-1.jpeg?fit=750%2C956\",\"datePublished\":\"2021-07-20T08:38:23+00:00\",\"dateModified\":\"2021-07-21T07:01:51+00:00\",\"breadcrumb\":{\"@id\":\"https:\/\/miradordemorayma.com\/espectaculo-de-musica-y-danza\/#breadcrumb\"},\"inLanguage\":\"en-US\",\"potentialAction\":[{\"@type\":\"ReadAction\",\"target\":[\"https:\/\/miradordemorayma.com\/espectaculo-de-musica-y-danza\/\"]}]},{\"@type\":\"ImageObject\",\"inLanguage\":\"en-US\",\"@id\":\"https:\/\/miradordemorayma.com\/espectaculo-de-musica-y-danza\/#primaryimage\",\"url\":\"https:\/\/i2.wp.com\/miradordemorayma.com\/wp-content\/uploads\/2021\/07\/WhatsApp-Image-2021-07-19-at-12.22.21-1.jpeg?fit=750%2C956\",\"contentUrl\":\"https:\/\/i2.wp.com\/miradordemorayma.com\/wp-content\/uploads\/2021\/07\/WhatsApp-Image-2021-07-19-at-12.22.21-1.jpeg?fit=750%2C956\"},{\"@type\":\"BreadcrumbList\",\"@id\":\"https:\/\/miradordemorayma.com\/espectaculo-de-musica-y-danza\/#breadcrumb\",\"itemListElement\":[{\"@type\":\"ListItem\",\"position\":1,\"name\":\"Portada\",\"item\":\"https:\/\/miradordemorayma.com\/\"},{\"@type\":\"ListItem\",\"position\":2,\"name\":\"Espect\u00e1culo de m\u00fasica y danza 28\/07\/21\"}]},{\"@type\":\"WebSite\",\"@id\":\"https:\/\/miradordemorayma.com\/#website\",\"url\":\"https:\/\/miradordemorayma.com\/\",\"name\":\"Mirador de Morayma\",\"description\":\"Restaurante Mirador en Albayc\u00edn\",\"publisher\":{\"@id\":\"https:\/\/miradordemorayma.com\/#organization\"},\"potentialAction\":[{\"@type\":\"SearchAction\",\"target\":{\"@type\":\"EntryPoint\",\"urlTemplate\":\"https:\/\/miradordemorayma.com\/?s={search_term_string}\"},\"query-input\":{\"@type\":\"PropertyValueSpecification\",\"valueRequired\":true,\"valueName\":\"search_term_string\"}}],\"inLanguage\":\"en-US\"},{\"@type\":\"Organization\",\"@id\":\"https:\/\/miradordemorayma.com\/#organization\",\"name\":\"Mirador de Morayma\",\"url\":\"https:\/\/miradordemorayma.com\/\",\"logo\":{\"@type\":\"ImageObject\",\"inLanguage\":\"en-US\",\"@id\":\"https:\/\/miradordemorayma.com\/#\/schema\/logo\/image\/\",\"url\":\"https:\/\/i0.wp.com\/miradordemorayma.com\/wp-content\/uploads\/2016\/12\/LOGO-TRANSPARENTE-WEB.png?fit=100%2C74&ssl=1\",\"contentUrl\":\"https:\/\/i0.wp.com\/miradordemorayma.com\/wp-content\/uploads\/2016\/12\/LOGO-TRANSPARENTE-WEB.png?fit=100%2C74&ssl=1\",\"width\":100,\"height\":74,\"caption\":\"Mirador de Morayma\"},\"image\":{\"@id\":\"https:\/\/miradordemorayma.com\/#\/schema\/logo\/image\/\"},\"sameAs\":[\"http:\/\/www.facebook.com\/MiradordeMorayma\/\",\"https:\/\/x.com\/miradormorayma\"]}]}<\/script>\n<!-- \/ Yoast SEO plugin. -->","yoast_head_json":{"title":"Espect\u00e1culo de m\u00fasica y danza 28\/07\/21 - Mirador de Morayma","robots":{"index":"index","follow":"follow","max-snippet":"max-snippet:-1","max-image-preview":"max-image-preview:large","max-video-preview":"max-video-preview:-1"},"canonical":"https:\/\/miradordemorayma.com\/espectaculo-de-musica-y-danza\/","og_locale":"en_US","og_type":"article","og_title":"Espect\u00e1culo de m\u00fasica y danza 28\/07\/21 - Mirador de Morayma","og_url":"https:\/\/miradordemorayma.com\/espectaculo-de-musica-y-danza\/","og_site_name":"Mirador de Morayma","article_publisher":"http:\/\/www.facebook.com\/MiradordeMorayma\/","article_modified_time":"2021-07-21T07:01:51+00:00","og_image":[{"url":"https:\/\/i2.wp.com\/miradordemorayma.com\/wp-content\/uploads\/2021\/07\/WhatsApp-Image-2021-07-19-at-12.22.21-1.jpeg?fit=750%2C956"}],"twitter_card":"summary_large_image","twitter_site":"@miradormorayma","twitter_misc":{"Est. reading time":"1 minute"},"schema":{"@context":"https:\/\/schema.org","@graph":[{"@type":"WebPage","@id":"https:\/\/miradordemorayma.com\/espectaculo-de-musica-y-danza\/","url":"https:\/\/miradordemorayma.com\/espectaculo-de-musica-y-danza\/","name":"Espect\u00e1culo de m\u00fasica y danza 28\/07\/21 - Mirador de Morayma","isPartOf":{"@id":"https:\/\/miradordemorayma.com\/#website"},"primaryImageOfPage":{"@id":"https:\/\/miradordemorayma.com\/espectaculo-de-musica-y-danza\/#primaryimage"},"image":{"@id":"https:\/\/miradordemorayma.com\/espectaculo-de-musica-y-danza\/#primaryimage"},"thumbnailUrl":"https:\/\/i2.wp.com\/miradordemorayma.com\/wp-content\/uploads\/2021\/07\/WhatsApp-Image-2021-07-19-at-12.22.21-1.jpeg?fit=750%2C956","datePublished":"2021-07-20T08:38:23+00:00","dateModified":"2021-07-21T07:01:51+00:00","breadcrumb":{"@id":"https:\/\/miradordemorayma.com\/espectaculo-de-musica-y-danza\/#breadcrumb"},"inLanguage":"en-US","potentialAction":[{"@type":"ReadAction","target":["https:\/\/miradordemorayma.com\/espectaculo-de-musica-y-danza\/"]}]},{"@type":"ImageObject","inLanguage":"en-US","@id":"https:\/\/miradordemorayma.com\/espectaculo-de-musica-y-danza\/#primaryimage","url":"https:\/\/i2.wp.com\/miradordemorayma.com\/wp-content\/uploads\/2021\/07\/WhatsApp-Image-2021-07-19-at-12.22.21-1.jpeg?fit=750%2C956","contentUrl":"https:\/\/i2.wp.com\/miradordemorayma.com\/wp-content\/uploads\/2021\/07\/WhatsApp-Image-2021-07-19-at-12.22.21-1.jpeg?fit=750%2C956"},{"@type":"BreadcrumbList","@id":"https:\/\/miradordemorayma.com\/espectaculo-de-musica-y-danza\/#breadcrumb","itemListElement":[{"@type":"ListItem","position":1,"name":"Portada","item":"https:\/\/miradordemorayma.com\/"},{"@type":"ListItem","position":2,"name":"Espect\u00e1culo de m\u00fasica y danza 28\/07\/21"}]},{"@type":"WebSite","@id":"https:\/\/miradordemorayma.com\/#website","url":"https:\/\/miradordemorayma.com\/","name":"Mirador de Morayma","description":"Restaurante Mirador en Albayc\u00edn","publisher":{"@id":"https:\/\/miradordemorayma.com\/#organization"},"potentialAction":[{"@type":"SearchAction","target":{"@type":"EntryPoint","urlTemplate":"https:\/\/miradordemorayma.com\/?s={search_term_string}"},"query-input":{"@type":"PropertyValueSpecification","valueRequired":true,"valueName":"search_term_string"}}],"inLanguage":"en-US"},{"@type":"Organization","@id":"https:\/\/miradordemorayma.com\/#organization","name":"Mirador de Morayma","url":"https:\/\/miradordemorayma.com\/","logo":{"@type":"ImageObject","inLanguage":"en-US","@id":"https:\/\/miradordemorayma.com\/#\/schema\/logo\/image\/","url":"https:\/\/i0.wp.com\/miradordemorayma.com\/wp-content\/uploads\/2016\/12\/LOGO-TRANSPARENTE-WEB.png?fit=100%2C74&ssl=1","contentUrl":"https:\/\/i0.wp.com\/miradordemorayma.com\/wp-content\/uploads\/2016\/12\/LOGO-TRANSPARENTE-WEB.png?fit=100%2C74&ssl=1","width":100,"height":74,"caption":"Mirador de Morayma"},"image":{"@id":"https:\/\/miradordemorayma.com\/#\/schema\/logo\/image\/"},"sameAs":["http:\/\/www.facebook.com\/MiradordeMorayma\/","https:\/\/x.com\/miradormorayma"]}]}},"jetpack_sharing_enabled":true,"jetpack_shortlink":"https:\/\/wp.me\/P8tmoG-lf","jetpack-related-posts":[],"_links":{"self":[{"href":"https:\/\/miradordemorayma.com\/en\/wp-json\/wp\/v2\/pages\/1317"}],"collection":[{"href":"https:\/\/miradordemorayma.com\/en\/wp-json\/wp\/v2\/pages"}],"about":[{"href":"https:\/\/miradordemorayma.com\/en\/wp-json\/wp\/v2\/types\/page"}],"author":[{"embeddable":true,"href":"https:\/\/miradordemorayma.com\/en\/wp-json\/wp\/v2\/users\/1"}],"replies":[{"embeddable":true,"href":"https:\/\/miradordemorayma.com\/en\/wp-json\/wp\/v2\/comments?post=1317"}],"version-history":[{"count":2,"href":"https:\/\/miradordemorayma.com\/en\/wp-json\/wp\/v2\/pages\/1317\/revisions"}],"predecessor-version":[{"id":1329,"href":"https:\/\/miradordemorayma.com\/en\/wp-json\/wp\/v2\/pages\/1317\/revisions\/1329"}],"wp:attachment":[{"href":"https:\/\/miradordemorayma.com\/en\/wp-json\/wp\/v2\/media?parent=1317"}],"curies":[{"name":"wp","href":"https:\/\/api.w.org\/{rel}","templated":true}]}}