{"id":1308,"date":"2021-05-28T11:23:48","date_gmt":"2021-05-28T11:23:48","guid":{"rendered":"http:\/\/miradordemorayma.com\/?page_id=1308"},"modified":"2021-05-28T11:23:52","modified_gmt":"2021-05-28T11:23:52","slug":"concierto-3-6-21","status":"publish","type":"page","link":"https:\/\/miradordemorayma.com\/en\/concierto-3-6-21\/","title":{"rendered":"Concierto 3\/6\/21"},"content":{"rendered":"\n<div class=\"wp-block-image\"><figure class=\"aligncenter is-resized\"><img loading=\"lazy\" decoding=\"async\" data-attachment-id=\"1309\" data-permalink=\"https:\/\/miradordemorayma.com\/en\/concierto-3-6-21\/whatsapp-image-2021-05-28-at-13-04-41-2\/\" data-orig-file=\"https:\/\/i0.wp.com\/miradordemorayma.com\/wp-content\/uploads\/2021\/05\/WhatsApp-Image-2021-05-28-at-13.04.41-1.jpeg?fit=878%2C1214&amp;ssl=1\" data-orig-size=\"878,1214\" data-comments-opened=\"1\" data-image-meta=\"{&quot;aperture&quot;:&quot;0&quot;,&quot;credit&quot;:&quot;&quot;,&quot;camera&quot;:&quot;&quot;,&quot;caption&quot;:&quot;&quot;,&quot;created_timestamp&quot;:&quot;0&quot;,&quot;copyright&quot;:&quot;&quot;,&quot;focal_length&quot;:&quot;0&quot;,&quot;iso&quot;:&quot;0&quot;,&quot;shutter_speed&quot;:&quot;0&quot;,&quot;title&quot;:&quot;&quot;,&quot;orientation&quot;:&quot;0&quot;}\" data-image-title=\"concierto\" data-image-description=\"\" data-image-caption=\"\" data-medium-file=\"https:\/\/i0.wp.com\/miradordemorayma.com\/wp-content\/uploads\/2021\/05\/WhatsApp-Image-2021-05-28-at-13.04.41-1.jpeg?fit=217%2C300&amp;ssl=1\" data-large-file=\"https:\/\/i0.wp.com\/miradordemorayma.com\/wp-content\/uploads\/2021\/05\/WhatsApp-Image-2021-05-28-at-13.04.41-1.jpeg?fit=741%2C1024&amp;ssl=1\" tabindex=\"0\" role=\"button\" src=\"https:\/\/i0.wp.com\/miradordemorayma.com\/wp-content\/uploads\/2021\/05\/WhatsApp-Image-2021-05-28-at-13.04.41-1.jpeg?fit=741%2C1024\" alt=\"\" class=\"wp-image-1309\" width=\"371\" height=\"512\" srcset=\"https:\/\/i0.wp.com\/miradordemorayma.com\/wp-content\/uploads\/2021\/05\/WhatsApp-Image-2021-05-28-at-13.04.41-1.jpeg?w=878&amp;ssl=1 878w, https:\/\/i0.wp.com\/miradordemorayma.com\/wp-content\/uploads\/2021\/05\/WhatsApp-Image-2021-05-28-at-13.04.41-1.jpeg?resize=217%2C300&amp;ssl=1 217w, https:\/\/i0.wp.com\/miradordemorayma.com\/wp-content\/uploads\/2021\/05\/WhatsApp-Image-2021-05-28-at-13.04.41-1.jpeg?resize=768%2C1062&amp;ssl=1 768w, https:\/\/i0.wp.com\/miradordemorayma.com\/wp-content\/uploads\/2021\/05\/WhatsApp-Image-2021-05-28-at-13.04.41-1.jpeg?resize=741%2C1024&amp;ssl=1 741w\" sizes=\"(max-width: 371px) 100vw, 371px\" \/><figcaption>Mirador de Morayma,  A las 19:30 el 3 de Junio <br> Con la participaci\u00f3n de: Blanca Alarc\u00f3n (cello) <br> Ramon Soriano (guitarra), Malou Colombet (cantante), Toby Shippey (cantautor y trompeta), Matthew Bach (cantautor) <br> y un toque de poes\u00eda de: Alfredo Lombardo <br><br><br> Una noche de m\u00fasica, poes\u00eda, y vino con palabras en Espa\u00f1ol, Ingl\u00e9s, y Franc\u00e9s <br><br> El espect\u00e1culo incluye artistas de Francia, Escoc\u00eda, Ja\u00e9n, y los EEUU<br><br><br><br> Haga Su Reserva <br> 958 22 82 90<br> Entrada con consumici\u00f3n: \u20ac10<\/figcaption><\/figure><\/div>\n","protected":false},"excerpt":{"rendered":"","protected":false},"author":1,"featured_media":0,"parent":0,"menu_order":0,"comment_status":"closed","ping_status":"closed","template":"","meta":{"jetpack_post_was_ever_published":false,"footnotes":""},"yoast_head":"<!-- This site is optimized with the Yoast SEO plugin v23.5 - https:\/\/yoast.com\/wordpress\/plugins\/seo\/ -->\n<title>Concierto 3\/6\/21 - Mirador de Morayma<\/title>\n<meta name=\"robots\" content=\"index, follow, max-snippet:-1, max-image-preview:large, max-video-preview:-1\" \/>\n<link rel=\"canonical\" href=\"https:\/\/miradordemorayma.com\/concierto-3-6-21\/\" \/>\n<meta property=\"og:locale\" content=\"en_US\" \/>\n<meta property=\"og:type\" content=\"article\" \/>\n<meta property=\"og:title\" content=\"Concierto 3\/6\/21 - Mirador de Morayma\" \/>\n<meta property=\"og:url\" content=\"https:\/\/miradordemorayma.com\/concierto-3-6-21\/\" \/>\n<meta property=\"og:site_name\" content=\"Mirador de Morayma\" \/>\n<meta property=\"article:publisher\" content=\"http:\/\/www.facebook.com\/MiradordeMorayma\/\" \/>\n<meta property=\"article:modified_time\" content=\"2021-05-28T11:23:52+00:00\" \/>\n<meta property=\"og:image\" content=\"https:\/\/i0.wp.com\/miradordemorayma.com\/wp-content\/uploads\/2021\/05\/WhatsApp-Image-2021-05-28-at-13.04.41-1.jpeg?fit=741%2C1024\" \/>\n<meta name=\"twitter:card\" content=\"summary_large_image\" \/>\n<meta name=\"twitter:site\" content=\"@miradormorayma\" \/>\n<script type=\"application\/ld+json\" class=\"yoast-schema-graph\">{\"@context\":\"https:\/\/schema.org\",\"@graph\":[{\"@type\":\"WebPage\",\"@id\":\"https:\/\/miradordemorayma.com\/concierto-3-6-21\/\",\"url\":\"https:\/\/miradordemorayma.com\/concierto-3-6-21\/\",\"name\":\"Concierto 3\/6\/21 - Mirador de Morayma\",\"isPartOf\":{\"@id\":\"https:\/\/miradordemorayma.com\/#website\"},\"primaryImageOfPage\":{\"@id\":\"https:\/\/miradordemorayma.com\/concierto-3-6-21\/#primaryimage\"},\"image\":{\"@id\":\"https:\/\/miradordemorayma.com\/concierto-3-6-21\/#primaryimage\"},\"thumbnailUrl\":\"https:\/\/i0.wp.com\/miradordemorayma.com\/wp-content\/uploads\/2021\/05\/WhatsApp-Image-2021-05-28-at-13.04.41-1.jpeg?fit=741%2C1024\",\"datePublished\":\"2021-05-28T11:23:48+00:00\",\"dateModified\":\"2021-05-28T11:23:52+00:00\",\"breadcrumb\":{\"@id\":\"https:\/\/miradordemorayma.com\/concierto-3-6-21\/#breadcrumb\"},\"inLanguage\":\"en-US\",\"potentialAction\":[{\"@type\":\"ReadAction\",\"target\":[\"https:\/\/miradordemorayma.com\/concierto-3-6-21\/\"]}]},{\"@type\":\"ImageObject\",\"inLanguage\":\"en-US\",\"@id\":\"https:\/\/miradordemorayma.com\/concierto-3-6-21\/#primaryimage\",\"url\":\"https:\/\/i0.wp.com\/miradordemorayma.com\/wp-content\/uploads\/2021\/05\/WhatsApp-Image-2021-05-28-at-13.04.41-1.jpeg?fit=741%2C1024\",\"contentUrl\":\"https:\/\/i0.wp.com\/miradordemorayma.com\/wp-content\/uploads\/2021\/05\/WhatsApp-Image-2021-05-28-at-13.04.41-1.jpeg?fit=741%2C1024\"},{\"@type\":\"BreadcrumbList\",\"@id\":\"https:\/\/miradordemorayma.com\/concierto-3-6-21\/#breadcrumb\",\"itemListElement\":[{\"@type\":\"ListItem\",\"position\":1,\"name\":\"Portada\",\"item\":\"https:\/\/miradordemorayma.com\/\"},{\"@type\":\"ListItem\",\"position\":2,\"name\":\"Concierto 3\/6\/21\"}]},{\"@type\":\"WebSite\",\"@id\":\"https:\/\/miradordemorayma.com\/#website\",\"url\":\"https:\/\/miradordemorayma.com\/\",\"name\":\"Mirador de Morayma\",\"description\":\"Restaurante Mirador en Albayc\u00edn\",\"publisher\":{\"@id\":\"https:\/\/miradordemorayma.com\/#organization\"},\"potentialAction\":[{\"@type\":\"SearchAction\",\"target\":{\"@type\":\"EntryPoint\",\"urlTemplate\":\"https:\/\/miradordemorayma.com\/?s={search_term_string}\"},\"query-input\":{\"@type\":\"PropertyValueSpecification\",\"valueRequired\":true,\"valueName\":\"search_term_string\"}}],\"inLanguage\":\"en-US\"},{\"@type\":\"Organization\",\"@id\":\"https:\/\/miradordemorayma.com\/#organization\",\"name\":\"Mirador de Morayma\",\"url\":\"https:\/\/miradordemorayma.com\/\",\"logo\":{\"@type\":\"ImageObject\",\"inLanguage\":\"en-US\",\"@id\":\"https:\/\/miradordemorayma.com\/#\/schema\/logo\/image\/\",\"url\":\"https:\/\/i0.wp.com\/miradordemorayma.com\/wp-content\/uploads\/2016\/12\/LOGO-TRANSPARENTE-WEB.png?fit=100%2C74&ssl=1\",\"contentUrl\":\"https:\/\/i0.wp.com\/miradordemorayma.com\/wp-content\/uploads\/2016\/12\/LOGO-TRANSPARENTE-WEB.png?fit=100%2C74&ssl=1\",\"width\":100,\"height\":74,\"caption\":\"Mirador de Morayma\"},\"image\":{\"@id\":\"https:\/\/miradordemorayma.com\/#\/schema\/logo\/image\/\"},\"sameAs\":[\"http:\/\/www.facebook.com\/MiradordeMorayma\/\",\"https:\/\/x.com\/miradormorayma\"]}]}<\/script>\n<!-- \/ Yoast SEO plugin. -->","yoast_head_json":{"title":"Concierto 3\/6\/21 - Mirador de Morayma","robots":{"index":"index","follow":"follow","max-snippet":"max-snippet:-1","max-image-preview":"max-image-preview:large","max-video-preview":"max-video-preview:-1"},"canonical":"https:\/\/miradordemorayma.com\/concierto-3-6-21\/","og_locale":"en_US","og_type":"article","og_title":"Concierto 3\/6\/21 - Mirador de Morayma","og_url":"https:\/\/miradordemorayma.com\/concierto-3-6-21\/","og_site_name":"Mirador de Morayma","article_publisher":"http:\/\/www.facebook.com\/MiradordeMorayma\/","article_modified_time":"2021-05-28T11:23:52+00:00","og_image":[{"url":"https:\/\/i0.wp.com\/miradordemorayma.com\/wp-content\/uploads\/2021\/05\/WhatsApp-Image-2021-05-28-at-13.04.41-1.jpeg?fit=741%2C1024"}],"twitter_card":"summary_large_image","twitter_site":"@miradormorayma","schema":{"@context":"https:\/\/schema.org","@graph":[{"@type":"WebPage","@id":"https:\/\/miradordemorayma.com\/concierto-3-6-21\/","url":"https:\/\/miradordemorayma.com\/concierto-3-6-21\/","name":"Concierto 3\/6\/21 - Mirador de Morayma","isPartOf":{"@id":"https:\/\/miradordemorayma.com\/#website"},"primaryImageOfPage":{"@id":"https:\/\/miradordemorayma.com\/concierto-3-6-21\/#primaryimage"},"image":{"@id":"https:\/\/miradordemorayma.com\/concierto-3-6-21\/#primaryimage"},"thumbnailUrl":"https:\/\/i0.wp.com\/miradordemorayma.com\/wp-content\/uploads\/2021\/05\/WhatsApp-Image-2021-05-28-at-13.04.41-1.jpeg?fit=741%2C1024","datePublished":"2021-05-28T11:23:48+00:00","dateModified":"2021-05-28T11:23:52+00:00","breadcrumb":{"@id":"https:\/\/miradordemorayma.com\/concierto-3-6-21\/#breadcrumb"},"inLanguage":"en-US","potentialAction":[{"@type":"ReadAction","target":["https:\/\/miradordemorayma.com\/concierto-3-6-21\/"]}]},{"@type":"ImageObject","inLanguage":"en-US","@id":"https:\/\/miradordemorayma.com\/concierto-3-6-21\/#primaryimage","url":"https:\/\/i0.wp.com\/miradordemorayma.com\/wp-content\/uploads\/2021\/05\/WhatsApp-Image-2021-05-28-at-13.04.41-1.jpeg?fit=741%2C1024","contentUrl":"https:\/\/i0.wp.com\/miradordemorayma.com\/wp-content\/uploads\/2021\/05\/WhatsApp-Image-2021-05-28-at-13.04.41-1.jpeg?fit=741%2C1024"},{"@type":"BreadcrumbList","@id":"https:\/\/miradordemorayma.com\/concierto-3-6-21\/#breadcrumb","itemListElement":[{"@type":"ListItem","position":1,"name":"Portada","item":"https:\/\/miradordemorayma.com\/"},{"@type":"ListItem","position":2,"name":"Concierto 3\/6\/21"}]},{"@type":"WebSite","@id":"https:\/\/miradordemorayma.com\/#website","url":"https:\/\/miradordemorayma.com\/","name":"Mirador de Morayma","description":"Restaurante Mirador en Albayc\u00edn","publisher":{"@id":"https:\/\/miradordemorayma.com\/#organization"},"potentialAction":[{"@type":"SearchAction","target":{"@type":"EntryPoint","urlTemplate":"https:\/\/miradordemorayma.com\/?s={search_term_string}"},"query-input":{"@type":"PropertyValueSpecification","valueRequired":true,"valueName":"search_term_string"}}],"inLanguage":"en-US"},{"@type":"Organization","@id":"https:\/\/miradordemorayma.com\/#organization","name":"Mirador de Morayma","url":"https:\/\/miradordemorayma.com\/","logo":{"@type":"ImageObject","inLanguage":"en-US","@id":"https:\/\/miradordemorayma.com\/#\/schema\/logo\/image\/","url":"https:\/\/i0.wp.com\/miradordemorayma.com\/wp-content\/uploads\/2016\/12\/LOGO-TRANSPARENTE-WEB.png?fit=100%2C74&ssl=1","contentUrl":"https:\/\/i0.wp.com\/miradordemorayma.com\/wp-content\/uploads\/2016\/12\/LOGO-TRANSPARENTE-WEB.png?fit=100%2C74&ssl=1","width":100,"height":74,"caption":"Mirador de Morayma"},"image":{"@id":"https:\/\/miradordemorayma.com\/#\/schema\/logo\/image\/"},"sameAs":["http:\/\/www.facebook.com\/MiradordeMorayma\/","https:\/\/x.com\/miradormorayma"]}]}},"jetpack_sharing_enabled":true,"jetpack_shortlink":"https:\/\/wp.me\/P8tmoG-l6","jetpack-related-posts":[],"_links":{"self":[{"href":"https:\/\/miradordemorayma.com\/en\/wp-json\/wp\/v2\/pages\/1308"}],"collection":[{"href":"https:\/\/miradordemorayma.com\/en\/wp-json\/wp\/v2\/pages"}],"about":[{"href":"https:\/\/miradordemorayma.com\/en\/wp-json\/wp\/v2\/types\/page"}],"author":[{"embeddable":true,"href":"https:\/\/miradordemorayma.com\/en\/wp-json\/wp\/v2\/users\/1"}],"replies":[{"embeddable":true,"href":"https:\/\/miradordemorayma.com\/en\/wp-json\/wp\/v2\/comments?post=1308"}],"version-history":[{"count":1,"href":"https:\/\/miradordemorayma.com\/en\/wp-json\/wp\/v2\/pages\/1308\/revisions"}],"predecessor-version":[{"id":1310,"href":"https:\/\/miradordemorayma.com\/en\/wp-json\/wp\/v2\/pages\/1308\/revisions\/1310"}],"wp:attachment":[{"href":"https:\/\/miradordemorayma.com\/en\/wp-json\/wp\/v2\/media?parent=1308"}],"curies":[{"name":"wp","href":"https:\/\/api.w.org\/{rel}","templated":true}]}}