{"id":1292,"date":"2021-03-11T13:01:01","date_gmt":"2021-03-11T13:01:01","guid":{"rendered":"http:\/\/miradordemorayma.com\/?page_id=1292"},"modified":"2023-11-21T12:54:29","modified_gmt":"2023-11-21T12:54:29","slug":"concierto-14-03-21","status":"publish","type":"page","link":"https:\/\/miradordemorayma.com\/en\/concierto-14-03-21\/","title":{"rendered":"Concierto 14\/03\/21"},"content":{"rendered":"<div class=\"wp-block-image\">\n<figure class=\"aligncenter is-resized\"><img loading=\"lazy\" decoding=\"async\" width=\"1080\" height=\"1080\" data-attachment-id=\"1293\" data-permalink=\"https:\/\/miradordemorayma.com\/en\/concierto-14-03-21\/unnamed-3\/\" data-orig-file=\"https:\/\/i0.wp.com\/miradordemorayma.com\/wp-content\/uploads\/2021\/03\/unnamed-2.jpg?fit=1080%2C1080&amp;ssl=1\" data-orig-size=\"1080,1080\" data-comments-opened=\"1\" data-image-meta=\"{&quot;aperture&quot;:&quot;0&quot;,&quot;credit&quot;:&quot;&quot;,&quot;camera&quot;:&quot;&quot;,&quot;caption&quot;:&quot;&quot;,&quot;created_timestamp&quot;:&quot;0&quot;,&quot;copyright&quot;:&quot;&quot;,&quot;focal_length&quot;:&quot;0&quot;,&quot;iso&quot;:&quot;0&quot;,&quot;shutter_speed&quot;:&quot;0&quot;,&quot;title&quot;:&quot;&quot;,&quot;orientation&quot;:&quot;0&quot;}\" data-image-title=\"unnamed\" data-image-description=\"\" data-image-caption=\"\" data-medium-file=\"https:\/\/i0.wp.com\/miradordemorayma.com\/wp-content\/uploads\/2021\/03\/unnamed-2.jpg?fit=300%2C300&amp;ssl=1\" data-large-file=\"https:\/\/i0.wp.com\/miradordemorayma.com\/wp-content\/uploads\/2021\/03\/unnamed-2.jpg?fit=750%2C750&amp;ssl=1\" tabindex=\"0\" role=\"button\" src=\"https:\/\/i2.wp.com\/miradordemorayma.com\/wp-content\/uploads\/2021\/03\/unnamed-2.jpg?fit=750%2C750\" alt=\"\" class=\"wp-image-1293\" style=\"width:375px;height:375px\" srcset=\"https:\/\/i0.wp.com\/miradordemorayma.com\/wp-content\/uploads\/2021\/03\/unnamed-2.jpg?w=1080&amp;ssl=1 1080w, https:\/\/i0.wp.com\/miradordemorayma.com\/wp-content\/uploads\/2021\/03\/unnamed-2.jpg?resize=150%2C150&amp;ssl=1 150w, https:\/\/i0.wp.com\/miradordemorayma.com\/wp-content\/uploads\/2021\/03\/unnamed-2.jpg?resize=300%2C300&amp;ssl=1 300w, https:\/\/i0.wp.com\/miradordemorayma.com\/wp-content\/uploads\/2021\/03\/unnamed-2.jpg?resize=768%2C768&amp;ssl=1 768w, https:\/\/i0.wp.com\/miradordemorayma.com\/wp-content\/uploads\/2021\/03\/unnamed-2.jpg?resize=1024%2C1024&amp;ssl=1 1024w, https:\/\/i0.wp.com\/miradordemorayma.com\/wp-content\/uploads\/2021\/03\/unnamed-2.jpg?resize=270%2C270&amp;ssl=1 270w, https:\/\/i0.wp.com\/miradordemorayma.com\/wp-content\/uploads\/2021\/03\/unnamed-2.jpg?resize=230%2C230&amp;ssl=1 230w\" sizes=\"(max-width: 750px) 100vw, 750px\" \/><figcaption class=\"wp-element-caption\"> <br>Celebrando estos espl\u00e9ndidos preprimaverales\u2026<br>\u00a1De vuelta a Jacob Arch en concierto!<br><br><br>Canta-autor de origen holand\u00e9s que presentar\u00e1 una selecci\u00f3n exquisita de canciones de sus \u00faltimos 5 discos, influenciado por variedad de estilos como el folk, jazz, pop y guitarra cl\u00e1sica espa\u00f1ola.<br>Alimento para el alma con sus letras siempre cargadas de poes\u00eda y filosof\u00eda.<br><br><br>Y en esta ocasi\u00f3n<br>\u00a1artista invitado sorpresa!<br><br><br>\u00bfTe animas t\u00fa tambi\u00e9n este finde a este espect\u00e1culo en este entorno \u00fanico albaicinero?<br><br><br>Domingo 14 de marzo a las 12:00<br><br><br>Entrada 8\u20ac con una consumici\u00f3n.<br>Plazas limitadas hasta completar aforo.<br>\u00a1Reserva la tuya!<br><br><br><br>&nbsp;958 228290 \/ 958 224812 \/ 600 433218<br><br>&nbsp;<a rel=\"noreferrer noopener\" href=\"mailto:info@miradordemorayma.com\" target=\"_blank\">info@miradordemorayma.com<\/a><br><br>&nbsp;<a rel=\"noreferrer noopener\" href=\"http:\/\/www.miradordemorayma.com\/\" target=\"_blank\">www.miradordemorayma.com<\/a><br><br><br>Restaurante Mirador de Morayma. Albayz\u00edn, Granada. \/<\/figcaption><\/figure><\/div>","protected":false},"excerpt":{"rendered":"","protected":false},"author":1,"featured_media":0,"parent":0,"menu_order":0,"comment_status":"closed","ping_status":"closed","template":"","meta":{"jetpack_post_was_ever_published":false,"footnotes":""},"yoast_head":"<!-- This site is optimized with the Yoast SEO plugin v23.5 - https:\/\/yoast.com\/wordpress\/plugins\/seo\/ -->\n<title>Concierto 14\/03\/21 - Mirador de Morayma<\/title>\n<meta name=\"robots\" content=\"index, follow, max-snippet:-1, max-image-preview:large, max-video-preview:-1\" \/>\n<link rel=\"canonical\" href=\"https:\/\/miradordemorayma.com\/concierto-14-03-21\/\" \/>\n<meta property=\"og:locale\" content=\"en_US\" \/>\n<meta property=\"og:type\" content=\"article\" \/>\n<meta property=\"og:title\" content=\"Concierto 14\/03\/21 - Mirador de Morayma\" \/>\n<meta property=\"og:url\" content=\"https:\/\/miradordemorayma.com\/concierto-14-03-21\/\" \/>\n<meta property=\"og:site_name\" content=\"Mirador de Morayma\" \/>\n<meta property=\"article:publisher\" content=\"http:\/\/www.facebook.com\/MiradordeMorayma\/\" \/>\n<meta property=\"article:modified_time\" content=\"2023-11-21T12:54:29+00:00\" \/>\n<meta property=\"og:image\" content=\"https:\/\/i2.wp.com\/miradordemorayma.com\/wp-content\/uploads\/2021\/03\/unnamed-2.jpg?fit=750%2C750\" \/>\n<meta name=\"twitter:card\" content=\"summary_large_image\" \/>\n<meta name=\"twitter:site\" content=\"@miradormorayma\" \/>\n<meta name=\"twitter:label1\" content=\"Est. reading time\" \/>\n\t<meta name=\"twitter:data1\" content=\"1 minute\" \/>\n<script type=\"application\/ld+json\" class=\"yoast-schema-graph\">{\"@context\":\"https:\/\/schema.org\",\"@graph\":[{\"@type\":\"WebPage\",\"@id\":\"https:\/\/miradordemorayma.com\/concierto-14-03-21\/\",\"url\":\"https:\/\/miradordemorayma.com\/concierto-14-03-21\/\",\"name\":\"Concierto 14\/03\/21 - Mirador de Morayma\",\"isPartOf\":{\"@id\":\"https:\/\/miradordemorayma.com\/#website\"},\"primaryImageOfPage\":{\"@id\":\"https:\/\/miradordemorayma.com\/concierto-14-03-21\/#primaryimage\"},\"image\":{\"@id\":\"https:\/\/miradordemorayma.com\/concierto-14-03-21\/#primaryimage\"},\"thumbnailUrl\":\"https:\/\/i2.wp.com\/miradordemorayma.com\/wp-content\/uploads\/2021\/03\/unnamed-2.jpg?fit=750%2C750\",\"datePublished\":\"2021-03-11T13:01:01+00:00\",\"dateModified\":\"2023-11-21T12:54:29+00:00\",\"breadcrumb\":{\"@id\":\"https:\/\/miradordemorayma.com\/concierto-14-03-21\/#breadcrumb\"},\"inLanguage\":\"en-US\",\"potentialAction\":[{\"@type\":\"ReadAction\",\"target\":[\"https:\/\/miradordemorayma.com\/concierto-14-03-21\/\"]}]},{\"@type\":\"ImageObject\",\"inLanguage\":\"en-US\",\"@id\":\"https:\/\/miradordemorayma.com\/concierto-14-03-21\/#primaryimage\",\"url\":\"https:\/\/i2.wp.com\/miradordemorayma.com\/wp-content\/uploads\/2021\/03\/unnamed-2.jpg?fit=750%2C750\",\"contentUrl\":\"https:\/\/i2.wp.com\/miradordemorayma.com\/wp-content\/uploads\/2021\/03\/unnamed-2.jpg?fit=750%2C750\"},{\"@type\":\"BreadcrumbList\",\"@id\":\"https:\/\/miradordemorayma.com\/concierto-14-03-21\/#breadcrumb\",\"itemListElement\":[{\"@type\":\"ListItem\",\"position\":1,\"name\":\"Portada\",\"item\":\"https:\/\/miradordemorayma.com\/\"},{\"@type\":\"ListItem\",\"position\":2,\"name\":\"Concierto 14\/03\/21\"}]},{\"@type\":\"WebSite\",\"@id\":\"https:\/\/miradordemorayma.com\/#website\",\"url\":\"https:\/\/miradordemorayma.com\/\",\"name\":\"Mirador de Morayma\",\"description\":\"Restaurante Mirador en Albayc\u00edn\",\"publisher\":{\"@id\":\"https:\/\/miradordemorayma.com\/#organization\"},\"potentialAction\":[{\"@type\":\"SearchAction\",\"target\":{\"@type\":\"EntryPoint\",\"urlTemplate\":\"https:\/\/miradordemorayma.com\/?s={search_term_string}\"},\"query-input\":{\"@type\":\"PropertyValueSpecification\",\"valueRequired\":true,\"valueName\":\"search_term_string\"}}],\"inLanguage\":\"en-US\"},{\"@type\":\"Organization\",\"@id\":\"https:\/\/miradordemorayma.com\/#organization\",\"name\":\"Mirador de Morayma\",\"url\":\"https:\/\/miradordemorayma.com\/\",\"logo\":{\"@type\":\"ImageObject\",\"inLanguage\":\"en-US\",\"@id\":\"https:\/\/miradordemorayma.com\/#\/schema\/logo\/image\/\",\"url\":\"https:\/\/i0.wp.com\/miradordemorayma.com\/wp-content\/uploads\/2016\/12\/LOGO-TRANSPARENTE-WEB.png?fit=100%2C74&ssl=1\",\"contentUrl\":\"https:\/\/i0.wp.com\/miradordemorayma.com\/wp-content\/uploads\/2016\/12\/LOGO-TRANSPARENTE-WEB.png?fit=100%2C74&ssl=1\",\"width\":100,\"height\":74,\"caption\":\"Mirador de Morayma\"},\"image\":{\"@id\":\"https:\/\/miradordemorayma.com\/#\/schema\/logo\/image\/\"},\"sameAs\":[\"http:\/\/www.facebook.com\/MiradordeMorayma\/\",\"https:\/\/x.com\/miradormorayma\"]}]}<\/script>\n<!-- \/ Yoast SEO plugin. -->","yoast_head_json":{"title":"Concierto 14\/03\/21 - Mirador de Morayma","robots":{"index":"index","follow":"follow","max-snippet":"max-snippet:-1","max-image-preview":"max-image-preview:large","max-video-preview":"max-video-preview:-1"},"canonical":"https:\/\/miradordemorayma.com\/concierto-14-03-21\/","og_locale":"en_US","og_type":"article","og_title":"Concierto 14\/03\/21 - Mirador de Morayma","og_url":"https:\/\/miradordemorayma.com\/concierto-14-03-21\/","og_site_name":"Mirador de Morayma","article_publisher":"http:\/\/www.facebook.com\/MiradordeMorayma\/","article_modified_time":"2023-11-21T12:54:29+00:00","og_image":[{"url":"https:\/\/i2.wp.com\/miradordemorayma.com\/wp-content\/uploads\/2021\/03\/unnamed-2.jpg?fit=750%2C750"}],"twitter_card":"summary_large_image","twitter_site":"@miradormorayma","twitter_misc":{"Est. reading time":"1 minute"},"schema":{"@context":"https:\/\/schema.org","@graph":[{"@type":"WebPage","@id":"https:\/\/miradordemorayma.com\/concierto-14-03-21\/","url":"https:\/\/miradordemorayma.com\/concierto-14-03-21\/","name":"Concierto 14\/03\/21 - Mirador de Morayma","isPartOf":{"@id":"https:\/\/miradordemorayma.com\/#website"},"primaryImageOfPage":{"@id":"https:\/\/miradordemorayma.com\/concierto-14-03-21\/#primaryimage"},"image":{"@id":"https:\/\/miradordemorayma.com\/concierto-14-03-21\/#primaryimage"},"thumbnailUrl":"https:\/\/i2.wp.com\/miradordemorayma.com\/wp-content\/uploads\/2021\/03\/unnamed-2.jpg?fit=750%2C750","datePublished":"2021-03-11T13:01:01+00:00","dateModified":"2023-11-21T12:54:29+00:00","breadcrumb":{"@id":"https:\/\/miradordemorayma.com\/concierto-14-03-21\/#breadcrumb"},"inLanguage":"en-US","potentialAction":[{"@type":"ReadAction","target":["https:\/\/miradordemorayma.com\/concierto-14-03-21\/"]}]},{"@type":"ImageObject","inLanguage":"en-US","@id":"https:\/\/miradordemorayma.com\/concierto-14-03-21\/#primaryimage","url":"https:\/\/i2.wp.com\/miradordemorayma.com\/wp-content\/uploads\/2021\/03\/unnamed-2.jpg?fit=750%2C750","contentUrl":"https:\/\/i2.wp.com\/miradordemorayma.com\/wp-content\/uploads\/2021\/03\/unnamed-2.jpg?fit=750%2C750"},{"@type":"BreadcrumbList","@id":"https:\/\/miradordemorayma.com\/concierto-14-03-21\/#breadcrumb","itemListElement":[{"@type":"ListItem","position":1,"name":"Portada","item":"https:\/\/miradordemorayma.com\/"},{"@type":"ListItem","position":2,"name":"Concierto 14\/03\/21"}]},{"@type":"WebSite","@id":"https:\/\/miradordemorayma.com\/#website","url":"https:\/\/miradordemorayma.com\/","name":"Mirador de Morayma","description":"Restaurante Mirador en Albayc\u00edn","publisher":{"@id":"https:\/\/miradordemorayma.com\/#organization"},"potentialAction":[{"@type":"SearchAction","target":{"@type":"EntryPoint","urlTemplate":"https:\/\/miradordemorayma.com\/?s={search_term_string}"},"query-input":{"@type":"PropertyValueSpecification","valueRequired":true,"valueName":"search_term_string"}}],"inLanguage":"en-US"},{"@type":"Organization","@id":"https:\/\/miradordemorayma.com\/#organization","name":"Mirador de Morayma","url":"https:\/\/miradordemorayma.com\/","logo":{"@type":"ImageObject","inLanguage":"en-US","@id":"https:\/\/miradordemorayma.com\/#\/schema\/logo\/image\/","url":"https:\/\/i0.wp.com\/miradordemorayma.com\/wp-content\/uploads\/2016\/12\/LOGO-TRANSPARENTE-WEB.png?fit=100%2C74&ssl=1","contentUrl":"https:\/\/i0.wp.com\/miradordemorayma.com\/wp-content\/uploads\/2016\/12\/LOGO-TRANSPARENTE-WEB.png?fit=100%2C74&ssl=1","width":100,"height":74,"caption":"Mirador de Morayma"},"image":{"@id":"https:\/\/miradordemorayma.com\/#\/schema\/logo\/image\/"},"sameAs":["http:\/\/www.facebook.com\/MiradordeMorayma\/","https:\/\/x.com\/miradormorayma"]}]}},"jetpack_sharing_enabled":true,"jetpack_shortlink":"https:\/\/wp.me\/P8tmoG-kQ","jetpack-related-posts":[],"_links":{"self":[{"href":"https:\/\/miradordemorayma.com\/en\/wp-json\/wp\/v2\/pages\/1292"}],"collection":[{"href":"https:\/\/miradordemorayma.com\/en\/wp-json\/wp\/v2\/pages"}],"about":[{"href":"https:\/\/miradordemorayma.com\/en\/wp-json\/wp\/v2\/types\/page"}],"author":[{"embeddable":true,"href":"https:\/\/miradordemorayma.com\/en\/wp-json\/wp\/v2\/users\/1"}],"replies":[{"embeddable":true,"href":"https:\/\/miradordemorayma.com\/en\/wp-json\/wp\/v2\/comments?post=1292"}],"version-history":[{"count":2,"href":"https:\/\/miradordemorayma.com\/en\/wp-json\/wp\/v2\/pages\/1292\/revisions"}],"predecessor-version":[{"id":1427,"href":"https:\/\/miradordemorayma.com\/en\/wp-json\/wp\/v2\/pages\/1292\/revisions\/1427"}],"wp:attachment":[{"href":"https:\/\/miradordemorayma.com\/en\/wp-json\/wp\/v2\/media?parent=1292"}],"curies":[{"name":"wp","href":"https:\/\/api.w.org\/{rel}","templated":true}]}}