{"id":1280,"date":"2021-02-27T20:15:19","date_gmt":"2021-02-27T20:15:19","guid":{"rendered":"http:\/\/miradordemorayma.com\/?page_id=1280"},"modified":"2021-02-27T20:15:23","modified_gmt":"2021-02-27T20:15:23","slug":"recital-dia-de-andalucia-01-03-21","status":"publish","type":"page","link":"https:\/\/miradordemorayma.com\/en\/recital-dia-de-andalucia-01-03-21\/","title":{"rendered":"Recital D\u00eda de Andaluc\u00eda 01\/03\/21"},"content":{"rendered":"\n<div class=\"wp-block-image\"><figure class=\"aligncenter is-resized\"><img loading=\"lazy\" decoding=\"async\" data-attachment-id=\"1281\" data-permalink=\"https:\/\/miradordemorayma.com\/en\/recital-dia-de-andalucia-01-03-21\/whatsapp-image-2021-02-26-at-22-49-26\/\" data-orig-file=\"https:\/\/i0.wp.com\/miradordemorayma.com\/wp-content\/uploads\/2021\/02\/WhatsApp-Image-2021-02-26-at-22.49.26.jpeg?fit=1080%2C1080&amp;ssl=1\" data-orig-size=\"1080,1080\" data-comments-opened=\"1\" data-image-meta=\"{&quot;aperture&quot;:&quot;0&quot;,&quot;credit&quot;:&quot;&quot;,&quot;camera&quot;:&quot;&quot;,&quot;caption&quot;:&quot;&quot;,&quot;created_timestamp&quot;:&quot;0&quot;,&quot;copyright&quot;:&quot;&quot;,&quot;focal_length&quot;:&quot;0&quot;,&quot;iso&quot;:&quot;0&quot;,&quot;shutter_speed&quot;:&quot;0&quot;,&quot;title&quot;:&quot;&quot;,&quot;orientation&quot;:&quot;0&quot;}\" data-image-title=\"recital dia de andalucia\" data-image-description=\"\" data-image-caption=\"\" data-medium-file=\"https:\/\/i0.wp.com\/miradordemorayma.com\/wp-content\/uploads\/2021\/02\/WhatsApp-Image-2021-02-26-at-22.49.26.jpeg?fit=300%2C300&amp;ssl=1\" data-large-file=\"https:\/\/i0.wp.com\/miradordemorayma.com\/wp-content\/uploads\/2021\/02\/WhatsApp-Image-2021-02-26-at-22.49.26.jpeg?fit=750%2C750&amp;ssl=1\" tabindex=\"0\" role=\"button\" src=\"https:\/\/i0.wp.com\/miradordemorayma.com\/wp-content\/uploads\/2021\/02\/WhatsApp-Image-2021-02-26-at-22.49.26.jpeg?fit=750%2C750\" alt=\"\" class=\"wp-image-1281\" width=\"375\" height=\"375\" srcset=\"https:\/\/i0.wp.com\/miradordemorayma.com\/wp-content\/uploads\/2021\/02\/WhatsApp-Image-2021-02-26-at-22.49.26.jpeg?w=1080&amp;ssl=1 1080w, https:\/\/i0.wp.com\/miradordemorayma.com\/wp-content\/uploads\/2021\/02\/WhatsApp-Image-2021-02-26-at-22.49.26.jpeg?resize=150%2C150&amp;ssl=1 150w, https:\/\/i0.wp.com\/miradordemorayma.com\/wp-content\/uploads\/2021\/02\/WhatsApp-Image-2021-02-26-at-22.49.26.jpeg?resize=300%2C300&amp;ssl=1 300w, https:\/\/i0.wp.com\/miradordemorayma.com\/wp-content\/uploads\/2021\/02\/WhatsApp-Image-2021-02-26-at-22.49.26.jpeg?resize=768%2C768&amp;ssl=1 768w, https:\/\/i0.wp.com\/miradordemorayma.com\/wp-content\/uploads\/2021\/02\/WhatsApp-Image-2021-02-26-at-22.49.26.jpeg?resize=1024%2C1024&amp;ssl=1 1024w, https:\/\/i0.wp.com\/miradordemorayma.com\/wp-content\/uploads\/2021\/02\/WhatsApp-Image-2021-02-26-at-22.49.26.jpeg?resize=270%2C270&amp;ssl=1 270w, https:\/\/i0.wp.com\/miradordemorayma.com\/wp-content\/uploads\/2021\/02\/WhatsApp-Image-2021-02-26-at-22.49.26.jpeg?resize=230%2C230&amp;ssl=1 230w\" sizes=\"(max-width: 375px) 100vw, 375px\" \/><figcaption>Especial d\u00eda de Andaluc\u00eda<br><br> La artista granadina, que comenz\u00f3 su carrera como bailaora de flamenco, nos muestra en este recital c\u00f3mo Andaluc\u00eda es la FUENTE CONSTANTE de INSPIRACI\u00d3N en todas sus composiciones, entre ellas &#8220;REYNA Y SU VOZ LIBRE&#8221;, su primer trabajo como cantautora.<br> Acompa\u00f1ada de la virtuosa guitarra de Pablo Gim\u00e9nez, ser\u00e1 un concierto \u00fanico para reconocer el verdadero arte de nuestra tierra.<br><br> \u00bfTe animas?<br> Lunes 1 de marzo a las 12:00<br> Entrada 9\u20ac con una consumici\u00f3n.<br><br><br> Plazas limitadas hasta completar aforo.<br> \u00a1Reserva la tuya!<br> &#x260e; 958 228290 \/ 958 224812 \/ 600 433218<br> &#x1f4bb; info@miradordemorayma.com<br> &#x1f310; www.miradordemorayma.com<br><br><\/figcaption><\/figure><\/div>\n","protected":false},"excerpt":{"rendered":"","protected":false},"author":1,"featured_media":0,"parent":0,"menu_order":0,"comment_status":"closed","ping_status":"closed","template":"","meta":{"jetpack_post_was_ever_published":false,"footnotes":""},"yoast_head":"<!-- This site is optimized with the Yoast SEO plugin v23.5 - https:\/\/yoast.com\/wordpress\/plugins\/seo\/ -->\n<title>Recital D\u00eda de Andaluc\u00eda 01\/03\/21 - Mirador de Morayma<\/title>\n<meta name=\"robots\" content=\"index, follow, max-snippet:-1, max-image-preview:large, max-video-preview:-1\" \/>\n<link rel=\"canonical\" href=\"https:\/\/miradordemorayma.com\/recital-dia-de-andalucia-01-03-21\/\" \/>\n<meta property=\"og:locale\" content=\"en_US\" \/>\n<meta property=\"og:type\" content=\"article\" \/>\n<meta property=\"og:title\" content=\"Recital D\u00eda de Andaluc\u00eda 01\/03\/21 - Mirador de Morayma\" \/>\n<meta property=\"og:url\" content=\"https:\/\/miradordemorayma.com\/recital-dia-de-andalucia-01-03-21\/\" \/>\n<meta property=\"og:site_name\" content=\"Mirador de Morayma\" \/>\n<meta property=\"article:publisher\" content=\"http:\/\/www.facebook.com\/MiradordeMorayma\/\" \/>\n<meta property=\"article:modified_time\" content=\"2021-02-27T20:15:23+00:00\" \/>\n<meta property=\"og:image\" content=\"https:\/\/i0.wp.com\/miradordemorayma.com\/wp-content\/uploads\/2021\/02\/WhatsApp-Image-2021-02-26-at-22.49.26.jpeg?fit=750%2C750\" \/>\n<meta name=\"twitter:card\" content=\"summary_large_image\" \/>\n<meta name=\"twitter:site\" content=\"@miradormorayma\" \/>\n<meta name=\"twitter:label1\" content=\"Est. reading time\" \/>\n\t<meta name=\"twitter:data1\" content=\"1 minute\" \/>\n<script type=\"application\/ld+json\" class=\"yoast-schema-graph\">{\"@context\":\"https:\/\/schema.org\",\"@graph\":[{\"@type\":\"WebPage\",\"@id\":\"https:\/\/miradordemorayma.com\/recital-dia-de-andalucia-01-03-21\/\",\"url\":\"https:\/\/miradordemorayma.com\/recital-dia-de-andalucia-01-03-21\/\",\"name\":\"Recital D\u00eda de Andaluc\u00eda 01\/03\/21 - Mirador de Morayma\",\"isPartOf\":{\"@id\":\"https:\/\/miradordemorayma.com\/#website\"},\"primaryImageOfPage\":{\"@id\":\"https:\/\/miradordemorayma.com\/recital-dia-de-andalucia-01-03-21\/#primaryimage\"},\"image\":{\"@id\":\"https:\/\/miradordemorayma.com\/recital-dia-de-andalucia-01-03-21\/#primaryimage\"},\"thumbnailUrl\":\"https:\/\/i0.wp.com\/miradordemorayma.com\/wp-content\/uploads\/2021\/02\/WhatsApp-Image-2021-02-26-at-22.49.26.jpeg?fit=750%2C750\",\"datePublished\":\"2021-02-27T20:15:19+00:00\",\"dateModified\":\"2021-02-27T20:15:23+00:00\",\"breadcrumb\":{\"@id\":\"https:\/\/miradordemorayma.com\/recital-dia-de-andalucia-01-03-21\/#breadcrumb\"},\"inLanguage\":\"en-US\",\"potentialAction\":[{\"@type\":\"ReadAction\",\"target\":[\"https:\/\/miradordemorayma.com\/recital-dia-de-andalucia-01-03-21\/\"]}]},{\"@type\":\"ImageObject\",\"inLanguage\":\"en-US\",\"@id\":\"https:\/\/miradordemorayma.com\/recital-dia-de-andalucia-01-03-21\/#primaryimage\",\"url\":\"https:\/\/i0.wp.com\/miradordemorayma.com\/wp-content\/uploads\/2021\/02\/WhatsApp-Image-2021-02-26-at-22.49.26.jpeg?fit=750%2C750\",\"contentUrl\":\"https:\/\/i0.wp.com\/miradordemorayma.com\/wp-content\/uploads\/2021\/02\/WhatsApp-Image-2021-02-26-at-22.49.26.jpeg?fit=750%2C750\"},{\"@type\":\"BreadcrumbList\",\"@id\":\"https:\/\/miradordemorayma.com\/recital-dia-de-andalucia-01-03-21\/#breadcrumb\",\"itemListElement\":[{\"@type\":\"ListItem\",\"position\":1,\"name\":\"Portada\",\"item\":\"https:\/\/miradordemorayma.com\/\"},{\"@type\":\"ListItem\",\"position\":2,\"name\":\"Recital D\u00eda de Andaluc\u00eda 01\/03\/21\"}]},{\"@type\":\"WebSite\",\"@id\":\"https:\/\/miradordemorayma.com\/#website\",\"url\":\"https:\/\/miradordemorayma.com\/\",\"name\":\"Mirador de Morayma\",\"description\":\"Restaurante Mirador en Albayc\u00edn\",\"publisher\":{\"@id\":\"https:\/\/miradordemorayma.com\/#organization\"},\"potentialAction\":[{\"@type\":\"SearchAction\",\"target\":{\"@type\":\"EntryPoint\",\"urlTemplate\":\"https:\/\/miradordemorayma.com\/?s={search_term_string}\"},\"query-input\":{\"@type\":\"PropertyValueSpecification\",\"valueRequired\":true,\"valueName\":\"search_term_string\"}}],\"inLanguage\":\"en-US\"},{\"@type\":\"Organization\",\"@id\":\"https:\/\/miradordemorayma.com\/#organization\",\"name\":\"Mirador de Morayma\",\"url\":\"https:\/\/miradordemorayma.com\/\",\"logo\":{\"@type\":\"ImageObject\",\"inLanguage\":\"en-US\",\"@id\":\"https:\/\/miradordemorayma.com\/#\/schema\/logo\/image\/\",\"url\":\"https:\/\/i0.wp.com\/miradordemorayma.com\/wp-content\/uploads\/2016\/12\/LOGO-TRANSPARENTE-WEB.png?fit=100%2C74&ssl=1\",\"contentUrl\":\"https:\/\/i0.wp.com\/miradordemorayma.com\/wp-content\/uploads\/2016\/12\/LOGO-TRANSPARENTE-WEB.png?fit=100%2C74&ssl=1\",\"width\":100,\"height\":74,\"caption\":\"Mirador de Morayma\"},\"image\":{\"@id\":\"https:\/\/miradordemorayma.com\/#\/schema\/logo\/image\/\"},\"sameAs\":[\"http:\/\/www.facebook.com\/MiradordeMorayma\/\",\"https:\/\/x.com\/miradormorayma\"]}]}<\/script>\n<!-- \/ Yoast SEO plugin. -->","yoast_head_json":{"title":"Recital D\u00eda de Andaluc\u00eda 01\/03\/21 - Mirador de Morayma","robots":{"index":"index","follow":"follow","max-snippet":"max-snippet:-1","max-image-preview":"max-image-preview:large","max-video-preview":"max-video-preview:-1"},"canonical":"https:\/\/miradordemorayma.com\/recital-dia-de-andalucia-01-03-21\/","og_locale":"en_US","og_type":"article","og_title":"Recital D\u00eda de Andaluc\u00eda 01\/03\/21 - Mirador de Morayma","og_url":"https:\/\/miradordemorayma.com\/recital-dia-de-andalucia-01-03-21\/","og_site_name":"Mirador de Morayma","article_publisher":"http:\/\/www.facebook.com\/MiradordeMorayma\/","article_modified_time":"2021-02-27T20:15:23+00:00","og_image":[{"url":"https:\/\/i0.wp.com\/miradordemorayma.com\/wp-content\/uploads\/2021\/02\/WhatsApp-Image-2021-02-26-at-22.49.26.jpeg?fit=750%2C750"}],"twitter_card":"summary_large_image","twitter_site":"@miradormorayma","twitter_misc":{"Est. reading time":"1 minute"},"schema":{"@context":"https:\/\/schema.org","@graph":[{"@type":"WebPage","@id":"https:\/\/miradordemorayma.com\/recital-dia-de-andalucia-01-03-21\/","url":"https:\/\/miradordemorayma.com\/recital-dia-de-andalucia-01-03-21\/","name":"Recital D\u00eda de Andaluc\u00eda 01\/03\/21 - Mirador de Morayma","isPartOf":{"@id":"https:\/\/miradordemorayma.com\/#website"},"primaryImageOfPage":{"@id":"https:\/\/miradordemorayma.com\/recital-dia-de-andalucia-01-03-21\/#primaryimage"},"image":{"@id":"https:\/\/miradordemorayma.com\/recital-dia-de-andalucia-01-03-21\/#primaryimage"},"thumbnailUrl":"https:\/\/i0.wp.com\/miradordemorayma.com\/wp-content\/uploads\/2021\/02\/WhatsApp-Image-2021-02-26-at-22.49.26.jpeg?fit=750%2C750","datePublished":"2021-02-27T20:15:19+00:00","dateModified":"2021-02-27T20:15:23+00:00","breadcrumb":{"@id":"https:\/\/miradordemorayma.com\/recital-dia-de-andalucia-01-03-21\/#breadcrumb"},"inLanguage":"en-US","potentialAction":[{"@type":"ReadAction","target":["https:\/\/miradordemorayma.com\/recital-dia-de-andalucia-01-03-21\/"]}]},{"@type":"ImageObject","inLanguage":"en-US","@id":"https:\/\/miradordemorayma.com\/recital-dia-de-andalucia-01-03-21\/#primaryimage","url":"https:\/\/i0.wp.com\/miradordemorayma.com\/wp-content\/uploads\/2021\/02\/WhatsApp-Image-2021-02-26-at-22.49.26.jpeg?fit=750%2C750","contentUrl":"https:\/\/i0.wp.com\/miradordemorayma.com\/wp-content\/uploads\/2021\/02\/WhatsApp-Image-2021-02-26-at-22.49.26.jpeg?fit=750%2C750"},{"@type":"BreadcrumbList","@id":"https:\/\/miradordemorayma.com\/recital-dia-de-andalucia-01-03-21\/#breadcrumb","itemListElement":[{"@type":"ListItem","position":1,"name":"Portada","item":"https:\/\/miradordemorayma.com\/"},{"@type":"ListItem","position":2,"name":"Recital D\u00eda de Andaluc\u00eda 01\/03\/21"}]},{"@type":"WebSite","@id":"https:\/\/miradordemorayma.com\/#website","url":"https:\/\/miradordemorayma.com\/","name":"Mirador de Morayma","description":"Restaurante Mirador en Albayc\u00edn","publisher":{"@id":"https:\/\/miradordemorayma.com\/#organization"},"potentialAction":[{"@type":"SearchAction","target":{"@type":"EntryPoint","urlTemplate":"https:\/\/miradordemorayma.com\/?s={search_term_string}"},"query-input":{"@type":"PropertyValueSpecification","valueRequired":true,"valueName":"search_term_string"}}],"inLanguage":"en-US"},{"@type":"Organization","@id":"https:\/\/miradordemorayma.com\/#organization","name":"Mirador de Morayma","url":"https:\/\/miradordemorayma.com\/","logo":{"@type":"ImageObject","inLanguage":"en-US","@id":"https:\/\/miradordemorayma.com\/#\/schema\/logo\/image\/","url":"https:\/\/i0.wp.com\/miradordemorayma.com\/wp-content\/uploads\/2016\/12\/LOGO-TRANSPARENTE-WEB.png?fit=100%2C74&ssl=1","contentUrl":"https:\/\/i0.wp.com\/miradordemorayma.com\/wp-content\/uploads\/2016\/12\/LOGO-TRANSPARENTE-WEB.png?fit=100%2C74&ssl=1","width":100,"height":74,"caption":"Mirador de Morayma"},"image":{"@id":"https:\/\/miradordemorayma.com\/#\/schema\/logo\/image\/"},"sameAs":["http:\/\/www.facebook.com\/MiradordeMorayma\/","https:\/\/x.com\/miradormorayma"]}]}},"jetpack_sharing_enabled":true,"jetpack_shortlink":"https:\/\/wp.me\/P8tmoG-kE","jetpack-related-posts":[],"_links":{"self":[{"href":"https:\/\/miradordemorayma.com\/en\/wp-json\/wp\/v2\/pages\/1280"}],"collection":[{"href":"https:\/\/miradordemorayma.com\/en\/wp-json\/wp\/v2\/pages"}],"about":[{"href":"https:\/\/miradordemorayma.com\/en\/wp-json\/wp\/v2\/types\/page"}],"author":[{"embeddable":true,"href":"https:\/\/miradordemorayma.com\/en\/wp-json\/wp\/v2\/users\/1"}],"replies":[{"embeddable":true,"href":"https:\/\/miradordemorayma.com\/en\/wp-json\/wp\/v2\/comments?post=1280"}],"version-history":[{"count":1,"href":"https:\/\/miradordemorayma.com\/en\/wp-json\/wp\/v2\/pages\/1280\/revisions"}],"predecessor-version":[{"id":1282,"href":"https:\/\/miradordemorayma.com\/en\/wp-json\/wp\/v2\/pages\/1280\/revisions\/1282"}],"wp:attachment":[{"href":"https:\/\/miradordemorayma.com\/en\/wp-json\/wp\/v2\/media?parent=1280"}],"curies":[{"name":"wp","href":"https:\/\/api.w.org\/{rel}","templated":true}]}}