{"id":1257,"date":"2021-02-15T12:38:03","date_gmt":"2021-02-15T12:38:03","guid":{"rendered":"http:\/\/miradordemorayma.com\/?page_id=1257"},"modified":"2021-02-15T12:43:07","modified_gmt":"2021-02-15T12:43:07","slug":"concierto-especial-14-02-21","status":"publish","type":"page","link":"https:\/\/miradordemorayma.com\/en\/concierto-especial-14-02-21\/","title":{"rendered":"Concierto especial 14\/02\/21"},"content":{"rendered":"\n<div class=\"wp-block-image\"><figure class=\"aligncenter is-resized\"><img loading=\"lazy\" decoding=\"async\" data-attachment-id=\"1258\" data-permalink=\"https:\/\/miradordemorayma.com\/en\/concierto-especial-14-02-21\/photo-2021-02-11-22-14-48\/\" data-orig-file=\"https:\/\/i0.wp.com\/miradordemorayma.com\/wp-content\/uploads\/2021\/02\/PHOTO-2021-02-11-22-14-48.jpg?fit=1080%2C1080&amp;ssl=1\" data-orig-size=\"1080,1080\" data-comments-opened=\"1\" data-image-meta=\"{&quot;aperture&quot;:&quot;0&quot;,&quot;credit&quot;:&quot;&quot;,&quot;camera&quot;:&quot;&quot;,&quot;caption&quot;:&quot;&quot;,&quot;created_timestamp&quot;:&quot;0&quot;,&quot;copyright&quot;:&quot;&quot;,&quot;focal_length&quot;:&quot;0&quot;,&quot;iso&quot;:&quot;0&quot;,&quot;shutter_speed&quot;:&quot;0&quot;,&quot;title&quot;:&quot;&quot;,&quot;orientation&quot;:&quot;0&quot;}\" data-image-title=\"PHOTO-2021-02-11-22-14-48\" data-image-description=\"\" data-image-caption=\"\" data-medium-file=\"https:\/\/i0.wp.com\/miradordemorayma.com\/wp-content\/uploads\/2021\/02\/PHOTO-2021-02-11-22-14-48.jpg?fit=300%2C300&amp;ssl=1\" data-large-file=\"https:\/\/i0.wp.com\/miradordemorayma.com\/wp-content\/uploads\/2021\/02\/PHOTO-2021-02-11-22-14-48.jpg?fit=750%2C750&amp;ssl=1\" tabindex=\"0\" role=\"button\" src=\"https:\/\/i0.wp.com\/miradordemorayma.com\/wp-content\/uploads\/2021\/02\/PHOTO-2021-02-11-22-14-48.jpg?fit=750%2C750\" alt=\"\" class=\"wp-image-1258\" width=\"375\" height=\"375\" srcset=\"https:\/\/i0.wp.com\/miradordemorayma.com\/wp-content\/uploads\/2021\/02\/PHOTO-2021-02-11-22-14-48.jpg?w=1080&amp;ssl=1 1080w, https:\/\/i0.wp.com\/miradordemorayma.com\/wp-content\/uploads\/2021\/02\/PHOTO-2021-02-11-22-14-48.jpg?resize=150%2C150&amp;ssl=1 150w, https:\/\/i0.wp.com\/miradordemorayma.com\/wp-content\/uploads\/2021\/02\/PHOTO-2021-02-11-22-14-48.jpg?resize=300%2C300&amp;ssl=1 300w, https:\/\/i0.wp.com\/miradordemorayma.com\/wp-content\/uploads\/2021\/02\/PHOTO-2021-02-11-22-14-48.jpg?resize=768%2C768&amp;ssl=1 768w, https:\/\/i0.wp.com\/miradordemorayma.com\/wp-content\/uploads\/2021\/02\/PHOTO-2021-02-11-22-14-48.jpg?resize=1024%2C1024&amp;ssl=1 1024w, https:\/\/i0.wp.com\/miradordemorayma.com\/wp-content\/uploads\/2021\/02\/PHOTO-2021-02-11-22-14-48.jpg?resize=270%2C270&amp;ssl=1 270w, https:\/\/i0.wp.com\/miradordemorayma.com\/wp-content\/uploads\/2021\/02\/PHOTO-2021-02-11-22-14-48.jpg?resize=230%2C230&amp;ssl=1 230w\" sizes=\"(max-width: 375px) 100vw, 375px\" \/><\/figure><\/div>\n\n\n\n<p>Qu\u00e9 mejor manera que celebrar el D\u00cdA DE LOS ENAMORADOS.. que con un hermoso concierto en directo en un Carmen del Albayz\u00edn\u2026<\/p>\n\n\n\n<p>Tras el \u00e9xito del recital del pasado domingo y con motivo de este d\u00eda, la artista granadina de trayectoria internacional, Mar\u00eda Cort\u00e9s La Grana\u00edna, vuelve al Mirador de Morayma con un repertorio de temas rom\u00e1nticos, aut\u00e9ntico viaje a trav\u00e9s diferentes estilos musicales y procedencias, FLAMENCO, BOLERO, TANGO&#8230;, en esta ocasi\u00f3n acompa\u00f1ada de la magistral guitarra de PABLO GIM\u00c9NEZ.<\/p>\n\n\n\n<p><br>CANTANDO AL AMOR es el nombre de esta nueva propuesta musical que podr\u00e1s venir a disfrutar. Porque EL AMOR es la MEJOR MEDICINA para aliviar corazones en estos TIEMPOS.<\/p>\n\n\n\n<p style=\"text-align:center\"><br>\u00bfTe vas a perder este espect\u00e1culo \u00fanico en el a\u00f1o?<br><strong>Domingo 14 de febrero a las 12:00<\/strong><br>Entrada 9\u20ac con una consumici\u00f3n.<\/p>\n\n\n\n<p style=\"text-align:center\">Plazas limitadas hasta completar aforo. \u00a1Reserva la tuya!<br><\/p>\n","protected":false},"excerpt":{"rendered":"<p>Qu\u00e9 mejor manera que celebrar el D\u00cdA DE LOS ENAMORADOS.. que con un hermoso concierto en directo en un Carmen del Albayz\u00edn\u2026 Tras el \u00e9xito del recital del pasado domingo y con motivo de este d\u00eda, la artista granadina de<\/p>\n","protected":false},"author":1,"featured_media":0,"parent":0,"menu_order":0,"comment_status":"closed","ping_status":"closed","template":"","meta":{"jetpack_post_was_ever_published":false,"footnotes":""},"yoast_head":"<!-- This site is optimized with the Yoast SEO plugin v23.5 - https:\/\/yoast.com\/wordpress\/plugins\/seo\/ -->\n<title>Concierto especial 14\/02\/21 - Mirador de Morayma<\/title>\n<meta name=\"robots\" content=\"index, follow, max-snippet:-1, max-image-preview:large, max-video-preview:-1\" \/>\n<link rel=\"canonical\" href=\"https:\/\/miradordemorayma.com\/concierto-especial-14-02-21\/\" \/>\n<meta property=\"og:locale\" content=\"en_US\" \/>\n<meta property=\"og:type\" content=\"article\" \/>\n<meta property=\"og:title\" content=\"Concierto especial 14\/02\/21 - Mirador de Morayma\" \/>\n<meta property=\"og:description\" content=\"Qu\u00e9 mejor manera que celebrar el D\u00cdA DE LOS ENAMORADOS.. que con un hermoso concierto en directo en un Carmen del Albayz\u00edn\u2026 Tras el \u00e9xito del recital del pasado domingo y con motivo de este d\u00eda, la artista granadina de\" \/>\n<meta property=\"og:url\" content=\"https:\/\/miradordemorayma.com\/concierto-especial-14-02-21\/\" \/>\n<meta property=\"og:site_name\" content=\"Mirador de Morayma\" \/>\n<meta property=\"article:publisher\" content=\"http:\/\/www.facebook.com\/MiradordeMorayma\/\" \/>\n<meta property=\"article:modified_time\" content=\"2021-02-15T12:43:07+00:00\" \/>\n<meta property=\"og:image\" content=\"https:\/\/i0.wp.com\/miradordemorayma.com\/wp-content\/uploads\/2021\/02\/PHOTO-2021-02-11-22-14-48.jpg?fit=750%2C750\" \/>\n<meta name=\"twitter:card\" content=\"summary_large_image\" \/>\n<meta name=\"twitter:site\" content=\"@miradormorayma\" \/>\n<meta name=\"twitter:label1\" content=\"Est. reading time\" \/>\n\t<meta name=\"twitter:data1\" content=\"1 minute\" \/>\n<script type=\"application\/ld+json\" class=\"yoast-schema-graph\">{\"@context\":\"https:\/\/schema.org\",\"@graph\":[{\"@type\":\"WebPage\",\"@id\":\"https:\/\/miradordemorayma.com\/concierto-especial-14-02-21\/\",\"url\":\"https:\/\/miradordemorayma.com\/concierto-especial-14-02-21\/\",\"name\":\"Concierto especial 14\/02\/21 - Mirador de Morayma\",\"isPartOf\":{\"@id\":\"https:\/\/miradordemorayma.com\/#website\"},\"primaryImageOfPage\":{\"@id\":\"https:\/\/miradordemorayma.com\/concierto-especial-14-02-21\/#primaryimage\"},\"image\":{\"@id\":\"https:\/\/miradordemorayma.com\/concierto-especial-14-02-21\/#primaryimage\"},\"thumbnailUrl\":\"https:\/\/i0.wp.com\/miradordemorayma.com\/wp-content\/uploads\/2021\/02\/PHOTO-2021-02-11-22-14-48.jpg?fit=750%2C750\",\"datePublished\":\"2021-02-15T12:38:03+00:00\",\"dateModified\":\"2021-02-15T12:43:07+00:00\",\"breadcrumb\":{\"@id\":\"https:\/\/miradordemorayma.com\/concierto-especial-14-02-21\/#breadcrumb\"},\"inLanguage\":\"en-US\",\"potentialAction\":[{\"@type\":\"ReadAction\",\"target\":[\"https:\/\/miradordemorayma.com\/concierto-especial-14-02-21\/\"]}]},{\"@type\":\"ImageObject\",\"inLanguage\":\"en-US\",\"@id\":\"https:\/\/miradordemorayma.com\/concierto-especial-14-02-21\/#primaryimage\",\"url\":\"https:\/\/i0.wp.com\/miradordemorayma.com\/wp-content\/uploads\/2021\/02\/PHOTO-2021-02-11-22-14-48.jpg?fit=750%2C750\",\"contentUrl\":\"https:\/\/i0.wp.com\/miradordemorayma.com\/wp-content\/uploads\/2021\/02\/PHOTO-2021-02-11-22-14-48.jpg?fit=750%2C750\"},{\"@type\":\"BreadcrumbList\",\"@id\":\"https:\/\/miradordemorayma.com\/concierto-especial-14-02-21\/#breadcrumb\",\"itemListElement\":[{\"@type\":\"ListItem\",\"position\":1,\"name\":\"Portada\",\"item\":\"https:\/\/miradordemorayma.com\/\"},{\"@type\":\"ListItem\",\"position\":2,\"name\":\"Concierto especial 14\/02\/21\"}]},{\"@type\":\"WebSite\",\"@id\":\"https:\/\/miradordemorayma.com\/#website\",\"url\":\"https:\/\/miradordemorayma.com\/\",\"name\":\"Mirador de Morayma\",\"description\":\"Restaurante Mirador en Albayc\u00edn\",\"publisher\":{\"@id\":\"https:\/\/miradordemorayma.com\/#organization\"},\"potentialAction\":[{\"@type\":\"SearchAction\",\"target\":{\"@type\":\"EntryPoint\",\"urlTemplate\":\"https:\/\/miradordemorayma.com\/?s={search_term_string}\"},\"query-input\":{\"@type\":\"PropertyValueSpecification\",\"valueRequired\":true,\"valueName\":\"search_term_string\"}}],\"inLanguage\":\"en-US\"},{\"@type\":\"Organization\",\"@id\":\"https:\/\/miradordemorayma.com\/#organization\",\"name\":\"Mirador de Morayma\",\"url\":\"https:\/\/miradordemorayma.com\/\",\"logo\":{\"@type\":\"ImageObject\",\"inLanguage\":\"en-US\",\"@id\":\"https:\/\/miradordemorayma.com\/#\/schema\/logo\/image\/\",\"url\":\"https:\/\/i0.wp.com\/miradordemorayma.com\/wp-content\/uploads\/2016\/12\/LOGO-TRANSPARENTE-WEB.png?fit=100%2C74&ssl=1\",\"contentUrl\":\"https:\/\/i0.wp.com\/miradordemorayma.com\/wp-content\/uploads\/2016\/12\/LOGO-TRANSPARENTE-WEB.png?fit=100%2C74&ssl=1\",\"width\":100,\"height\":74,\"caption\":\"Mirador de Morayma\"},\"image\":{\"@id\":\"https:\/\/miradordemorayma.com\/#\/schema\/logo\/image\/\"},\"sameAs\":[\"http:\/\/www.facebook.com\/MiradordeMorayma\/\",\"https:\/\/x.com\/miradormorayma\"]}]}<\/script>\n<!-- \/ Yoast SEO plugin. -->","yoast_head_json":{"title":"Concierto especial 14\/02\/21 - Mirador de Morayma","robots":{"index":"index","follow":"follow","max-snippet":"max-snippet:-1","max-image-preview":"max-image-preview:large","max-video-preview":"max-video-preview:-1"},"canonical":"https:\/\/miradordemorayma.com\/concierto-especial-14-02-21\/","og_locale":"en_US","og_type":"article","og_title":"Concierto especial 14\/02\/21 - Mirador de Morayma","og_description":"Qu\u00e9 mejor manera que celebrar el D\u00cdA DE LOS ENAMORADOS.. que con un hermoso concierto en directo en un Carmen del Albayz\u00edn\u2026 Tras el \u00e9xito del recital del pasado domingo y con motivo de este d\u00eda, la artista granadina de","og_url":"https:\/\/miradordemorayma.com\/concierto-especial-14-02-21\/","og_site_name":"Mirador de Morayma","article_publisher":"http:\/\/www.facebook.com\/MiradordeMorayma\/","article_modified_time":"2021-02-15T12:43:07+00:00","og_image":[{"url":"https:\/\/i0.wp.com\/miradordemorayma.com\/wp-content\/uploads\/2021\/02\/PHOTO-2021-02-11-22-14-48.jpg?fit=750%2C750"}],"twitter_card":"summary_large_image","twitter_site":"@miradormorayma","twitter_misc":{"Est. reading time":"1 minute"},"schema":{"@context":"https:\/\/schema.org","@graph":[{"@type":"WebPage","@id":"https:\/\/miradordemorayma.com\/concierto-especial-14-02-21\/","url":"https:\/\/miradordemorayma.com\/concierto-especial-14-02-21\/","name":"Concierto especial 14\/02\/21 - Mirador de Morayma","isPartOf":{"@id":"https:\/\/miradordemorayma.com\/#website"},"primaryImageOfPage":{"@id":"https:\/\/miradordemorayma.com\/concierto-especial-14-02-21\/#primaryimage"},"image":{"@id":"https:\/\/miradordemorayma.com\/concierto-especial-14-02-21\/#primaryimage"},"thumbnailUrl":"https:\/\/i0.wp.com\/miradordemorayma.com\/wp-content\/uploads\/2021\/02\/PHOTO-2021-02-11-22-14-48.jpg?fit=750%2C750","datePublished":"2021-02-15T12:38:03+00:00","dateModified":"2021-02-15T12:43:07+00:00","breadcrumb":{"@id":"https:\/\/miradordemorayma.com\/concierto-especial-14-02-21\/#breadcrumb"},"inLanguage":"en-US","potentialAction":[{"@type":"ReadAction","target":["https:\/\/miradordemorayma.com\/concierto-especial-14-02-21\/"]}]},{"@type":"ImageObject","inLanguage":"en-US","@id":"https:\/\/miradordemorayma.com\/concierto-especial-14-02-21\/#primaryimage","url":"https:\/\/i0.wp.com\/miradordemorayma.com\/wp-content\/uploads\/2021\/02\/PHOTO-2021-02-11-22-14-48.jpg?fit=750%2C750","contentUrl":"https:\/\/i0.wp.com\/miradordemorayma.com\/wp-content\/uploads\/2021\/02\/PHOTO-2021-02-11-22-14-48.jpg?fit=750%2C750"},{"@type":"BreadcrumbList","@id":"https:\/\/miradordemorayma.com\/concierto-especial-14-02-21\/#breadcrumb","itemListElement":[{"@type":"ListItem","position":1,"name":"Portada","item":"https:\/\/miradordemorayma.com\/"},{"@type":"ListItem","position":2,"name":"Concierto especial 14\/02\/21"}]},{"@type":"WebSite","@id":"https:\/\/miradordemorayma.com\/#website","url":"https:\/\/miradordemorayma.com\/","name":"Mirador de Morayma","description":"Restaurante Mirador en Albayc\u00edn","publisher":{"@id":"https:\/\/miradordemorayma.com\/#organization"},"potentialAction":[{"@type":"SearchAction","target":{"@type":"EntryPoint","urlTemplate":"https:\/\/miradordemorayma.com\/?s={search_term_string}"},"query-input":{"@type":"PropertyValueSpecification","valueRequired":true,"valueName":"search_term_string"}}],"inLanguage":"en-US"},{"@type":"Organization","@id":"https:\/\/miradordemorayma.com\/#organization","name":"Mirador de Morayma","url":"https:\/\/miradordemorayma.com\/","logo":{"@type":"ImageObject","inLanguage":"en-US","@id":"https:\/\/miradordemorayma.com\/#\/schema\/logo\/image\/","url":"https:\/\/i0.wp.com\/miradordemorayma.com\/wp-content\/uploads\/2016\/12\/LOGO-TRANSPARENTE-WEB.png?fit=100%2C74&ssl=1","contentUrl":"https:\/\/i0.wp.com\/miradordemorayma.com\/wp-content\/uploads\/2016\/12\/LOGO-TRANSPARENTE-WEB.png?fit=100%2C74&ssl=1","width":100,"height":74,"caption":"Mirador de Morayma"},"image":{"@id":"https:\/\/miradordemorayma.com\/#\/schema\/logo\/image\/"},"sameAs":["http:\/\/www.facebook.com\/MiradordeMorayma\/","https:\/\/x.com\/miradormorayma"]}]}},"jetpack_sharing_enabled":true,"jetpack_shortlink":"https:\/\/wp.me\/P8tmoG-kh","jetpack-related-posts":[],"_links":{"self":[{"href":"https:\/\/miradordemorayma.com\/en\/wp-json\/wp\/v2\/pages\/1257"}],"collection":[{"href":"https:\/\/miradordemorayma.com\/en\/wp-json\/wp\/v2\/pages"}],"about":[{"href":"https:\/\/miradordemorayma.com\/en\/wp-json\/wp\/v2\/types\/page"}],"author":[{"embeddable":true,"href":"https:\/\/miradordemorayma.com\/en\/wp-json\/wp\/v2\/users\/1"}],"replies":[{"embeddable":true,"href":"https:\/\/miradordemorayma.com\/en\/wp-json\/wp\/v2\/comments?post=1257"}],"version-history":[{"count":3,"href":"https:\/\/miradordemorayma.com\/en\/wp-json\/wp\/v2\/pages\/1257\/revisions"}],"predecessor-version":[{"id":1262,"href":"https:\/\/miradordemorayma.com\/en\/wp-json\/wp\/v2\/pages\/1257\/revisions\/1262"}],"wp:attachment":[{"href":"https:\/\/miradordemorayma.com\/en\/wp-json\/wp\/v2\/media?parent=1257"}],"curies":[{"name":"wp","href":"https:\/\/api.w.org\/{rel}","templated":true}]}}