{"id":1218,"date":"2020-09-29T08:37:31","date_gmt":"2020-09-29T08:37:31","guid":{"rendered":"http:\/\/miradordemorayma.com\/?page_id=1218"},"modified":"2020-09-29T08:46:21","modified_gmt":"2020-09-29T08:46:21","slug":"taller-de-cocina-bioenergetica","status":"publish","type":"page","link":"https:\/\/miradordemorayma.com\/en\/taller-de-cocina-bioenergetica\/","title":{"rendered":"Taller de Cocina Bioenerg\u00e9tica 04\/10\/20"},"content":{"rendered":"\n<div class=\"wp-block-image\"><figure class=\"aligncenter is-resized\"><img loading=\"lazy\" decoding=\"async\" data-attachment-id=\"1219\" data-permalink=\"https:\/\/miradordemorayma.com\/en\/taller-de-cocina-bioenergetica\/taller-de-cocina-3\/\" data-orig-file=\"https:\/\/i0.wp.com\/miradordemorayma.com\/wp-content\/uploads\/2020\/09\/taller-de-cocina-2.jpeg?fit=1080%2C1080&amp;ssl=1\" data-orig-size=\"1080,1080\" data-comments-opened=\"1\" data-image-meta=\"{&quot;aperture&quot;:&quot;0&quot;,&quot;credit&quot;:&quot;&quot;,&quot;camera&quot;:&quot;&quot;,&quot;caption&quot;:&quot;&quot;,&quot;created_timestamp&quot;:&quot;0&quot;,&quot;copyright&quot;:&quot;&quot;,&quot;focal_length&quot;:&quot;0&quot;,&quot;iso&quot;:&quot;0&quot;,&quot;shutter_speed&quot;:&quot;0&quot;,&quot;title&quot;:&quot;&quot;,&quot;orientation&quot;:&quot;0&quot;}\" data-image-title=\"taller de cocina\" data-image-description=\"\" data-image-caption=\"\" data-medium-file=\"https:\/\/i0.wp.com\/miradordemorayma.com\/wp-content\/uploads\/2020\/09\/taller-de-cocina-2.jpeg?fit=300%2C300&amp;ssl=1\" data-large-file=\"https:\/\/i0.wp.com\/miradordemorayma.com\/wp-content\/uploads\/2020\/09\/taller-de-cocina-2.jpeg?fit=750%2C750&amp;ssl=1\" tabindex=\"0\" role=\"button\" src=\"https:\/\/i1.wp.com\/miradordemorayma.com\/wp-content\/uploads\/2020\/09\/taller-de-cocina-2.jpeg?fit=750%2C750\" alt=\"\" class=\"wp-image-1219\" width=\"375\" height=\"375\" srcset=\"https:\/\/i0.wp.com\/miradordemorayma.com\/wp-content\/uploads\/2020\/09\/taller-de-cocina-2.jpeg?w=1080&amp;ssl=1 1080w, https:\/\/i0.wp.com\/miradordemorayma.com\/wp-content\/uploads\/2020\/09\/taller-de-cocina-2.jpeg?resize=150%2C150&amp;ssl=1 150w, https:\/\/i0.wp.com\/miradordemorayma.com\/wp-content\/uploads\/2020\/09\/taller-de-cocina-2.jpeg?resize=300%2C300&amp;ssl=1 300w, https:\/\/i0.wp.com\/miradordemorayma.com\/wp-content\/uploads\/2020\/09\/taller-de-cocina-2.jpeg?resize=768%2C768&amp;ssl=1 768w, https:\/\/i0.wp.com\/miradordemorayma.com\/wp-content\/uploads\/2020\/09\/taller-de-cocina-2.jpeg?resize=1024%2C1024&amp;ssl=1 1024w, https:\/\/i0.wp.com\/miradordemorayma.com\/wp-content\/uploads\/2020\/09\/taller-de-cocina-2.jpeg?resize=270%2C270&amp;ssl=1 270w, https:\/\/i0.wp.com\/miradordemorayma.com\/wp-content\/uploads\/2020\/09\/taller-de-cocina-2.jpeg?resize=230%2C230&amp;ssl=1 230w\" sizes=\"(max-width: 375px) 100vw, 375px\" \/><figcaption>Ya se va sintiendo la llegada del oto\u00f1o\u2026 &#x1f341; tiempo de cuidarse especialmente para estar san@ y fuerte &#x1f4aa;<br><br><br> Y por ello este <strong>domingo 4 de octubre<\/strong> tenemos preparado\u2026<br><br><br><strong> TALLER DE COCINA BIONERG\u00c9TICA  &#x262f;&#xfe0f; &#x1f330;<\/strong><br><br><br> Con intenci\u00f3n de fortalecer nuestro sistema inmune, Roc\u00edo D\u00e4xa nos explicar\u00e1 desde la perspectiva de la Medicina China qu\u00e9 supone este cambio de estaci\u00f3n, qu\u00e9 tiene que ver en ello el elemento Metal y qu\u00e9 alimentos de temporada son los que m\u00e1s nos convienen.<br> \u00a1Adem\u00e1s de aprenderlos y degustarlos en deliciosas recetas! &#x1f35b;&#x1f955;&#x1f966;&#x1f383;&#x1f34e;&#x1f967;<br><br> \u00bfTe haces este regalo de salud y disfrute?<br><br> Aportaci\u00f3n: 35\u20ac<br> Horario: de 10:30 a 16:30<br> El evento se realizar\u00e1 respetando todas las medidas de seguridad.<br> Plazas limitadas.<br><br><br> Para informaci\u00f3n y reservas :<br> Roc\u00edo:<br> &#x260e; 608487553 <br> &#x1f4bb; mibioandanza@gmail.com<br> Mirador de Morayma:<br> &#x260e; 958228290 \/ 958224812 \/ 600433218<br> &#x1f4bb; info@miradordemorayma.com<br> &#x1f310; www.miradordemorayma.com<\/figcaption><\/figure><\/div>\n","protected":false},"excerpt":{"rendered":"","protected":false},"author":1,"featured_media":0,"parent":0,"menu_order":0,"comment_status":"closed","ping_status":"closed","template":"","meta":{"jetpack_post_was_ever_published":false,"footnotes":""},"yoast_head":"<!-- This site is optimized with the Yoast SEO plugin v23.5 - https:\/\/yoast.com\/wordpress\/plugins\/seo\/ -->\n<title>Taller de Cocina Bioenerg\u00e9tica 04\/10\/20 - Mirador de Morayma<\/title>\n<meta name=\"robots\" content=\"index, follow, max-snippet:-1, max-image-preview:large, max-video-preview:-1\" \/>\n<link rel=\"canonical\" href=\"https:\/\/miradordemorayma.com\/taller-de-cocina-bioenergetica\/\" \/>\n<meta property=\"og:locale\" content=\"en_US\" \/>\n<meta property=\"og:type\" content=\"article\" \/>\n<meta property=\"og:title\" content=\"Taller de Cocina Bioenerg\u00e9tica 04\/10\/20 - Mirador de Morayma\" \/>\n<meta property=\"og:url\" content=\"https:\/\/miradordemorayma.com\/taller-de-cocina-bioenergetica\/\" \/>\n<meta property=\"og:site_name\" content=\"Mirador de Morayma\" \/>\n<meta property=\"article:publisher\" content=\"http:\/\/www.facebook.com\/MiradordeMorayma\/\" \/>\n<meta property=\"article:modified_time\" content=\"2020-09-29T08:46:21+00:00\" \/>\n<meta property=\"og:image\" content=\"https:\/\/i1.wp.com\/miradordemorayma.com\/wp-content\/uploads\/2020\/09\/taller-de-cocina-2.jpeg?fit=750%2C750\" \/>\n<meta name=\"twitter:card\" content=\"summary_large_image\" \/>\n<meta name=\"twitter:site\" content=\"@miradormorayma\" \/>\n<meta name=\"twitter:label1\" content=\"Est. reading time\" \/>\n\t<meta name=\"twitter:data1\" content=\"1 minute\" \/>\n<script type=\"application\/ld+json\" class=\"yoast-schema-graph\">{\"@context\":\"https:\/\/schema.org\",\"@graph\":[{\"@type\":\"WebPage\",\"@id\":\"https:\/\/miradordemorayma.com\/taller-de-cocina-bioenergetica\/\",\"url\":\"https:\/\/miradordemorayma.com\/taller-de-cocina-bioenergetica\/\",\"name\":\"Taller de Cocina Bioenerg\u00e9tica 04\/10\/20 - Mirador de Morayma\",\"isPartOf\":{\"@id\":\"https:\/\/miradordemorayma.com\/#website\"},\"primaryImageOfPage\":{\"@id\":\"https:\/\/miradordemorayma.com\/taller-de-cocina-bioenergetica\/#primaryimage\"},\"image\":{\"@id\":\"https:\/\/miradordemorayma.com\/taller-de-cocina-bioenergetica\/#primaryimage\"},\"thumbnailUrl\":\"https:\/\/i1.wp.com\/miradordemorayma.com\/wp-content\/uploads\/2020\/09\/taller-de-cocina-2.jpeg?fit=750%2C750\",\"datePublished\":\"2020-09-29T08:37:31+00:00\",\"dateModified\":\"2020-09-29T08:46:21+00:00\",\"breadcrumb\":{\"@id\":\"https:\/\/miradordemorayma.com\/taller-de-cocina-bioenergetica\/#breadcrumb\"},\"inLanguage\":\"en-US\",\"potentialAction\":[{\"@type\":\"ReadAction\",\"target\":[\"https:\/\/miradordemorayma.com\/taller-de-cocina-bioenergetica\/\"]}]},{\"@type\":\"ImageObject\",\"inLanguage\":\"en-US\",\"@id\":\"https:\/\/miradordemorayma.com\/taller-de-cocina-bioenergetica\/#primaryimage\",\"url\":\"https:\/\/i1.wp.com\/miradordemorayma.com\/wp-content\/uploads\/2020\/09\/taller-de-cocina-2.jpeg?fit=750%2C750\",\"contentUrl\":\"https:\/\/i1.wp.com\/miradordemorayma.com\/wp-content\/uploads\/2020\/09\/taller-de-cocina-2.jpeg?fit=750%2C750\"},{\"@type\":\"BreadcrumbList\",\"@id\":\"https:\/\/miradordemorayma.com\/taller-de-cocina-bioenergetica\/#breadcrumb\",\"itemListElement\":[{\"@type\":\"ListItem\",\"position\":1,\"name\":\"Portada\",\"item\":\"https:\/\/miradordemorayma.com\/\"},{\"@type\":\"ListItem\",\"position\":2,\"name\":\"Taller de Cocina Bioenerg\u00e9tica 04\/10\/20\"}]},{\"@type\":\"WebSite\",\"@id\":\"https:\/\/miradordemorayma.com\/#website\",\"url\":\"https:\/\/miradordemorayma.com\/\",\"name\":\"Mirador de Morayma\",\"description\":\"Restaurante Mirador en Albayc\u00edn\",\"publisher\":{\"@id\":\"https:\/\/miradordemorayma.com\/#organization\"},\"potentialAction\":[{\"@type\":\"SearchAction\",\"target\":{\"@type\":\"EntryPoint\",\"urlTemplate\":\"https:\/\/miradordemorayma.com\/?s={search_term_string}\"},\"query-input\":{\"@type\":\"PropertyValueSpecification\",\"valueRequired\":true,\"valueName\":\"search_term_string\"}}],\"inLanguage\":\"en-US\"},{\"@type\":\"Organization\",\"@id\":\"https:\/\/miradordemorayma.com\/#organization\",\"name\":\"Mirador de Morayma\",\"url\":\"https:\/\/miradordemorayma.com\/\",\"logo\":{\"@type\":\"ImageObject\",\"inLanguage\":\"en-US\",\"@id\":\"https:\/\/miradordemorayma.com\/#\/schema\/logo\/image\/\",\"url\":\"https:\/\/i0.wp.com\/miradordemorayma.com\/wp-content\/uploads\/2016\/12\/LOGO-TRANSPARENTE-WEB.png?fit=100%2C74&ssl=1\",\"contentUrl\":\"https:\/\/i0.wp.com\/miradordemorayma.com\/wp-content\/uploads\/2016\/12\/LOGO-TRANSPARENTE-WEB.png?fit=100%2C74&ssl=1\",\"width\":100,\"height\":74,\"caption\":\"Mirador de Morayma\"},\"image\":{\"@id\":\"https:\/\/miradordemorayma.com\/#\/schema\/logo\/image\/\"},\"sameAs\":[\"http:\/\/www.facebook.com\/MiradordeMorayma\/\",\"https:\/\/x.com\/miradormorayma\"]}]}<\/script>\n<!-- \/ Yoast SEO plugin. -->","yoast_head_json":{"title":"Taller de Cocina Bioenerg\u00e9tica 04\/10\/20 - Mirador de Morayma","robots":{"index":"index","follow":"follow","max-snippet":"max-snippet:-1","max-image-preview":"max-image-preview:large","max-video-preview":"max-video-preview:-1"},"canonical":"https:\/\/miradordemorayma.com\/taller-de-cocina-bioenergetica\/","og_locale":"en_US","og_type":"article","og_title":"Taller de Cocina Bioenerg\u00e9tica 04\/10\/20 - Mirador de Morayma","og_url":"https:\/\/miradordemorayma.com\/taller-de-cocina-bioenergetica\/","og_site_name":"Mirador de Morayma","article_publisher":"http:\/\/www.facebook.com\/MiradordeMorayma\/","article_modified_time":"2020-09-29T08:46:21+00:00","og_image":[{"url":"https:\/\/i1.wp.com\/miradordemorayma.com\/wp-content\/uploads\/2020\/09\/taller-de-cocina-2.jpeg?fit=750%2C750"}],"twitter_card":"summary_large_image","twitter_site":"@miradormorayma","twitter_misc":{"Est. reading time":"1 minute"},"schema":{"@context":"https:\/\/schema.org","@graph":[{"@type":"WebPage","@id":"https:\/\/miradordemorayma.com\/taller-de-cocina-bioenergetica\/","url":"https:\/\/miradordemorayma.com\/taller-de-cocina-bioenergetica\/","name":"Taller de Cocina Bioenerg\u00e9tica 04\/10\/20 - Mirador de Morayma","isPartOf":{"@id":"https:\/\/miradordemorayma.com\/#website"},"primaryImageOfPage":{"@id":"https:\/\/miradordemorayma.com\/taller-de-cocina-bioenergetica\/#primaryimage"},"image":{"@id":"https:\/\/miradordemorayma.com\/taller-de-cocina-bioenergetica\/#primaryimage"},"thumbnailUrl":"https:\/\/i1.wp.com\/miradordemorayma.com\/wp-content\/uploads\/2020\/09\/taller-de-cocina-2.jpeg?fit=750%2C750","datePublished":"2020-09-29T08:37:31+00:00","dateModified":"2020-09-29T08:46:21+00:00","breadcrumb":{"@id":"https:\/\/miradordemorayma.com\/taller-de-cocina-bioenergetica\/#breadcrumb"},"inLanguage":"en-US","potentialAction":[{"@type":"ReadAction","target":["https:\/\/miradordemorayma.com\/taller-de-cocina-bioenergetica\/"]}]},{"@type":"ImageObject","inLanguage":"en-US","@id":"https:\/\/miradordemorayma.com\/taller-de-cocina-bioenergetica\/#primaryimage","url":"https:\/\/i1.wp.com\/miradordemorayma.com\/wp-content\/uploads\/2020\/09\/taller-de-cocina-2.jpeg?fit=750%2C750","contentUrl":"https:\/\/i1.wp.com\/miradordemorayma.com\/wp-content\/uploads\/2020\/09\/taller-de-cocina-2.jpeg?fit=750%2C750"},{"@type":"BreadcrumbList","@id":"https:\/\/miradordemorayma.com\/taller-de-cocina-bioenergetica\/#breadcrumb","itemListElement":[{"@type":"ListItem","position":1,"name":"Portada","item":"https:\/\/miradordemorayma.com\/"},{"@type":"ListItem","position":2,"name":"Taller de Cocina Bioenerg\u00e9tica 04\/10\/20"}]},{"@type":"WebSite","@id":"https:\/\/miradordemorayma.com\/#website","url":"https:\/\/miradordemorayma.com\/","name":"Mirador de Morayma","description":"Restaurante Mirador en Albayc\u00edn","publisher":{"@id":"https:\/\/miradordemorayma.com\/#organization"},"potentialAction":[{"@type":"SearchAction","target":{"@type":"EntryPoint","urlTemplate":"https:\/\/miradordemorayma.com\/?s={search_term_string}"},"query-input":{"@type":"PropertyValueSpecification","valueRequired":true,"valueName":"search_term_string"}}],"inLanguage":"en-US"},{"@type":"Organization","@id":"https:\/\/miradordemorayma.com\/#organization","name":"Mirador de Morayma","url":"https:\/\/miradordemorayma.com\/","logo":{"@type":"ImageObject","inLanguage":"en-US","@id":"https:\/\/miradordemorayma.com\/#\/schema\/logo\/image\/","url":"https:\/\/i0.wp.com\/miradordemorayma.com\/wp-content\/uploads\/2016\/12\/LOGO-TRANSPARENTE-WEB.png?fit=100%2C74&ssl=1","contentUrl":"https:\/\/i0.wp.com\/miradordemorayma.com\/wp-content\/uploads\/2016\/12\/LOGO-TRANSPARENTE-WEB.png?fit=100%2C74&ssl=1","width":100,"height":74,"caption":"Mirador de Morayma"},"image":{"@id":"https:\/\/miradordemorayma.com\/#\/schema\/logo\/image\/"},"sameAs":["http:\/\/www.facebook.com\/MiradordeMorayma\/","https:\/\/x.com\/miradormorayma"]}]}},"jetpack_sharing_enabled":true,"jetpack_shortlink":"https:\/\/wp.me\/P8tmoG-jE","jetpack-related-posts":[],"_links":{"self":[{"href":"https:\/\/miradordemorayma.com\/en\/wp-json\/wp\/v2\/pages\/1218"}],"collection":[{"href":"https:\/\/miradordemorayma.com\/en\/wp-json\/wp\/v2\/pages"}],"about":[{"href":"https:\/\/miradordemorayma.com\/en\/wp-json\/wp\/v2\/types\/page"}],"author":[{"embeddable":true,"href":"https:\/\/miradordemorayma.com\/en\/wp-json\/wp\/v2\/users\/1"}],"replies":[{"embeddable":true,"href":"https:\/\/miradordemorayma.com\/en\/wp-json\/wp\/v2\/comments?post=1218"}],"version-history":[{"count":2,"href":"https:\/\/miradordemorayma.com\/en\/wp-json\/wp\/v2\/pages\/1218\/revisions"}],"predecessor-version":[{"id":1223,"href":"https:\/\/miradordemorayma.com\/en\/wp-json\/wp\/v2\/pages\/1218\/revisions\/1223"}],"wp:attachment":[{"href":"https:\/\/miradordemorayma.com\/en\/wp-json\/wp\/v2\/media?parent=1218"}],"curies":[{"name":"wp","href":"https:\/\/api.w.org\/{rel}","templated":true}]}}