{"id":1214,"date":"2020-09-29T08:21:13","date_gmt":"2020-09-29T08:21:13","guid":{"rendered":"http:\/\/miradordemorayma.com\/?page_id=1214"},"modified":"2020-09-29T08:44:26","modified_gmt":"2020-09-29T08:44:26","slug":"presentacion-editorial-dos-aguas","status":"publish","type":"page","link":"https:\/\/miradordemorayma.com\/en\/presentacion-editorial-dos-aguas\/","title":{"rendered":"Presentaci\u00f3n Editorial Dos Aguas 01\/10\/20"},"content":{"rendered":"\n<div class=\"wp-block-image\"><figure class=\"aligncenter is-resized\"><img loading=\"lazy\" decoding=\"async\" data-attachment-id=\"1215\" data-permalink=\"https:\/\/miradordemorayma.com\/en\/presentacion-editorial-dos-aguas\/presentacion-editorial\/\" data-orig-file=\"https:\/\/i0.wp.com\/miradordemorayma.com\/wp-content\/uploads\/2020\/09\/presentacion-editorial.jpeg?fit=1080%2C1080&amp;ssl=1\" data-orig-size=\"1080,1080\" data-comments-opened=\"1\" data-image-meta=\"{&quot;aperture&quot;:&quot;0&quot;,&quot;credit&quot;:&quot;&quot;,&quot;camera&quot;:&quot;&quot;,&quot;caption&quot;:&quot;&quot;,&quot;created_timestamp&quot;:&quot;0&quot;,&quot;copyright&quot;:&quot;&quot;,&quot;focal_length&quot;:&quot;0&quot;,&quot;iso&quot;:&quot;0&quot;,&quot;shutter_speed&quot;:&quot;0&quot;,&quot;title&quot;:&quot;&quot;,&quot;orientation&quot;:&quot;0&quot;}\" data-image-title=\"presentacion editorial\" data-image-description=\"\" data-image-caption=\"\" data-medium-file=\"https:\/\/i0.wp.com\/miradordemorayma.com\/wp-content\/uploads\/2020\/09\/presentacion-editorial.jpeg?fit=300%2C300&amp;ssl=1\" data-large-file=\"https:\/\/i0.wp.com\/miradordemorayma.com\/wp-content\/uploads\/2020\/09\/presentacion-editorial.jpeg?fit=750%2C750&amp;ssl=1\" tabindex=\"0\" role=\"button\" src=\"https:\/\/i0.wp.com\/miradordemorayma.com\/wp-content\/uploads\/2020\/09\/presentacion-editorial.jpeg?fit=750%2C750\" alt=\"\" class=\"wp-image-1215\" width=\"375\" height=\"375\" srcset=\"https:\/\/i0.wp.com\/miradordemorayma.com\/wp-content\/uploads\/2020\/09\/presentacion-editorial.jpeg?w=1080&amp;ssl=1 1080w, https:\/\/i0.wp.com\/miradordemorayma.com\/wp-content\/uploads\/2020\/09\/presentacion-editorial.jpeg?resize=150%2C150&amp;ssl=1 150w, https:\/\/i0.wp.com\/miradordemorayma.com\/wp-content\/uploads\/2020\/09\/presentacion-editorial.jpeg?resize=300%2C300&amp;ssl=1 300w, https:\/\/i0.wp.com\/miradordemorayma.com\/wp-content\/uploads\/2020\/09\/presentacion-editorial.jpeg?resize=768%2C768&amp;ssl=1 768w, https:\/\/i0.wp.com\/miradordemorayma.com\/wp-content\/uploads\/2020\/09\/presentacion-editorial.jpeg?resize=1024%2C1024&amp;ssl=1 1024w, https:\/\/i0.wp.com\/miradordemorayma.com\/wp-content\/uploads\/2020\/09\/presentacion-editorial.jpeg?resize=270%2C270&amp;ssl=1 270w, https:\/\/i0.wp.com\/miradordemorayma.com\/wp-content\/uploads\/2020\/09\/presentacion-editorial.jpeg?resize=230%2C230&amp;ssl=1 230w\" sizes=\"(max-width: 375px) 100vw, 375px\" \/><figcaption>Compromiso con el planeta, de lo local al Norte Magn\u00e9tico\u2026<br><br><br> Este<strong> JUEVES 1 de octubre<\/strong>, a partir de las <strong>19:30h<\/strong>\u2026<br><strong> Presentaci\u00f3n de la Editorial Dos Aguas <\/strong>&#x1f4da;<br><br><br> Que desde la Alpujarra Almeriense nos transmite el valor de lo rural, promoviendo la autoedici\u00f3n de obras que enlazan el compromiso vital con la solidaridad humanista. <br> Jose Luis Campos, con Poemario Perpetuum Mobile, nos adentrar\u00e1 en el movimiento de la vida interior.<br> Javier Campos, como viajero profesional y observador de los problemas del planeta, nos deslumbrar\u00e1 con su extensa obra, llev\u00e1ndonos desde la primera traves\u00eda en solitario realizada a pie &#8220;Great Himalaya Trail&#8221;, hasta la expedici\u00f3n al Norte magn\u00e9tico y los desiertos de hielo del C\u00edrculo Polar \u00c1rtico.<br><br><br> Terminaremos con mesa abierta: \u00bfc\u00f3mo puedo editar y publicar mi propio libro?<br><br><br> El evento se realizar\u00e1 en terraza con las medidas de seguridad. <br><br><br> Plazas limitadas. Reservas:<br> &#x260e; 958228290 \/ 958224812 \/ 600433218<br> &#x1f4bb; info@miradordemorayma.com<br> &#x1f310; www.miradordemorayma.com<\/figcaption><\/figure><\/div>\n","protected":false},"excerpt":{"rendered":"","protected":false},"author":1,"featured_media":0,"parent":0,"menu_order":0,"comment_status":"closed","ping_status":"closed","template":"","meta":{"jetpack_post_was_ever_published":false,"footnotes":""},"yoast_head":"<!-- This site is optimized with the Yoast SEO plugin v23.5 - https:\/\/yoast.com\/wordpress\/plugins\/seo\/ -->\n<title>Presentaci\u00f3n Editorial Dos Aguas 01\/10\/20 - Mirador de Morayma<\/title>\n<meta name=\"robots\" content=\"index, follow, max-snippet:-1, max-image-preview:large, max-video-preview:-1\" \/>\n<link rel=\"canonical\" href=\"https:\/\/miradordemorayma.com\/presentacion-editorial-dos-aguas\/\" \/>\n<meta property=\"og:locale\" content=\"en_US\" \/>\n<meta property=\"og:type\" content=\"article\" \/>\n<meta property=\"og:title\" content=\"Presentaci\u00f3n Editorial Dos Aguas 01\/10\/20 - Mirador de Morayma\" \/>\n<meta property=\"og:url\" content=\"https:\/\/miradordemorayma.com\/presentacion-editorial-dos-aguas\/\" \/>\n<meta property=\"og:site_name\" content=\"Mirador de Morayma\" \/>\n<meta property=\"article:publisher\" content=\"http:\/\/www.facebook.com\/MiradordeMorayma\/\" \/>\n<meta property=\"article:modified_time\" content=\"2020-09-29T08:44:26+00:00\" \/>\n<meta property=\"og:image\" content=\"https:\/\/i0.wp.com\/miradordemorayma.com\/wp-content\/uploads\/2020\/09\/presentacion-editorial.jpeg?fit=750%2C750\" \/>\n<meta name=\"twitter:card\" content=\"summary_large_image\" \/>\n<meta name=\"twitter:site\" content=\"@miradormorayma\" \/>\n<meta name=\"twitter:label1\" content=\"Est. reading time\" \/>\n\t<meta name=\"twitter:data1\" content=\"1 minute\" \/>\n<script type=\"application\/ld+json\" class=\"yoast-schema-graph\">{\"@context\":\"https:\/\/schema.org\",\"@graph\":[{\"@type\":\"WebPage\",\"@id\":\"https:\/\/miradordemorayma.com\/presentacion-editorial-dos-aguas\/\",\"url\":\"https:\/\/miradordemorayma.com\/presentacion-editorial-dos-aguas\/\",\"name\":\"Presentaci\u00f3n Editorial Dos Aguas 01\/10\/20 - Mirador de Morayma\",\"isPartOf\":{\"@id\":\"https:\/\/miradordemorayma.com\/#website\"},\"primaryImageOfPage\":{\"@id\":\"https:\/\/miradordemorayma.com\/presentacion-editorial-dos-aguas\/#primaryimage\"},\"image\":{\"@id\":\"https:\/\/miradordemorayma.com\/presentacion-editorial-dos-aguas\/#primaryimage\"},\"thumbnailUrl\":\"https:\/\/i0.wp.com\/miradordemorayma.com\/wp-content\/uploads\/2020\/09\/presentacion-editorial.jpeg?fit=750%2C750\",\"datePublished\":\"2020-09-29T08:21:13+00:00\",\"dateModified\":\"2020-09-29T08:44:26+00:00\",\"breadcrumb\":{\"@id\":\"https:\/\/miradordemorayma.com\/presentacion-editorial-dos-aguas\/#breadcrumb\"},\"inLanguage\":\"en-US\",\"potentialAction\":[{\"@type\":\"ReadAction\",\"target\":[\"https:\/\/miradordemorayma.com\/presentacion-editorial-dos-aguas\/\"]}]},{\"@type\":\"ImageObject\",\"inLanguage\":\"en-US\",\"@id\":\"https:\/\/miradordemorayma.com\/presentacion-editorial-dos-aguas\/#primaryimage\",\"url\":\"https:\/\/i0.wp.com\/miradordemorayma.com\/wp-content\/uploads\/2020\/09\/presentacion-editorial.jpeg?fit=750%2C750\",\"contentUrl\":\"https:\/\/i0.wp.com\/miradordemorayma.com\/wp-content\/uploads\/2020\/09\/presentacion-editorial.jpeg?fit=750%2C750\"},{\"@type\":\"BreadcrumbList\",\"@id\":\"https:\/\/miradordemorayma.com\/presentacion-editorial-dos-aguas\/#breadcrumb\",\"itemListElement\":[{\"@type\":\"ListItem\",\"position\":1,\"name\":\"Portada\",\"item\":\"https:\/\/miradordemorayma.com\/\"},{\"@type\":\"ListItem\",\"position\":2,\"name\":\"Presentaci\u00f3n Editorial Dos Aguas 01\/10\/20\"}]},{\"@type\":\"WebSite\",\"@id\":\"https:\/\/miradordemorayma.com\/#website\",\"url\":\"https:\/\/miradordemorayma.com\/\",\"name\":\"Mirador de Morayma\",\"description\":\"Restaurante Mirador en Albayc\u00edn\",\"publisher\":{\"@id\":\"https:\/\/miradordemorayma.com\/#organization\"},\"potentialAction\":[{\"@type\":\"SearchAction\",\"target\":{\"@type\":\"EntryPoint\",\"urlTemplate\":\"https:\/\/miradordemorayma.com\/?s={search_term_string}\"},\"query-input\":{\"@type\":\"PropertyValueSpecification\",\"valueRequired\":true,\"valueName\":\"search_term_string\"}}],\"inLanguage\":\"en-US\"},{\"@type\":\"Organization\",\"@id\":\"https:\/\/miradordemorayma.com\/#organization\",\"name\":\"Mirador de Morayma\",\"url\":\"https:\/\/miradordemorayma.com\/\",\"logo\":{\"@type\":\"ImageObject\",\"inLanguage\":\"en-US\",\"@id\":\"https:\/\/miradordemorayma.com\/#\/schema\/logo\/image\/\",\"url\":\"https:\/\/i0.wp.com\/miradordemorayma.com\/wp-content\/uploads\/2016\/12\/LOGO-TRANSPARENTE-WEB.png?fit=100%2C74&ssl=1\",\"contentUrl\":\"https:\/\/i0.wp.com\/miradordemorayma.com\/wp-content\/uploads\/2016\/12\/LOGO-TRANSPARENTE-WEB.png?fit=100%2C74&ssl=1\",\"width\":100,\"height\":74,\"caption\":\"Mirador de Morayma\"},\"image\":{\"@id\":\"https:\/\/miradordemorayma.com\/#\/schema\/logo\/image\/\"},\"sameAs\":[\"http:\/\/www.facebook.com\/MiradordeMorayma\/\",\"https:\/\/x.com\/miradormorayma\"]}]}<\/script>\n<!-- \/ Yoast SEO plugin. -->","yoast_head_json":{"title":"Presentaci\u00f3n Editorial Dos Aguas 01\/10\/20 - Mirador de Morayma","robots":{"index":"index","follow":"follow","max-snippet":"max-snippet:-1","max-image-preview":"max-image-preview:large","max-video-preview":"max-video-preview:-1"},"canonical":"https:\/\/miradordemorayma.com\/presentacion-editorial-dos-aguas\/","og_locale":"en_US","og_type":"article","og_title":"Presentaci\u00f3n Editorial Dos Aguas 01\/10\/20 - Mirador de Morayma","og_url":"https:\/\/miradordemorayma.com\/presentacion-editorial-dos-aguas\/","og_site_name":"Mirador de Morayma","article_publisher":"http:\/\/www.facebook.com\/MiradordeMorayma\/","article_modified_time":"2020-09-29T08:44:26+00:00","og_image":[{"url":"https:\/\/i0.wp.com\/miradordemorayma.com\/wp-content\/uploads\/2020\/09\/presentacion-editorial.jpeg?fit=750%2C750"}],"twitter_card":"summary_large_image","twitter_site":"@miradormorayma","twitter_misc":{"Est. reading time":"1 minute"},"schema":{"@context":"https:\/\/schema.org","@graph":[{"@type":"WebPage","@id":"https:\/\/miradordemorayma.com\/presentacion-editorial-dos-aguas\/","url":"https:\/\/miradordemorayma.com\/presentacion-editorial-dos-aguas\/","name":"Presentaci\u00f3n Editorial Dos Aguas 01\/10\/20 - Mirador de Morayma","isPartOf":{"@id":"https:\/\/miradordemorayma.com\/#website"},"primaryImageOfPage":{"@id":"https:\/\/miradordemorayma.com\/presentacion-editorial-dos-aguas\/#primaryimage"},"image":{"@id":"https:\/\/miradordemorayma.com\/presentacion-editorial-dos-aguas\/#primaryimage"},"thumbnailUrl":"https:\/\/i0.wp.com\/miradordemorayma.com\/wp-content\/uploads\/2020\/09\/presentacion-editorial.jpeg?fit=750%2C750","datePublished":"2020-09-29T08:21:13+00:00","dateModified":"2020-09-29T08:44:26+00:00","breadcrumb":{"@id":"https:\/\/miradordemorayma.com\/presentacion-editorial-dos-aguas\/#breadcrumb"},"inLanguage":"en-US","potentialAction":[{"@type":"ReadAction","target":["https:\/\/miradordemorayma.com\/presentacion-editorial-dos-aguas\/"]}]},{"@type":"ImageObject","inLanguage":"en-US","@id":"https:\/\/miradordemorayma.com\/presentacion-editorial-dos-aguas\/#primaryimage","url":"https:\/\/i0.wp.com\/miradordemorayma.com\/wp-content\/uploads\/2020\/09\/presentacion-editorial.jpeg?fit=750%2C750","contentUrl":"https:\/\/i0.wp.com\/miradordemorayma.com\/wp-content\/uploads\/2020\/09\/presentacion-editorial.jpeg?fit=750%2C750"},{"@type":"BreadcrumbList","@id":"https:\/\/miradordemorayma.com\/presentacion-editorial-dos-aguas\/#breadcrumb","itemListElement":[{"@type":"ListItem","position":1,"name":"Portada","item":"https:\/\/miradordemorayma.com\/"},{"@type":"ListItem","position":2,"name":"Presentaci\u00f3n Editorial Dos Aguas 01\/10\/20"}]},{"@type":"WebSite","@id":"https:\/\/miradordemorayma.com\/#website","url":"https:\/\/miradordemorayma.com\/","name":"Mirador de Morayma","description":"Restaurante Mirador en Albayc\u00edn","publisher":{"@id":"https:\/\/miradordemorayma.com\/#organization"},"potentialAction":[{"@type":"SearchAction","target":{"@type":"EntryPoint","urlTemplate":"https:\/\/miradordemorayma.com\/?s={search_term_string}"},"query-input":{"@type":"PropertyValueSpecification","valueRequired":true,"valueName":"search_term_string"}}],"inLanguage":"en-US"},{"@type":"Organization","@id":"https:\/\/miradordemorayma.com\/#organization","name":"Mirador de Morayma","url":"https:\/\/miradordemorayma.com\/","logo":{"@type":"ImageObject","inLanguage":"en-US","@id":"https:\/\/miradordemorayma.com\/#\/schema\/logo\/image\/","url":"https:\/\/i0.wp.com\/miradordemorayma.com\/wp-content\/uploads\/2016\/12\/LOGO-TRANSPARENTE-WEB.png?fit=100%2C74&ssl=1","contentUrl":"https:\/\/i0.wp.com\/miradordemorayma.com\/wp-content\/uploads\/2016\/12\/LOGO-TRANSPARENTE-WEB.png?fit=100%2C74&ssl=1","width":100,"height":74,"caption":"Mirador de Morayma"},"image":{"@id":"https:\/\/miradordemorayma.com\/#\/schema\/logo\/image\/"},"sameAs":["http:\/\/www.facebook.com\/MiradordeMorayma\/","https:\/\/x.com\/miradormorayma"]}]}},"jetpack_sharing_enabled":true,"jetpack_shortlink":"https:\/\/wp.me\/P8tmoG-jA","jetpack-related-posts":[],"_links":{"self":[{"href":"https:\/\/miradordemorayma.com\/en\/wp-json\/wp\/v2\/pages\/1214"}],"collection":[{"href":"https:\/\/miradordemorayma.com\/en\/wp-json\/wp\/v2\/pages"}],"about":[{"href":"https:\/\/miradordemorayma.com\/en\/wp-json\/wp\/v2\/types\/page"}],"author":[{"embeddable":true,"href":"https:\/\/miradordemorayma.com\/en\/wp-json\/wp\/v2\/users\/1"}],"replies":[{"embeddable":true,"href":"https:\/\/miradordemorayma.com\/en\/wp-json\/wp\/v2\/comments?post=1214"}],"version-history":[{"count":2,"href":"https:\/\/miradordemorayma.com\/en\/wp-json\/wp\/v2\/pages\/1214\/revisions"}],"predecessor-version":[{"id":1222,"href":"https:\/\/miradordemorayma.com\/en\/wp-json\/wp\/v2\/pages\/1214\/revisions\/1222"}],"wp:attachment":[{"href":"https:\/\/miradordemorayma.com\/en\/wp-json\/wp\/v2\/media?parent=1214"}],"curies":[{"name":"wp","href":"https:\/\/api.w.org\/{rel}","templated":true}]}}