{"id":1199,"date":"2020-09-22T09:57:17","date_gmt":"2020-09-22T09:57:17","guid":{"rendered":"http:\/\/miradordemorayma.com\/?page_id=1199"},"modified":"2020-09-22T10:09:17","modified_gmt":"2020-09-22T10:09:17","slug":"recital-en-vivo-24-9-20","status":"publish","type":"page","link":"https:\/\/miradordemorayma.com\/en\/recital-en-vivo-24-9-20\/","title":{"rendered":"Recital en vivo 24-9-20"},"content":{"rendered":"\n<div class=\"wp-block-image\"><figure class=\"aligncenter is-resized\"><img loading=\"lazy\" decoding=\"async\" data-attachment-id=\"1202\" data-permalink=\"https:\/\/miradordemorayma.com\/en\/recital-en-vivo-24-9-20\/whatsapp-image-2020-09-21-at-21-29-40\/\" data-orig-file=\"https:\/\/i0.wp.com\/miradordemorayma.com\/wp-content\/uploads\/2020\/09\/WhatsApp-Image-2020-09-21-at-21.29.40.jpeg?fit=1080%2C1080&amp;ssl=1\" data-orig-size=\"1080,1080\" data-comments-opened=\"1\" data-image-meta=\"{&quot;aperture&quot;:&quot;0&quot;,&quot;credit&quot;:&quot;&quot;,&quot;camera&quot;:&quot;&quot;,&quot;caption&quot;:&quot;&quot;,&quot;created_timestamp&quot;:&quot;0&quot;,&quot;copyright&quot;:&quot;&quot;,&quot;focal_length&quot;:&quot;0&quot;,&quot;iso&quot;:&quot;0&quot;,&quot;shutter_speed&quot;:&quot;0&quot;,&quot;title&quot;:&quot;&quot;,&quot;orientation&quot;:&quot;0&quot;}\" data-image-title=\"WhatsApp Image 2020-09-21 at 21.29.40\" data-image-description=\"\" data-image-caption=\"\" data-medium-file=\"https:\/\/i0.wp.com\/miradordemorayma.com\/wp-content\/uploads\/2020\/09\/WhatsApp-Image-2020-09-21-at-21.29.40.jpeg?fit=300%2C300&amp;ssl=1\" data-large-file=\"https:\/\/i0.wp.com\/miradordemorayma.com\/wp-content\/uploads\/2020\/09\/WhatsApp-Image-2020-09-21-at-21.29.40.jpeg?fit=750%2C750&amp;ssl=1\" tabindex=\"0\" role=\"button\" src=\"https:\/\/i2.wp.com\/miradordemorayma.com\/wp-content\/uploads\/2020\/09\/WhatsApp-Image-2020-09-21-at-21.29.40.jpeg?fit=750%2C750\" alt=\"\" class=\"wp-image-1202\" width=\"375\" height=\"375\" srcset=\"https:\/\/i0.wp.com\/miradordemorayma.com\/wp-content\/uploads\/2020\/09\/WhatsApp-Image-2020-09-21-at-21.29.40.jpeg?w=1080&amp;ssl=1 1080w, https:\/\/i0.wp.com\/miradordemorayma.com\/wp-content\/uploads\/2020\/09\/WhatsApp-Image-2020-09-21-at-21.29.40.jpeg?resize=150%2C150&amp;ssl=1 150w, https:\/\/i0.wp.com\/miradordemorayma.com\/wp-content\/uploads\/2020\/09\/WhatsApp-Image-2020-09-21-at-21.29.40.jpeg?resize=300%2C300&amp;ssl=1 300w, https:\/\/i0.wp.com\/miradordemorayma.com\/wp-content\/uploads\/2020\/09\/WhatsApp-Image-2020-09-21-at-21.29.40.jpeg?resize=768%2C768&amp;ssl=1 768w, https:\/\/i0.wp.com\/miradordemorayma.com\/wp-content\/uploads\/2020\/09\/WhatsApp-Image-2020-09-21-at-21.29.40.jpeg?resize=1024%2C1024&amp;ssl=1 1024w, https:\/\/i0.wp.com\/miradordemorayma.com\/wp-content\/uploads\/2020\/09\/WhatsApp-Image-2020-09-21-at-21.29.40.jpeg?resize=270%2C270&amp;ssl=1 270w, https:\/\/i0.wp.com\/miradordemorayma.com\/wp-content\/uploads\/2020\/09\/WhatsApp-Image-2020-09-21-at-21.29.40.jpeg?resize=230%2C230&amp;ssl=1 230w\" sizes=\"(max-width: 375px) 100vw, 375px\" \/><\/figure><\/div>\n\n\n\n<p>Este JUEVES 24 de septiembre a partir de las 20:00h\u2026  en concierto en el Mirador de Morayma:<\/p>\n\n\n\n<p style=\"text-align:center\"><strong>&#x1f3b6; MAR\u00cdA CORTES \u201cla GRANA\u00cdNA\u201d &#x1f3b8; &#x1f3a4;<\/strong><\/p>\n\n\n\n<p>La artista granadina vuelve a su ciudad despu\u00e9s de 25 a\u00f1os y presenta, por primera vez para p\u00fablico en vivo y en d\u00fao, los temas originales y propios de su nuevo proyecto musical:<br> REYNA Y SU VOZ LIBRE <br><br><\/p>\n\n\n\n<p>Guitarra: Daniel de Rojas<\/p>\n\n\n\n<p>\u00bfTe animas a disfrutar de este estreno en este bello carmen del Albayz\u00edn?<br>\nY para terminar micro abierto, \u00a1comparte tu arte!<\/p>\n\n\n\n<p>El evento se realizar\u00e1 en la terraza con todas las medidas de seguridad. <\/p>\n\n\n\n<p>Entrada 9\u20ac con una consumici\u00f3n.<\/p>\n\n\n\n<p>Plazas limitadas hasta completar aforo.<br>\u00a1Reserva tu plaza!<\/p>\n\n\n\n<p>&#x260e; 958 228290 \/ 958 224812 \/ 600 433218<br>&#x1f4bb; info@miradordemorayma.com<br>&#x1f310; www.miradordemorayma.com\/<\/p>\n","protected":false},"excerpt":{"rendered":"<p>Este JUEVES 24 de septiembre a partir de las 20:00h\u2026 en concierto en el Mirador de Morayma: &#x1f3b6; MAR\u00cdA CORTES \u201cla GRANA\u00cdNA\u201d &#x1f3b8; &#x1f3a4; La artista granadina vuelve a su ciudad despu\u00e9s de 25 a\u00f1os y presenta, por primera vez<\/p>\n","protected":false},"author":1,"featured_media":0,"parent":0,"menu_order":0,"comment_status":"closed","ping_status":"closed","template":"","meta":{"jetpack_post_was_ever_published":false,"footnotes":""},"yoast_head":"<!-- This site is optimized with the Yoast SEO plugin v23.5 - https:\/\/yoast.com\/wordpress\/plugins\/seo\/ -->\n<title>Recital en vivo 24-9-20 - Mirador de Morayma<\/title>\n<meta name=\"robots\" content=\"index, follow, max-snippet:-1, max-image-preview:large, max-video-preview:-1\" \/>\n<link rel=\"canonical\" href=\"https:\/\/miradordemorayma.com\/recital-en-vivo-24-9-20\/\" \/>\n<meta property=\"og:locale\" content=\"en_US\" \/>\n<meta property=\"og:type\" content=\"article\" \/>\n<meta property=\"og:title\" content=\"Recital en vivo 24-9-20 - Mirador de Morayma\" \/>\n<meta property=\"og:description\" content=\"Este JUEVES 24 de septiembre a partir de las 20:00h\u2026 en concierto en el Mirador de Morayma: &#x1f3b6; MAR\u00cdA CORTES \u201cla GRANA\u00cdNA\u201d &#x1f3b8; &#x1f3a4; La artista granadina vuelve a su ciudad despu\u00e9s de 25 a\u00f1os y presenta, por primera vez\" \/>\n<meta property=\"og:url\" content=\"https:\/\/miradordemorayma.com\/recital-en-vivo-24-9-20\/\" \/>\n<meta property=\"og:site_name\" content=\"Mirador de Morayma\" \/>\n<meta property=\"article:publisher\" content=\"http:\/\/www.facebook.com\/MiradordeMorayma\/\" \/>\n<meta property=\"article:modified_time\" content=\"2020-09-22T10:09:17+00:00\" \/>\n<meta property=\"og:image\" content=\"https:\/\/i2.wp.com\/miradordemorayma.com\/wp-content\/uploads\/2020\/09\/WhatsApp-Image-2020-09-21-at-21.29.40.jpeg?fit=750%2C750\" \/>\n<meta name=\"twitter:card\" content=\"summary_large_image\" \/>\n<meta name=\"twitter:site\" content=\"@miradormorayma\" \/>\n<meta name=\"twitter:label1\" content=\"Est. reading time\" \/>\n\t<meta name=\"twitter:data1\" content=\"1 minute\" \/>\n<script type=\"application\/ld+json\" class=\"yoast-schema-graph\">{\"@context\":\"https:\/\/schema.org\",\"@graph\":[{\"@type\":\"WebPage\",\"@id\":\"https:\/\/miradordemorayma.com\/recital-en-vivo-24-9-20\/\",\"url\":\"https:\/\/miradordemorayma.com\/recital-en-vivo-24-9-20\/\",\"name\":\"Recital en vivo 24-9-20 - Mirador de Morayma\",\"isPartOf\":{\"@id\":\"https:\/\/miradordemorayma.com\/#website\"},\"primaryImageOfPage\":{\"@id\":\"https:\/\/miradordemorayma.com\/recital-en-vivo-24-9-20\/#primaryimage\"},\"image\":{\"@id\":\"https:\/\/miradordemorayma.com\/recital-en-vivo-24-9-20\/#primaryimage\"},\"thumbnailUrl\":\"https:\/\/i2.wp.com\/miradordemorayma.com\/wp-content\/uploads\/2020\/09\/WhatsApp-Image-2020-09-21-at-21.29.40.jpeg?fit=750%2C750\",\"datePublished\":\"2020-09-22T09:57:17+00:00\",\"dateModified\":\"2020-09-22T10:09:17+00:00\",\"breadcrumb\":{\"@id\":\"https:\/\/miradordemorayma.com\/recital-en-vivo-24-9-20\/#breadcrumb\"},\"inLanguage\":\"en-US\",\"potentialAction\":[{\"@type\":\"ReadAction\",\"target\":[\"https:\/\/miradordemorayma.com\/recital-en-vivo-24-9-20\/\"]}]},{\"@type\":\"ImageObject\",\"inLanguage\":\"en-US\",\"@id\":\"https:\/\/miradordemorayma.com\/recital-en-vivo-24-9-20\/#primaryimage\",\"url\":\"https:\/\/i2.wp.com\/miradordemorayma.com\/wp-content\/uploads\/2020\/09\/WhatsApp-Image-2020-09-21-at-21.29.40.jpeg?fit=750%2C750\",\"contentUrl\":\"https:\/\/i2.wp.com\/miradordemorayma.com\/wp-content\/uploads\/2020\/09\/WhatsApp-Image-2020-09-21-at-21.29.40.jpeg?fit=750%2C750\"},{\"@type\":\"BreadcrumbList\",\"@id\":\"https:\/\/miradordemorayma.com\/recital-en-vivo-24-9-20\/#breadcrumb\",\"itemListElement\":[{\"@type\":\"ListItem\",\"position\":1,\"name\":\"Portada\",\"item\":\"https:\/\/miradordemorayma.com\/\"},{\"@type\":\"ListItem\",\"position\":2,\"name\":\"Recital en vivo 24-9-20\"}]},{\"@type\":\"WebSite\",\"@id\":\"https:\/\/miradordemorayma.com\/#website\",\"url\":\"https:\/\/miradordemorayma.com\/\",\"name\":\"Mirador de Morayma\",\"description\":\"Restaurante Mirador en Albayc\u00edn\",\"publisher\":{\"@id\":\"https:\/\/miradordemorayma.com\/#organization\"},\"potentialAction\":[{\"@type\":\"SearchAction\",\"target\":{\"@type\":\"EntryPoint\",\"urlTemplate\":\"https:\/\/miradordemorayma.com\/?s={search_term_string}\"},\"query-input\":{\"@type\":\"PropertyValueSpecification\",\"valueRequired\":true,\"valueName\":\"search_term_string\"}}],\"inLanguage\":\"en-US\"},{\"@type\":\"Organization\",\"@id\":\"https:\/\/miradordemorayma.com\/#organization\",\"name\":\"Mirador de Morayma\",\"url\":\"https:\/\/miradordemorayma.com\/\",\"logo\":{\"@type\":\"ImageObject\",\"inLanguage\":\"en-US\",\"@id\":\"https:\/\/miradordemorayma.com\/#\/schema\/logo\/image\/\",\"url\":\"https:\/\/i0.wp.com\/miradordemorayma.com\/wp-content\/uploads\/2016\/12\/LOGO-TRANSPARENTE-WEB.png?fit=100%2C74&ssl=1\",\"contentUrl\":\"https:\/\/i0.wp.com\/miradordemorayma.com\/wp-content\/uploads\/2016\/12\/LOGO-TRANSPARENTE-WEB.png?fit=100%2C74&ssl=1\",\"width\":100,\"height\":74,\"caption\":\"Mirador de Morayma\"},\"image\":{\"@id\":\"https:\/\/miradordemorayma.com\/#\/schema\/logo\/image\/\"},\"sameAs\":[\"http:\/\/www.facebook.com\/MiradordeMorayma\/\",\"https:\/\/x.com\/miradormorayma\"]}]}<\/script>\n<!-- \/ Yoast SEO plugin. -->","yoast_head_json":{"title":"Recital en vivo 24-9-20 - Mirador de Morayma","robots":{"index":"index","follow":"follow","max-snippet":"max-snippet:-1","max-image-preview":"max-image-preview:large","max-video-preview":"max-video-preview:-1"},"canonical":"https:\/\/miradordemorayma.com\/recital-en-vivo-24-9-20\/","og_locale":"en_US","og_type":"article","og_title":"Recital en vivo 24-9-20 - Mirador de Morayma","og_description":"Este JUEVES 24 de septiembre a partir de las 20:00h\u2026 en concierto en el Mirador de Morayma: &#x1f3b6; MAR\u00cdA CORTES \u201cla GRANA\u00cdNA\u201d &#x1f3b8; &#x1f3a4; La artista granadina vuelve a su ciudad despu\u00e9s de 25 a\u00f1os y presenta, por primera vez","og_url":"https:\/\/miradordemorayma.com\/recital-en-vivo-24-9-20\/","og_site_name":"Mirador de Morayma","article_publisher":"http:\/\/www.facebook.com\/MiradordeMorayma\/","article_modified_time":"2020-09-22T10:09:17+00:00","og_image":[{"url":"https:\/\/i2.wp.com\/miradordemorayma.com\/wp-content\/uploads\/2020\/09\/WhatsApp-Image-2020-09-21-at-21.29.40.jpeg?fit=750%2C750"}],"twitter_card":"summary_large_image","twitter_site":"@miradormorayma","twitter_misc":{"Est. reading time":"1 minute"},"schema":{"@context":"https:\/\/schema.org","@graph":[{"@type":"WebPage","@id":"https:\/\/miradordemorayma.com\/recital-en-vivo-24-9-20\/","url":"https:\/\/miradordemorayma.com\/recital-en-vivo-24-9-20\/","name":"Recital en vivo 24-9-20 - Mirador de Morayma","isPartOf":{"@id":"https:\/\/miradordemorayma.com\/#website"},"primaryImageOfPage":{"@id":"https:\/\/miradordemorayma.com\/recital-en-vivo-24-9-20\/#primaryimage"},"image":{"@id":"https:\/\/miradordemorayma.com\/recital-en-vivo-24-9-20\/#primaryimage"},"thumbnailUrl":"https:\/\/i2.wp.com\/miradordemorayma.com\/wp-content\/uploads\/2020\/09\/WhatsApp-Image-2020-09-21-at-21.29.40.jpeg?fit=750%2C750","datePublished":"2020-09-22T09:57:17+00:00","dateModified":"2020-09-22T10:09:17+00:00","breadcrumb":{"@id":"https:\/\/miradordemorayma.com\/recital-en-vivo-24-9-20\/#breadcrumb"},"inLanguage":"en-US","potentialAction":[{"@type":"ReadAction","target":["https:\/\/miradordemorayma.com\/recital-en-vivo-24-9-20\/"]}]},{"@type":"ImageObject","inLanguage":"en-US","@id":"https:\/\/miradordemorayma.com\/recital-en-vivo-24-9-20\/#primaryimage","url":"https:\/\/i2.wp.com\/miradordemorayma.com\/wp-content\/uploads\/2020\/09\/WhatsApp-Image-2020-09-21-at-21.29.40.jpeg?fit=750%2C750","contentUrl":"https:\/\/i2.wp.com\/miradordemorayma.com\/wp-content\/uploads\/2020\/09\/WhatsApp-Image-2020-09-21-at-21.29.40.jpeg?fit=750%2C750"},{"@type":"BreadcrumbList","@id":"https:\/\/miradordemorayma.com\/recital-en-vivo-24-9-20\/#breadcrumb","itemListElement":[{"@type":"ListItem","position":1,"name":"Portada","item":"https:\/\/miradordemorayma.com\/"},{"@type":"ListItem","position":2,"name":"Recital en vivo 24-9-20"}]},{"@type":"WebSite","@id":"https:\/\/miradordemorayma.com\/#website","url":"https:\/\/miradordemorayma.com\/","name":"Mirador de Morayma","description":"Restaurante Mirador en Albayc\u00edn","publisher":{"@id":"https:\/\/miradordemorayma.com\/#organization"},"potentialAction":[{"@type":"SearchAction","target":{"@type":"EntryPoint","urlTemplate":"https:\/\/miradordemorayma.com\/?s={search_term_string}"},"query-input":{"@type":"PropertyValueSpecification","valueRequired":true,"valueName":"search_term_string"}}],"inLanguage":"en-US"},{"@type":"Organization","@id":"https:\/\/miradordemorayma.com\/#organization","name":"Mirador de Morayma","url":"https:\/\/miradordemorayma.com\/","logo":{"@type":"ImageObject","inLanguage":"en-US","@id":"https:\/\/miradordemorayma.com\/#\/schema\/logo\/image\/","url":"https:\/\/i0.wp.com\/miradordemorayma.com\/wp-content\/uploads\/2016\/12\/LOGO-TRANSPARENTE-WEB.png?fit=100%2C74&ssl=1","contentUrl":"https:\/\/i0.wp.com\/miradordemorayma.com\/wp-content\/uploads\/2016\/12\/LOGO-TRANSPARENTE-WEB.png?fit=100%2C74&ssl=1","width":100,"height":74,"caption":"Mirador de Morayma"},"image":{"@id":"https:\/\/miradordemorayma.com\/#\/schema\/logo\/image\/"},"sameAs":["http:\/\/www.facebook.com\/MiradordeMorayma\/","https:\/\/x.com\/miradormorayma"]}]}},"jetpack_sharing_enabled":true,"jetpack_shortlink":"https:\/\/wp.me\/P8tmoG-jl","jetpack-related-posts":[],"_links":{"self":[{"href":"https:\/\/miradordemorayma.com\/en\/wp-json\/wp\/v2\/pages\/1199"}],"collection":[{"href":"https:\/\/miradordemorayma.com\/en\/wp-json\/wp\/v2\/pages"}],"about":[{"href":"https:\/\/miradordemorayma.com\/en\/wp-json\/wp\/v2\/types\/page"}],"author":[{"embeddable":true,"href":"https:\/\/miradordemorayma.com\/en\/wp-json\/wp\/v2\/users\/1"}],"replies":[{"embeddable":true,"href":"https:\/\/miradordemorayma.com\/en\/wp-json\/wp\/v2\/comments?post=1199"}],"version-history":[{"count":2,"href":"https:\/\/miradordemorayma.com\/en\/wp-json\/wp\/v2\/pages\/1199\/revisions"}],"predecessor-version":[{"id":1203,"href":"https:\/\/miradordemorayma.com\/en\/wp-json\/wp\/v2\/pages\/1199\/revisions\/1203"}],"wp:attachment":[{"href":"https:\/\/miradordemorayma.com\/en\/wp-json\/wp\/v2\/media?parent=1199"}],"curies":[{"name":"wp","href":"https:\/\/api.w.org\/{rel}","templated":true}]}}