{"id":1187,"date":"2020-07-24T10:38:31","date_gmt":"2020-07-24T10:38:31","guid":{"rendered":"http:\/\/miradordemorayma.com\/?page_id=1187"},"modified":"2020-07-24T10:45:21","modified_gmt":"2020-07-24T10:45:21","slug":"poesia-30-07-20","status":"publish","type":"page","link":"https:\/\/miradordemorayma.com\/en\/poesia-30-07-20\/","title":{"rendered":"Poes\u00eda 30\/07\/20"},"content":{"rendered":"\n<div class=\"wp-block-image\"><figure class=\"aligncenter is-resized\"><img loading=\"lazy\" decoding=\"async\" data-attachment-id=\"1190\" data-permalink=\"https:\/\/miradordemorayma.com\/en\/poesia-30-07-20\/alfredo-lombardo-3\/\" data-orig-file=\"https:\/\/i0.wp.com\/miradordemorayma.com\/wp-content\/uploads\/2020\/07\/Alfredo-Lombardo-1.jpeg?fit=1600%2C1600&amp;ssl=1\" data-orig-size=\"1600,1600\" data-comments-opened=\"1\" data-image-meta=\"{&quot;aperture&quot;:&quot;0&quot;,&quot;credit&quot;:&quot;&quot;,&quot;camera&quot;:&quot;&quot;,&quot;caption&quot;:&quot;&quot;,&quot;created_timestamp&quot;:&quot;0&quot;,&quot;copyright&quot;:&quot;&quot;,&quot;focal_length&quot;:&quot;0&quot;,&quot;iso&quot;:&quot;0&quot;,&quot;shutter_speed&quot;:&quot;0&quot;,&quot;title&quot;:&quot;&quot;,&quot;orientation&quot;:&quot;0&quot;}\" data-image-title=\"Alfredo Lombardo\" data-image-description=\"\" data-image-caption=\"\" data-medium-file=\"https:\/\/i0.wp.com\/miradordemorayma.com\/wp-content\/uploads\/2020\/07\/Alfredo-Lombardo-1.jpeg?fit=300%2C300&amp;ssl=1\" data-large-file=\"https:\/\/i0.wp.com\/miradordemorayma.com\/wp-content\/uploads\/2020\/07\/Alfredo-Lombardo-1.jpeg?fit=750%2C750&amp;ssl=1\" tabindex=\"0\" role=\"button\" src=\"https:\/\/i2.wp.com\/miradordemorayma.com\/wp-content\/uploads\/2020\/07\/Alfredo-Lombardo-1.jpeg?fit=750%2C750\" alt=\"\" class=\"wp-image-1190\" width=\"375\" height=\"375\" srcset=\"https:\/\/i0.wp.com\/miradordemorayma.com\/wp-content\/uploads\/2020\/07\/Alfredo-Lombardo-1.jpeg?w=1600&amp;ssl=1 1600w, https:\/\/i0.wp.com\/miradordemorayma.com\/wp-content\/uploads\/2020\/07\/Alfredo-Lombardo-1.jpeg?resize=150%2C150&amp;ssl=1 150w, https:\/\/i0.wp.com\/miradordemorayma.com\/wp-content\/uploads\/2020\/07\/Alfredo-Lombardo-1.jpeg?resize=300%2C300&amp;ssl=1 300w, https:\/\/i0.wp.com\/miradordemorayma.com\/wp-content\/uploads\/2020\/07\/Alfredo-Lombardo-1.jpeg?resize=768%2C768&amp;ssl=1 768w, https:\/\/i0.wp.com\/miradordemorayma.com\/wp-content\/uploads\/2020\/07\/Alfredo-Lombardo-1.jpeg?resize=1024%2C1024&amp;ssl=1 1024w, https:\/\/i0.wp.com\/miradordemorayma.com\/wp-content\/uploads\/2020\/07\/Alfredo-Lombardo-1.jpeg?resize=270%2C270&amp;ssl=1 270w, https:\/\/i0.wp.com\/miradordemorayma.com\/wp-content\/uploads\/2020\/07\/Alfredo-Lombardo-1.jpeg?resize=230%2C230&amp;ssl=1 230w, https:\/\/i0.wp.com\/miradordemorayma.com\/wp-content\/uploads\/2020\/07\/Alfredo-Lombardo-1.jpeg?w=1500 1500w\" sizes=\"(max-width: 375px) 100vw, 375px\" \/><\/figure><\/div>\n\n\n\n<p><\/p>\n\n\n\n<p>Continuamos con nuestros ENCUENTROS DE POES\u00cdA\u2026<\/p>\n\n\n\n<p>El pr\u00f3ximo <strong>JUEVES 30 de julio a las 20h.<\/strong> presentaci\u00f3n del nuevo libro &#x1f4d9; de <strong>Alfredo Lombardo<\/strong>: <\/p>\n\n\n\n<p style=\"text-align:center\"><strong><em>\u201cNUNCA SE SABE. La Pandemia en Verso\u201d<\/em><\/strong><\/p>\n\n\n\n<p>Tras la presentaci\u00f3n, micro abierto\u2026 &#x1f399;&#xfe0f; An\u00edmate a compartir tu poes\u00eda, m\u00fasica y arte, acompa\u00f1ados de buen vino y amistad.<\/p>\n\n\n\n<p>Por respeto a las medidas de seguridad: plazas limitadas y reserva imprescindible.<\/p>\n\n\n\n<p>Precio de la entrada con una consumici\u00f3n incluida: 6\u20ac<\/p>\n\n\n\n<p>\u00a1Te esperamos!<\/p>\n\n\n\n<p>Restaurante Mirador de Morayma.<br>Albayz\u00edn, Granada.<\/p>\n\n\n\n<p>958228290 \/ 958224812<br>info@miradordemorayma.com<br> www.miradordemorayma.com<\/p>\n","protected":false},"excerpt":{"rendered":"<p>Continuamos con nuestros ENCUENTROS DE POES\u00cdA\u2026 El pr\u00f3ximo JUEVES 30 de julio a las 20h. presentaci\u00f3n del nuevo libro &#x1f4d9; de Alfredo Lombardo: \u201cNUNCA SE SABE. La Pandemia en Verso\u201d Tras la presentaci\u00f3n, micro abierto\u2026 &#x1f399;&#xfe0f; An\u00edmate a compartir tu<\/p>\n","protected":false},"author":1,"featured_media":0,"parent":0,"menu_order":0,"comment_status":"closed","ping_status":"closed","template":"","meta":{"jetpack_post_was_ever_published":false,"footnotes":""},"yoast_head":"<!-- This site is optimized with the Yoast SEO plugin v23.5 - https:\/\/yoast.com\/wordpress\/plugins\/seo\/ -->\n<title>Poes\u00eda 30\/07\/20 - Mirador de Morayma<\/title>\n<meta name=\"robots\" content=\"index, follow, max-snippet:-1, max-image-preview:large, max-video-preview:-1\" \/>\n<link rel=\"canonical\" href=\"https:\/\/miradordemorayma.com\/poesia-30-07-20\/\" \/>\n<meta property=\"og:locale\" content=\"en_US\" \/>\n<meta property=\"og:type\" content=\"article\" \/>\n<meta property=\"og:title\" content=\"Poes\u00eda 30\/07\/20 - Mirador de Morayma\" \/>\n<meta property=\"og:description\" content=\"Continuamos con nuestros ENCUENTROS DE POES\u00cdA\u2026 El pr\u00f3ximo JUEVES 30 de julio a las 20h. presentaci\u00f3n del nuevo libro &#x1f4d9; de Alfredo Lombardo: \u201cNUNCA SE SABE. La Pandemia en Verso\u201d Tras la presentaci\u00f3n, micro abierto\u2026 &#x1f399;&#xfe0f; An\u00edmate a compartir tu\" \/>\n<meta property=\"og:url\" content=\"https:\/\/miradordemorayma.com\/poesia-30-07-20\/\" \/>\n<meta property=\"og:site_name\" content=\"Mirador de Morayma\" \/>\n<meta property=\"article:publisher\" content=\"http:\/\/www.facebook.com\/MiradordeMorayma\/\" \/>\n<meta property=\"article:modified_time\" content=\"2020-07-24T10:45:21+00:00\" \/>\n<meta property=\"og:image\" content=\"https:\/\/i2.wp.com\/miradordemorayma.com\/wp-content\/uploads\/2020\/07\/Alfredo-Lombardo-1.jpeg?fit=750%2C750\" \/>\n<meta name=\"twitter:card\" content=\"summary_large_image\" \/>\n<meta name=\"twitter:site\" content=\"@miradormorayma\" \/>\n<script type=\"application\/ld+json\" class=\"yoast-schema-graph\">{\"@context\":\"https:\/\/schema.org\",\"@graph\":[{\"@type\":\"WebPage\",\"@id\":\"https:\/\/miradordemorayma.com\/poesia-30-07-20\/\",\"url\":\"https:\/\/miradordemorayma.com\/poesia-30-07-20\/\",\"name\":\"Poes\u00eda 30\/07\/20 - Mirador de Morayma\",\"isPartOf\":{\"@id\":\"https:\/\/miradordemorayma.com\/#website\"},\"primaryImageOfPage\":{\"@id\":\"https:\/\/miradordemorayma.com\/poesia-30-07-20\/#primaryimage\"},\"image\":{\"@id\":\"https:\/\/miradordemorayma.com\/poesia-30-07-20\/#primaryimage\"},\"thumbnailUrl\":\"https:\/\/i2.wp.com\/miradordemorayma.com\/wp-content\/uploads\/2020\/07\/Alfredo-Lombardo-1.jpeg?fit=750%2C750\",\"datePublished\":\"2020-07-24T10:38:31+00:00\",\"dateModified\":\"2020-07-24T10:45:21+00:00\",\"breadcrumb\":{\"@id\":\"https:\/\/miradordemorayma.com\/poesia-30-07-20\/#breadcrumb\"},\"inLanguage\":\"en-US\",\"potentialAction\":[{\"@type\":\"ReadAction\",\"target\":[\"https:\/\/miradordemorayma.com\/poesia-30-07-20\/\"]}]},{\"@type\":\"ImageObject\",\"inLanguage\":\"en-US\",\"@id\":\"https:\/\/miradordemorayma.com\/poesia-30-07-20\/#primaryimage\",\"url\":\"https:\/\/i2.wp.com\/miradordemorayma.com\/wp-content\/uploads\/2020\/07\/Alfredo-Lombardo-1.jpeg?fit=750%2C750\",\"contentUrl\":\"https:\/\/i2.wp.com\/miradordemorayma.com\/wp-content\/uploads\/2020\/07\/Alfredo-Lombardo-1.jpeg?fit=750%2C750\"},{\"@type\":\"BreadcrumbList\",\"@id\":\"https:\/\/miradordemorayma.com\/poesia-30-07-20\/#breadcrumb\",\"itemListElement\":[{\"@type\":\"ListItem\",\"position\":1,\"name\":\"Portada\",\"item\":\"https:\/\/miradordemorayma.com\/\"},{\"@type\":\"ListItem\",\"position\":2,\"name\":\"Poes\u00eda 30\/07\/20\"}]},{\"@type\":\"WebSite\",\"@id\":\"https:\/\/miradordemorayma.com\/#website\",\"url\":\"https:\/\/miradordemorayma.com\/\",\"name\":\"Mirador de Morayma\",\"description\":\"Restaurante Mirador en Albayc\u00edn\",\"publisher\":{\"@id\":\"https:\/\/miradordemorayma.com\/#organization\"},\"potentialAction\":[{\"@type\":\"SearchAction\",\"target\":{\"@type\":\"EntryPoint\",\"urlTemplate\":\"https:\/\/miradordemorayma.com\/?s={search_term_string}\"},\"query-input\":{\"@type\":\"PropertyValueSpecification\",\"valueRequired\":true,\"valueName\":\"search_term_string\"}}],\"inLanguage\":\"en-US\"},{\"@type\":\"Organization\",\"@id\":\"https:\/\/miradordemorayma.com\/#organization\",\"name\":\"Mirador de Morayma\",\"url\":\"https:\/\/miradordemorayma.com\/\",\"logo\":{\"@type\":\"ImageObject\",\"inLanguage\":\"en-US\",\"@id\":\"https:\/\/miradordemorayma.com\/#\/schema\/logo\/image\/\",\"url\":\"https:\/\/i0.wp.com\/miradordemorayma.com\/wp-content\/uploads\/2016\/12\/LOGO-TRANSPARENTE-WEB.png?fit=100%2C74&ssl=1\",\"contentUrl\":\"https:\/\/i0.wp.com\/miradordemorayma.com\/wp-content\/uploads\/2016\/12\/LOGO-TRANSPARENTE-WEB.png?fit=100%2C74&ssl=1\",\"width\":100,\"height\":74,\"caption\":\"Mirador de Morayma\"},\"image\":{\"@id\":\"https:\/\/miradordemorayma.com\/#\/schema\/logo\/image\/\"},\"sameAs\":[\"http:\/\/www.facebook.com\/MiradordeMorayma\/\",\"https:\/\/x.com\/miradormorayma\"]}]}<\/script>\n<!-- \/ Yoast SEO plugin. -->","yoast_head_json":{"title":"Poes\u00eda 30\/07\/20 - Mirador de Morayma","robots":{"index":"index","follow":"follow","max-snippet":"max-snippet:-1","max-image-preview":"max-image-preview:large","max-video-preview":"max-video-preview:-1"},"canonical":"https:\/\/miradordemorayma.com\/poesia-30-07-20\/","og_locale":"en_US","og_type":"article","og_title":"Poes\u00eda 30\/07\/20 - Mirador de Morayma","og_description":"Continuamos con nuestros ENCUENTROS DE POES\u00cdA\u2026 El pr\u00f3ximo JUEVES 30 de julio a las 20h. presentaci\u00f3n del nuevo libro &#x1f4d9; de Alfredo Lombardo: \u201cNUNCA SE SABE. La Pandemia en Verso\u201d Tras la presentaci\u00f3n, micro abierto\u2026 &#x1f399;&#xfe0f; An\u00edmate a compartir tu","og_url":"https:\/\/miradordemorayma.com\/poesia-30-07-20\/","og_site_name":"Mirador de Morayma","article_publisher":"http:\/\/www.facebook.com\/MiradordeMorayma\/","article_modified_time":"2020-07-24T10:45:21+00:00","og_image":[{"url":"https:\/\/i2.wp.com\/miradordemorayma.com\/wp-content\/uploads\/2020\/07\/Alfredo-Lombardo-1.jpeg?fit=750%2C750"}],"twitter_card":"summary_large_image","twitter_site":"@miradormorayma","schema":{"@context":"https:\/\/schema.org","@graph":[{"@type":"WebPage","@id":"https:\/\/miradordemorayma.com\/poesia-30-07-20\/","url":"https:\/\/miradordemorayma.com\/poesia-30-07-20\/","name":"Poes\u00eda 30\/07\/20 - Mirador de Morayma","isPartOf":{"@id":"https:\/\/miradordemorayma.com\/#website"},"primaryImageOfPage":{"@id":"https:\/\/miradordemorayma.com\/poesia-30-07-20\/#primaryimage"},"image":{"@id":"https:\/\/miradordemorayma.com\/poesia-30-07-20\/#primaryimage"},"thumbnailUrl":"https:\/\/i2.wp.com\/miradordemorayma.com\/wp-content\/uploads\/2020\/07\/Alfredo-Lombardo-1.jpeg?fit=750%2C750","datePublished":"2020-07-24T10:38:31+00:00","dateModified":"2020-07-24T10:45:21+00:00","breadcrumb":{"@id":"https:\/\/miradordemorayma.com\/poesia-30-07-20\/#breadcrumb"},"inLanguage":"en-US","potentialAction":[{"@type":"ReadAction","target":["https:\/\/miradordemorayma.com\/poesia-30-07-20\/"]}]},{"@type":"ImageObject","inLanguage":"en-US","@id":"https:\/\/miradordemorayma.com\/poesia-30-07-20\/#primaryimage","url":"https:\/\/i2.wp.com\/miradordemorayma.com\/wp-content\/uploads\/2020\/07\/Alfredo-Lombardo-1.jpeg?fit=750%2C750","contentUrl":"https:\/\/i2.wp.com\/miradordemorayma.com\/wp-content\/uploads\/2020\/07\/Alfredo-Lombardo-1.jpeg?fit=750%2C750"},{"@type":"BreadcrumbList","@id":"https:\/\/miradordemorayma.com\/poesia-30-07-20\/#breadcrumb","itemListElement":[{"@type":"ListItem","position":1,"name":"Portada","item":"https:\/\/miradordemorayma.com\/"},{"@type":"ListItem","position":2,"name":"Poes\u00eda 30\/07\/20"}]},{"@type":"WebSite","@id":"https:\/\/miradordemorayma.com\/#website","url":"https:\/\/miradordemorayma.com\/","name":"Mirador de Morayma","description":"Restaurante Mirador en Albayc\u00edn","publisher":{"@id":"https:\/\/miradordemorayma.com\/#organization"},"potentialAction":[{"@type":"SearchAction","target":{"@type":"EntryPoint","urlTemplate":"https:\/\/miradordemorayma.com\/?s={search_term_string}"},"query-input":{"@type":"PropertyValueSpecification","valueRequired":true,"valueName":"search_term_string"}}],"inLanguage":"en-US"},{"@type":"Organization","@id":"https:\/\/miradordemorayma.com\/#organization","name":"Mirador de Morayma","url":"https:\/\/miradordemorayma.com\/","logo":{"@type":"ImageObject","inLanguage":"en-US","@id":"https:\/\/miradordemorayma.com\/#\/schema\/logo\/image\/","url":"https:\/\/i0.wp.com\/miradordemorayma.com\/wp-content\/uploads\/2016\/12\/LOGO-TRANSPARENTE-WEB.png?fit=100%2C74&ssl=1","contentUrl":"https:\/\/i0.wp.com\/miradordemorayma.com\/wp-content\/uploads\/2016\/12\/LOGO-TRANSPARENTE-WEB.png?fit=100%2C74&ssl=1","width":100,"height":74,"caption":"Mirador de Morayma"},"image":{"@id":"https:\/\/miradordemorayma.com\/#\/schema\/logo\/image\/"},"sameAs":["http:\/\/www.facebook.com\/MiradordeMorayma\/","https:\/\/x.com\/miradormorayma"]}]}},"jetpack_sharing_enabled":true,"jetpack_shortlink":"https:\/\/wp.me\/P8tmoG-j9","jetpack-related-posts":[],"_links":{"self":[{"href":"https:\/\/miradordemorayma.com\/en\/wp-json\/wp\/v2\/pages\/1187"}],"collection":[{"href":"https:\/\/miradordemorayma.com\/en\/wp-json\/wp\/v2\/pages"}],"about":[{"href":"https:\/\/miradordemorayma.com\/en\/wp-json\/wp\/v2\/types\/page"}],"author":[{"embeddable":true,"href":"https:\/\/miradordemorayma.com\/en\/wp-json\/wp\/v2\/users\/1"}],"replies":[{"embeddable":true,"href":"https:\/\/miradordemorayma.com\/en\/wp-json\/wp\/v2\/comments?post=1187"}],"version-history":[{"count":2,"href":"https:\/\/miradordemorayma.com\/en\/wp-json\/wp\/v2\/pages\/1187\/revisions"}],"predecessor-version":[{"id":1191,"href":"https:\/\/miradordemorayma.com\/en\/wp-json\/wp\/v2\/pages\/1187\/revisions\/1191"}],"wp:attachment":[{"href":"https:\/\/miradordemorayma.com\/en\/wp-json\/wp\/v2\/media?parent=1187"}],"curies":[{"name":"wp","href":"https:\/\/api.w.org\/{rel}","templated":true}]}}